{"id":481,"date":"2018-01-25T14:53:03","date_gmt":"2018-01-25T19:53:03","guid":{"rendered":"https:\/\/idpc.gov.co\/publicaciones\/?post_type=product&#038;p=481"},"modified":"2024-04-30T22:38:02","modified_gmt":"2024-05-01T03:38:02","slug":"guia-del-cementerio-central-elipse-central","status":"publish","type":"product","link":"https:\/\/idpc.gov.co\/publicaciones\/producto\/guia-del-cementerio-central-elipse-central\/","title":{"rendered":"Gu\u00eda del Cementerio Central: elipse central"},"content":{"rendered":"<h3><span style=\"color: #993300;\">*Esta publicaci\u00f3n se encuentra agotada. Sin embargo puede consultarla en el CENDOC, Centro de Documentaci\u00f3n del IDPC: Calle 12B # 2-96 de<br \/>\n8:00 a.m. a 12:00 p.m.<\/span><\/h3>\n","protected":false},"excerpt":{"rendered":"<p><span class=\"subtitulo\">Una publicaci\u00f3n que describe el trabajo adelantado a principios del presente siglo por la Corporaci\u00f3n La Candelaria \u2013acatando la formulaci\u00f3n del primer Plan de Protecci\u00f3n del pa\u00eds, dispuesto por la Ley 397 de 1997\u2013, tanto de las obras civiles que la entidad adelant\u00f3 en la Elipse Central del Cementerio Central de Bogot\u00e1, como de la investigaci\u00f3n y el inventario que hizo sobre los mausoleos y los personajes que yacen en este neur\u00e1lgico punto del reconocido sitio f\u00fanebre capitalino,<\/span> que hacia el 2000 se encontraba abandonado y en grave deterioro, situaci\u00f3n que motiv\u00f3 su intervenci\u00f3n con el fin de salvaguardar su inobjetable riqueza arquitect\u00f3nica e hist\u00f3rica.<\/p>\n<p><strong>Autor:<\/strong> Corporaci\u00f3n La Candelaria (hoy Instituto Distrital de Patrimonio Cultural).<br \/>\n<b>A\u00f1o:<\/b> 2003<\/p>\n","protected":false},"featured_media":710,"comment_status":"open","ping_status":"closed","template":"","meta":{"_acf_changed":false},"product_brand":[],"product_cat":[102],"product_tag":[],"class_list":{"0":"post-481","1":"product","2":"type-product","3":"status-publish","4":"has-post-thumbnail","6":"product_cat-exploraciones_y_recorridos","8":"first","9":"instock","10":"shipping-taxable","11":"product-type-simple"},"acf":[],"_links":{"self":[{"href":"https:\/\/idpc.gov.co\/publicaciones\/wp-json\/wp\/v2\/product\/481","targetHints":{"allow":["GET"]}}],"collection":[{"href":"https:\/\/idpc.gov.co\/publicaciones\/wp-json\/wp\/v2\/product"}],"about":[{"href":"https:\/\/idpc.gov.co\/publicaciones\/wp-json\/wp\/v2\/types\/product"}],"replies":[{"embeddable":true,"href":"https:\/\/idpc.gov.co\/publicaciones\/wp-json\/wp\/v2\/comments?post=481"}],"wp:featuredmedia":[{"embeddable":true,"href":"https:\/\/idpc.gov.co\/publicaciones\/wp-json\/wp\/v2\/media\/710"}],"wp:attachment":[{"href":"https:\/\/idpc.gov.co\/publicaciones\/wp-json\/wp\/v2\/media?parent=481"}],"wp:term":[{"taxonomy":"product_brand","embeddable":true,"href":"https:\/\/idpc.gov.co\/publicaciones\/wp-json\/wp\/v2\/product_brand?post=481"},{"taxonomy":"product_cat","embeddable":true,"href":"https:\/\/idpc.gov.co\/publicaciones\/wp-json\/wp\/v2\/product_cat?post=481"},{"taxonomy":"product_tag","embeddable":true,"href":"https:\/\/idpc.gov.co\/publicaciones\/wp-json\/wp\/v2\/product_tag?post=481"}],"curies":[{"name":"wp","href":"https:\/\/api.w.org\/{rel}","templated":true}]}}