{"id":479,"date":"2018-02-06T14:46:29","date_gmt":"2018-02-06T19:46:29","guid":{"rendered":"https:\/\/idpc.gov.co\/publicaciones\/?post_type=product&#038;p=479"},"modified":"2024-04-30T22:39:34","modified_gmt":"2024-05-01T03:39:34","slug":"saul-orduz-fotografo-de-ciudad","status":"publish","type":"product","link":"https:\/\/idpc.gov.co\/publicaciones\/producto\/saul-orduz-fotografo-de-ciudad\/","title":{"rendered":"Sa\u00fal Orduz: Fot\u00f3grafo de ciudad"},"content":{"rendered":"","protected":false},"excerpt":{"rendered":"<p>Esta publicaci\u00f3n, realizada por el Instituto Distrital de Cultura y Turismo a trav\u00e9s del Museo de Desarrollo Urbano (hoy Museo de Bogot\u00e1) es fruto de la tarea de construir un banco de im\u00e1genes relacionado con la memoria urbana de Bogot\u00e1 y se public\u00f3 como cat\u00e1logo de la exposici\u00f3n desarrollada en\u00a0 2001 por estas dos entidades, sobre Sa\u00fal Orduz.<\/p>\n<p>De gran importancia para este banco fue el fondo de este fot\u00f3grafo, quien se destaca por la calidad de las fotograf\u00edas, las fotos a\u00e9reas de uno de los momentos de mayor transformaci\u00f3n de Bogot\u00e1, as\u00ed como por la conformaci\u00f3n de nuevos barrios, v\u00edas, f\u00e1bricas, grandes infraestructuras, calles y viviendas en la capital.<\/p>\n<p><strong>Autor:\u00a0<\/strong> Museo de Desarrollo Urbano.\u00a0Instituto Distrital de Cultura y Turismo<br \/>\n<strong>A\u00f1o:<\/strong> 2001<\/p>\n","protected":false},"featured_media":703,"comment_status":"open","ping_status":"closed","template":"","meta":{"_acf_changed":false},"product_brand":[],"product_cat":[105,91],"product_tag":[],"class_list":{"0":"post-479","1":"product","2":"type-product","3":"status-publish","4":"has-post-thumbnail","6":"product_cat-memorias_museo","7":"product_cat-nombres_propios","9":"first","10":"instock","11":"shipping-taxable","12":"purchasable","13":"product-type-simple"},"acf":[],"_links":{"self":[{"href":"https:\/\/idpc.gov.co\/publicaciones\/wp-json\/wp\/v2\/product\/479","targetHints":{"allow":["GET"]}}],"collection":[{"href":"https:\/\/idpc.gov.co\/publicaciones\/wp-json\/wp\/v2\/product"}],"about":[{"href":"https:\/\/idpc.gov.co\/publicaciones\/wp-json\/wp\/v2\/types\/product"}],"replies":[{"embeddable":true,"href":"https:\/\/idpc.gov.co\/publicaciones\/wp-json\/wp\/v2\/comments?post=479"}],"wp:featuredmedia":[{"embeddable":true,"href":"https:\/\/idpc.gov.co\/publicaciones\/wp-json\/wp\/v2\/media\/703"}],"wp:attachment":[{"href":"https:\/\/idpc.gov.co\/publicaciones\/wp-json\/wp\/v2\/media?parent=479"}],"wp:term":[{"taxonomy":"product_brand","embeddable":true,"href":"https:\/\/idpc.gov.co\/publicaciones\/wp-json\/wp\/v2\/product_brand?post=479"},{"taxonomy":"product_cat","embeddable":true,"href":"https:\/\/idpc.gov.co\/publicaciones\/wp-json\/wp\/v2\/product_cat?post=479"},{"taxonomy":"product_tag","embeddable":true,"href":"https:\/\/idpc.gov.co\/publicaciones\/wp-json\/wp\/v2\/product_tag?post=479"}],"curies":[{"name":"wp","href":"https:\/\/api.w.org\/{rel}","templated":true}]}}