{"id":471,"date":"2018-02-09T14:13:26","date_gmt":"2018-02-09T19:13:26","guid":{"rendered":"https:\/\/idpc.gov.co\/publicaciones\/?post_type=product&#038;p=471"},"modified":"2024-04-30T22:32:46","modified_gmt":"2024-05-01T03:32:46","slug":"bogota-vista-a-traves-del-album-familiar","status":"publish","type":"product","link":"https:\/\/idpc.gov.co\/publicaciones\/producto\/bogota-vista-a-traves-del-album-familiar\/","title":{"rendered":"Bogot\u00e1 vista a trav\u00e9s del \u00c1lbum Familiar"},"content":{"rendered":"<div style=\"position: relative; padding-top: max(60%,326px); height: 0; width: 100%;\"><iframe style=\"position: absolute; border: none; width: 100%; height: 100%; left: 0; right: 0; top: 0; bottom: 0;\" src=\"https:\/\/e.issuu.com\/embed.html?d=album_familiar_baja&amp;u=patrimoniobogota\" sandbox=\"allow-top-navigation allow-top-navigation-by-user-activation allow-downloads allow-scripts allow-same-origin allow-popups allow-modals allow-popups-to-escape-sandbox\" allowfullscreen=\"allowfullscreen\"><\/iframe><\/div>\n","protected":false},"excerpt":{"rendered":"<p>\u00c1lbum Familiar naci\u00f3 en 2006 mediante la labor conjunta del Museo de Bogot\u00e1 y el Archivo de Bogot\u00e1, con el objetivo de crear el \u00e1lbum familiar m\u00e1s grande de la ciudad.\u00a0 Esta publicaci\u00f3n, da cuenta de la primera etapa de recolecci\u00f3n de im\u00e1genes aportadas por algunos de los habitantes de la capital provenientes de sus propios \u00e1lbumes.<\/p>\n<p>\u00c1lbum Familiar evidencia la cotidianidad bogotana captada por el lente de aficionados en el registro de la historia de sus familias, fot\u00f3grafos de calle y fot\u00f3grafos de taller, desde inicios del siglo XX hasta nuestros d\u00edas.<\/p>\n<p>Las im\u00e1genes de \u00c1lbum Familiar nos permiten reconocer una Bogot\u00e1 en distintas \u00e9pocas: calles, cuadras, edificaciones antiguas, barrios y estructuras modificadas o desaparecidas.\u00a0 Pero tambi\u00e9n, nos habla de las formas de celebrar, de darle sentido a algunas zonas de la ciudad, de registrar determinados eventos, o de vestirnos y de posar de cierta manera frente a la c\u00e1mara.\u00a0 En definitiva, \u00c1lbum Familiar da cuenta de las formas en que vivimos esta ciudad, a trav\u00e9s de un ejercicio de memoria que se entrelaza con los espacios de Bogot\u00e1 y su patrimonio cultural.<\/p>\n<p><strong>Autor:<\/strong> Instituto Distrital de Patrimonio Cultural<br \/>\n<strong>A\u00f1o:<\/strong> 2006<\/p>\n","protected":false},"featured_media":573,"comment_status":"open","ping_status":"closed","template":"","meta":{"_acf_changed":false},"product_brand":[],"product_cat":[104,105],"product_tag":[],"class_list":{"0":"post-471","1":"product","2":"type-product","3":"status-publish","4":"has-post-thumbnail","6":"product_cat-expresiones_y_agencias","7":"product_cat-memorias_museo","9":"first","10":"instock","11":"shipping-taxable","12":"purchasable","13":"product-type-simple"},"acf":[],"_links":{"self":[{"href":"https:\/\/idpc.gov.co\/publicaciones\/wp-json\/wp\/v2\/product\/471","targetHints":{"allow":["GET"]}}],"collection":[{"href":"https:\/\/idpc.gov.co\/publicaciones\/wp-json\/wp\/v2\/product"}],"about":[{"href":"https:\/\/idpc.gov.co\/publicaciones\/wp-json\/wp\/v2\/types\/product"}],"replies":[{"embeddable":true,"href":"https:\/\/idpc.gov.co\/publicaciones\/wp-json\/wp\/v2\/comments?post=471"}],"wp:featuredmedia":[{"embeddable":true,"href":"https:\/\/idpc.gov.co\/publicaciones\/wp-json\/wp\/v2\/media\/573"}],"wp:attachment":[{"href":"https:\/\/idpc.gov.co\/publicaciones\/wp-json\/wp\/v2\/media?parent=471"}],"wp:term":[{"taxonomy":"product_brand","embeddable":true,"href":"https:\/\/idpc.gov.co\/publicaciones\/wp-json\/wp\/v2\/product_brand?post=471"},{"taxonomy":"product_cat","embeddable":true,"href":"https:\/\/idpc.gov.co\/publicaciones\/wp-json\/wp\/v2\/product_cat?post=471"},{"taxonomy":"product_tag","embeddable":true,"href":"https:\/\/idpc.gov.co\/publicaciones\/wp-json\/wp\/v2\/product_tag?post=471"}],"curies":[{"name":"wp","href":"https:\/\/api.w.org\/{rel}","templated":true}]}}