{"id":467,"date":"2018-04-16T13:44:41","date_gmt":"2018-04-16T18:44:41","guid":{"rendered":"https:\/\/idpc.gov.co\/publicaciones\/?post_type=product&#038;p=467"},"modified":"2024-04-30T22:39:33","modified_gmt":"2024-05-01T03:39:33","slug":"paul-beer","status":"publish","type":"product","link":"https:\/\/idpc.gov.co\/publicaciones\/producto\/paul-beer\/","title":{"rendered":"Paul Beer"},"content":{"rendered":"","protected":false},"excerpt":{"rendered":"<p>Paul Beer lleg\u00f3 a Colombia en 1904 escapando de la crisis econ\u00f3mica que por aquellos tiempos aquejaba a Alemania. \u00a0Fue un profesional en el arte de captar im\u00e1genes de gran categor\u00eda est\u00e9tica y de trascendencia hist\u00f3rica.<\/p>\n<p>En el libro, el Instituto Distrital de Patrimonio Cultural recopila una serie de registros fotogr\u00e1ficos que hacen parte del legado del germano en menci\u00f3n, quien falleci\u00f3 en Bogot\u00e1 en 1979. Un conjunto de im\u00e1genes que var\u00edan en su naturaleza, pues el primer grupo est\u00e1 constituido por in\u00e9ditas capturas visuales de nativos ind\u00edgenas de los departamentos del Vichada y del Guain\u00eda, para pasar en p\u00e1ginas posteriores a muestras del desarrollo urbano que vivi\u00f3 la capital del pa\u00eds al comenzar la segunda mitad del siglo XX.<\/p>\n<p>La lente de Beer parec\u00eda tener olfato incorporado para estar en el lugar preciso en el momento justo. No de otra manera se podr\u00eda explicar el oportunismo del fot\u00f3grafo para captar la historia, como la que contienen los inmensos hoyos que servir\u00edan de base para las estructuras que permitieron que el edificio Avianca se proyectara hacia los cielos capitalinos. O como la de un, en ese entones, incipiente aeropuerto El Dorado, all\u00e1 por la d\u00e9cada de los 50, que despierta la nostalgia de los testigos directos y la admiraci\u00f3n de las nuevas generaciones.<\/p>\n<p>Fuera por contrato, encargo o por inter\u00e9s personal, el trabajo de Beer goza de propiedades visuales que envidiar\u00eda cualquier profesional de las c\u00e1maras, adem\u00e1s de ser una indudable fuente de documentaci\u00f3n gr\u00e1fica para arquitectos, historiadores y hasta antrop\u00f3logos. Este texto es un merecido homenaje a un extranjero que Bogot\u00e1 siente como propio.<\/p>\n<p><strong>Autor: <\/strong>La Silueta.<br \/>\n<strong>A\u00f1o:<\/strong> 2009.<\/p>\n","protected":false},"featured_media":656,"comment_status":"open","ping_status":"closed","template":"","meta":{"_acf_changed":false},"product_brand":[],"product_cat":[91],"product_tag":[],"class_list":{"0":"post-467","1":"product","2":"type-product","3":"status-publish","4":"has-post-thumbnail","6":"product_cat-nombres_propios","8":"first","9":"instock","10":"shipping-taxable","11":"purchasable","12":"product-type-simple"},"acf":[],"_links":{"self":[{"href":"https:\/\/idpc.gov.co\/publicaciones\/wp-json\/wp\/v2\/product\/467","targetHints":{"allow":["GET"]}}],"collection":[{"href":"https:\/\/idpc.gov.co\/publicaciones\/wp-json\/wp\/v2\/product"}],"about":[{"href":"https:\/\/idpc.gov.co\/publicaciones\/wp-json\/wp\/v2\/types\/product"}],"replies":[{"embeddable":true,"href":"https:\/\/idpc.gov.co\/publicaciones\/wp-json\/wp\/v2\/comments?post=467"}],"wp:featuredmedia":[{"embeddable":true,"href":"https:\/\/idpc.gov.co\/publicaciones\/wp-json\/wp\/v2\/media\/656"}],"wp:attachment":[{"href":"https:\/\/idpc.gov.co\/publicaciones\/wp-json\/wp\/v2\/media?parent=467"}],"wp:term":[{"taxonomy":"product_brand","embeddable":true,"href":"https:\/\/idpc.gov.co\/publicaciones\/wp-json\/wp\/v2\/product_brand?post=467"},{"taxonomy":"product_cat","embeddable":true,"href":"https:\/\/idpc.gov.co\/publicaciones\/wp-json\/wp\/v2\/product_cat?post=467"},{"taxonomy":"product_tag","embeddable":true,"href":"https:\/\/idpc.gov.co\/publicaciones\/wp-json\/wp\/v2\/product_tag?post=467"}],"curies":[{"name":"wp","href":"https:\/\/api.w.org\/{rel}","templated":true}]}}