{"id":458,"date":"2018-03-10T13:20:22","date_gmt":"2018-03-10T18:20:22","guid":{"rendered":"https:\/\/idpc.gov.co\/publicaciones\/?post_type=product&#038;p=458"},"modified":"2024-04-30T22:31:13","modified_gmt":"2024-05-01T03:31:13","slug":"la-serpiente-festiva-17-anos-de-comparsa-bogotana","status":"publish","type":"product","link":"https:\/\/idpc.gov.co\/publicaciones\/producto\/la-serpiente-festiva-17-anos-de-comparsa-bogotana\/","title":{"rendered":"La Serpiente festiva. 17 a\u00f1os de comparsa bogotana"},"content":{"rendered":"<div style=\"position: relative; padding-top: max(60%,326px); height: 0; width: 100%;\"><iframe style=\"position: absolute; border: none; width: 100%; height: 100%; left: 0; right: 0; top: 0; bottom: 0;\" src=\"https:\/\/e.issuu.com\/embed.html?d=la_serpiente_festiva&amp;u=patrimoniobogota\" sandbox=\"allow-top-navigation allow-top-navigation-by-user-activation allow-downloads allow-scripts allow-same-origin allow-popups allow-modals allow-popups-to-escape-sandbox\" allowfullscreen=\"allowfullscreen\"><\/iframe><\/div>\n<p>#008950<\/p>\n","protected":false},"excerpt":{"rendered":"<p>En la memoria de la mayor\u00eda de los habitantes de la ciudad no hay una noci\u00f3n clara de la existencia de un Carnaval capitalino, a\u00fan cuando ya es una constante la existencia del Festival anual de Comparsas en Bogot\u00e1. En \u00e9ste, pueden reconocerse elementos carnavalescos tales como la conformaci\u00f3n de grupos y coreograf\u00edas que al son de una m\u00fasica compuesta especialmente para la ocasi\u00f3n, permiten lucir disfraces que dan cuenta de la organizaci\u00f3n y creatividad de grupos provenientes de diferentes localidades de la capital.<\/p>\n<p>Si bien esta fiesta se celebra anualmente y se ha establecido como una constante, pocos saben que en el pasado y en diferentes \u00e9pocas, la ciudad cont\u00f3 con festividades y carnavales de gran relevancia. Hubo momentos en las que el disfraz, la m\u00e1scara y la s\u00e1tira hicieron parte constitutiva de los festejos, pero tambi\u00e9n hubo otros, en los que se cont\u00f3 con reinas, s\u00e9quito, bailes, competencias, carrozas, comparsas, burros para el transporte, concurso de letan\u00edas, alboradas, verbenas e incluso un personaje propio y simb\u00f3lico que defin\u00eda la muerte y finalizaci\u00f3n de la fiesta: Don Pericles Carnaval. Este personaje era condenado, fusilado simb\u00f3licamente y llorado en el adi\u00f3s del Carnaval estudiantil bogotano durante las d\u00e9cadas de 1920 y 1930.<\/p>\n<p>En ese contexto es en el que surge La Serpiente Festiva, publicaci\u00f3n que propuesta desde el Instituto Distrital de Patrimonio Cultural, retoma la historia del Festival bogotano, sin olvidar al Carnaval estudiantil de inicios del siglo XX en la ciudad, como su antecedente m\u00e1s directo. El t\u00edtulo de este libro no es fortuito: aboga por la puesta en escena que anualmente se realiza en las calles de la ciudad y que a manera de serpiente se mueve r\u00edtmicamente con una cabeza y una cola frente a todo tipo de espectadores que interact\u00faan con las comparsas. A su vez, alude al dif\u00edcil trabajo de recopilar y reconstruir la cabeza y la cola de una historia, a trav\u00e9s de los recovecos de la memoria y los escasos archivos fotogr\u00e1ficos de los primeros desfiles que constituyen este Festival.<\/p>\n<p><strong>Autor:<\/strong> Instituto Distrital de Patrimonio Cultural<br \/>\n<strong>A\u00f1o:<\/strong> 2012<\/p>\n<p><a href=\"https:\/\/drive.google.com\/file\/d\/1hzU5ru0EBJYp2L4tY-kuGM6YlA7oE0-5\/view?usp=sharing\"><img decoding=\"async\" class=\"alignleft wp-image-11737 size-full\" src=\"https:\/\/idpc.gov.co\/publicaciones\/wp-content\/uploads\/2019\/03\/descargar115.png\" alt=\"\" width=\"158\" height=\"49\" \/><\/a><\/p>\n<p><strong>L<\/strong><strong>icencia de Creative Commons: Atribuci\u00f3n\u00a0\u2013 No comercial\u00a0\u2013\u00a0Sin Derivar.\u00a0Esta licencia solo permite la descarga de esta obra para compartirla con otras personas, siempre y cuando se reconozca su autor\u00eda. La obra no se puede modificar de ninguna manera, ni se puede utilizar comercialmente.<\/strong><\/p>\n","protected":false},"featured_media":570,"comment_status":"open","ping_status":"closed","template":"","meta":{"_acf_changed":false},"product_brand":[],"product_cat":[104],"product_tag":[],"class_list":{"0":"post-458","1":"product","2":"type-product","3":"status-publish","4":"has-post-thumbnail","6":"product_cat-expresiones_y_agencias","8":"first","9":"instock","10":"shipping-taxable","11":"product-type-simple"},"acf":[],"_links":{"self":[{"href":"https:\/\/idpc.gov.co\/publicaciones\/wp-json\/wp\/v2\/product\/458","targetHints":{"allow":["GET"]}}],"collection":[{"href":"https:\/\/idpc.gov.co\/publicaciones\/wp-json\/wp\/v2\/product"}],"about":[{"href":"https:\/\/idpc.gov.co\/publicaciones\/wp-json\/wp\/v2\/types\/product"}],"replies":[{"embeddable":true,"href":"https:\/\/idpc.gov.co\/publicaciones\/wp-json\/wp\/v2\/comments?post=458"}],"wp:featuredmedia":[{"embeddable":true,"href":"https:\/\/idpc.gov.co\/publicaciones\/wp-json\/wp\/v2\/media\/570"}],"wp:attachment":[{"href":"https:\/\/idpc.gov.co\/publicaciones\/wp-json\/wp\/v2\/media?parent=458"}],"wp:term":[{"taxonomy":"product_brand","embeddable":true,"href":"https:\/\/idpc.gov.co\/publicaciones\/wp-json\/wp\/v2\/product_brand?post=458"},{"taxonomy":"product_cat","embeddable":true,"href":"https:\/\/idpc.gov.co\/publicaciones\/wp-json\/wp\/v2\/product_cat?post=458"},{"taxonomy":"product_tag","embeddable":true,"href":"https:\/\/idpc.gov.co\/publicaciones\/wp-json\/wp\/v2\/product_tag?post=458"}],"curies":[{"name":"wp","href":"https:\/\/api.w.org\/{rel}","templated":true}]}}