{"id":456,"date":"2018-03-11T13:13:24","date_gmt":"2018-03-11T18:13:24","guid":{"rendered":"https:\/\/idpc.gov.co\/publicaciones\/?post_type=product&#038;p=456"},"modified":"2024-04-30T22:31:22","modified_gmt":"2024-05-01T03:31:22","slug":"miradas-contemporaneas-al-patrimonio-cultural-bogotano","status":"publish","type":"product","link":"https:\/\/idpc.gov.co\/publicaciones\/producto\/miradas-contemporaneas-al-patrimonio-cultural-bogotano\/","title":{"rendered":"Miradas contempor\u00e1neas al patrimonio cultural bogotano"},"content":{"rendered":"<div style=\"position: relative; padding-top: max(60%,326px); height: 0; width: 100%;\"><iframe style=\"position: absolute; border: none; width: 100%; height: 100%; left: 0; right: 0; top: 0; bottom: 0;\" src=\"https:\/\/e.issuu.com\/embed.html?d=jovenes_investigadores&amp;u=patrimoniobogota\" sandbox=\"allow-top-navigation allow-top-navigation-by-user-activation allow-downloads allow-scripts allow-same-origin allow-popups allow-modals allow-popups-to-escape-sandbox\" allowfullscreen=\"allowfullscreen\"><\/iframe><\/div>\n","protected":false},"excerpt":{"rendered":"<p>En miras a generar nuevo conocimiento, las becas de investigaci\u00f3n que ha otorgado el IDPC desde hace varios a\u00f1os, han buscado convocar propuestas novedosas que generen reflexi\u00f3n y apertura en t\u00e9rminos de las identificaciones que puedan surgir respecto a \u00e9ste.\u00a0Desde esa perspectiva, la presente publicaci\u00f3n re\u00fane los resultados de tres investigaciones ganadoras de las becas de investigaci\u00f3n 2010, en donde un grupo de j\u00f3venes investigadores proponen miradas contempor\u00e1neas al patrimonio cultural bogotano.<\/p>\n<p>La publicaci\u00f3n contiene tres art\u00edculos: \u201cConstruyendo patrimonio gastron\u00f3mico a partir de pr\u00e1cticas populares en el cerro de Monserrate\u201d, \u00a0\u201cPaisajes de agua en Chapinero\u201d y \u201cF\u00fatbol aficionado en Bogot\u00e1: de las memorias privadas a las memorias colectivas\u201d.<\/p>\n<p>Lo m\u00e1s relevante de esta publicaci\u00f3n es recalcar que el patrimonio cultural no alude simplemente a la representaci\u00f3n de una identidad estable y un\u00edvoca, sino m\u00e1s bien, que existen m\u00faltiples identidades que conviven en distintos escenarios, sentidos y v\u00ednculos en \u00e1reas y experiencias tan distintas como puede ser la gastronom\u00eda, el agua o el f\u00fatbol barrial en nuestra capital.<\/p>\n<p><strong>Autores:<\/strong> Instituto Distrital de Patrimonio Cultural<br \/>\n<strong>A\u00f1o:<\/strong> 2012<\/p>\n<p><a href=\"https:\/\/drive.google.com\/file\/d\/1kKf7eConEwNa40VaHkbCb-K6Cc8Z-5th\/view?usp=sharing\"><img decoding=\"async\" class=\"alignleft wp-image-11737 size-full\" src=\"https:\/\/idpc.gov.co\/publicaciones\/wp-content\/uploads\/2019\/03\/descargar115.png\" alt=\"\" width=\"158\" height=\"49\" \/><\/a><\/p>\n<p><strong>L<\/strong><strong>icencia de Creative Commons: Atribuci\u00f3n\u00a0\u2013 No comercial\u00a0\u2013\u00a0Sin Derivar.\u00a0Esta licencia solo permite la descarga de esta obra para compartirla con otras personas, siempre y cuando se reconozca su autor\u00eda. La obra no se puede modificar de ninguna manera, ni se puede utilizar comercialmente.<\/strong><\/p>\n","protected":false},"featured_media":457,"comment_status":"open","ping_status":"closed","template":"","meta":{"_acf_changed":false},"product_brand":[],"product_cat":[104],"product_tag":[],"class_list":{"0":"post-456","1":"product","2":"type-product","3":"status-publish","4":"has-post-thumbnail","6":"product_cat-expresiones_y_agencias","8":"first","9":"instock","10":"shipping-taxable","11":"purchasable","12":"product-type-simple"},"acf":[],"_links":{"self":[{"href":"https:\/\/idpc.gov.co\/publicaciones\/wp-json\/wp\/v2\/product\/456","targetHints":{"allow":["GET"]}}],"collection":[{"href":"https:\/\/idpc.gov.co\/publicaciones\/wp-json\/wp\/v2\/product"}],"about":[{"href":"https:\/\/idpc.gov.co\/publicaciones\/wp-json\/wp\/v2\/types\/product"}],"replies":[{"embeddable":true,"href":"https:\/\/idpc.gov.co\/publicaciones\/wp-json\/wp\/v2\/comments?post=456"}],"wp:featuredmedia":[{"embeddable":true,"href":"https:\/\/idpc.gov.co\/publicaciones\/wp-json\/wp\/v2\/media\/457"}],"wp:attachment":[{"href":"https:\/\/idpc.gov.co\/publicaciones\/wp-json\/wp\/v2\/media?parent=456"}],"wp:term":[{"taxonomy":"product_brand","embeddable":true,"href":"https:\/\/idpc.gov.co\/publicaciones\/wp-json\/wp\/v2\/product_brand?post=456"},{"taxonomy":"product_cat","embeddable":true,"href":"https:\/\/idpc.gov.co\/publicaciones\/wp-json\/wp\/v2\/product_cat?post=456"},{"taxonomy":"product_tag","embeddable":true,"href":"https:\/\/idpc.gov.co\/publicaciones\/wp-json\/wp\/v2\/product_tag?post=456"}],"curies":[{"name":"wp","href":"https:\/\/api.w.org\/{rel}","templated":true}]}}