{"id":454,"date":"2018-03-12T11:06:29","date_gmt":"2018-03-12T16:06:29","guid":{"rendered":"https:\/\/idpc.gov.co\/publicaciones\/?post_type=product&#038;p=454"},"modified":"2024-04-30T22:31:18","modified_gmt":"2024-05-01T03:31:18","slug":"bogota-filmica-ensayos-sobre-cine-y-patrimonio","status":"publish","type":"product","link":"https:\/\/idpc.gov.co\/publicaciones\/producto\/bogota-filmica-ensayos-sobre-cine-y-patrimonio\/","title":{"rendered":"Bogot\u00e1 f\u00edlmica. Ensayos sobre cine y patrimonio"},"content":{"rendered":"<div style=\"position: relative; padding-top: max(60%,326px); height: 0; width: 100%;\"><iframe style=\"position: absolute; border: none; width: 100%; height: 100%; left: 0; right: 0; top: 0; bottom: 0;\" src=\"https:\/\/e.issuu.com\/embed.html?d=bogota_filmica&amp;u=patrimoniobogota\" sandbox=\"allow-top-navigation allow-top-navigation-by-user-activation allow-downloads allow-scripts allow-same-origin allow-popups allow-modals allow-popups-to-escape-sandbox\" allowfullscreen=\"allowfullscreen\"><\/iframe><\/div>\n","protected":false},"excerpt":{"rendered":"<p>Las relaciones que se tejen entre el cine y el patrimonio cultural en esta ciudad son constitutivas de las pr\u00e1cticas de memoria; pero tambi\u00e9n de la cotidianidad, de la creaci\u00f3n y de la historia: las im\u00e1genes en movimiento y sus narrativas, al ser puestas en contexto en un territorio espec\u00edfico como Bogot\u00e1, reactivan procesos de identificaci\u00f3n, reconocimiento y apropiaci\u00f3n.<\/p>\n<p>Siguiendo esta l\u00ednea, la presente publicaci\u00f3n se constituye en el resultado del importante trabajo realizado desde dos entidades adscritas a la Secretar\u00eda de Cultura, Recreaci\u00f3n y Deporte de la Alcald\u00eda Mayor de Bogot\u00e1: el Instituto Distrital de las Artes (IDARTES) y el Instituto Distrital de Patrimonio Cultural (IDPC). En 2011, a trav\u00e9s de la convocatoria de est\u00edmulos titulada <em>\u201cBogot\u00e1 F\u00edlmica: el cine y patrimonio cultural de Bogot\u00e1<\/em>, estas dos entidades premiaron la realizaci\u00f3n de seis ensayos cr\u00edticos que hoy hacen parte de esta publicaci\u00f3n y que abarcan tem\u00e1ticas referidas a la relaci\u00f3n de la historia y la memoria; el espacio, el urbanismo y la arquitectura; los imaginarios del cine en la ciudad; las salas, los cineclubes y la cr\u00edtica.\u00a0 Los ensayos, seg\u00fan el caso, tomaron en consideraci\u00f3n las producciones realizadas en Bogot\u00e1 en formato cinematogr\u00e1fico (8, 9 y \u00bd, 16 y 35 mm) de corto y largometraje que cubrieran el periodo 1915-2011.<\/p>\n<p>Adem\u00e1s de estos ensayos, la publicaci\u00f3n incluye otros textos que complementan las tem\u00e1ticas propuestas y cuenta con un anexo digital compuesto por una filmograf\u00eda, hemerograf\u00eda y bibliograf\u00eda sobre cine y Bogot\u00e1 a lo largo del siglo XX que cont\u00f3 con el apoyo de estudiantes de la universidades Javeriana, Jorge Tadeo Lozano y de los Andes en t\u00e9rminos de recolecci\u00f3n y organizaci\u00f3n de la informaci\u00f3n iconogr\u00e1fica y f\u00edlmica.<\/p>\n<p><strong>Autores:<\/strong> Varios. Instituto Distrital de Patrimonio Cultural-IDARTES.<br \/>\n<strong>A\u00f1o:<\/strong> 2012<\/p>\n","protected":false},"featured_media":700,"comment_status":"open","ping_status":"closed","template":"","meta":{"_acf_changed":false},"product_brand":[],"product_cat":[104],"product_tag":[],"class_list":{"0":"post-454","1":"product","2":"type-product","3":"status-publish","4":"has-post-thumbnail","6":"product_cat-expresiones_y_agencias","8":"first","9":"instock","10":"shipping-taxable","11":"purchasable","12":"product-type-simple"},"acf":[],"_links":{"self":[{"href":"https:\/\/idpc.gov.co\/publicaciones\/wp-json\/wp\/v2\/product\/454","targetHints":{"allow":["GET"]}}],"collection":[{"href":"https:\/\/idpc.gov.co\/publicaciones\/wp-json\/wp\/v2\/product"}],"about":[{"href":"https:\/\/idpc.gov.co\/publicaciones\/wp-json\/wp\/v2\/types\/product"}],"replies":[{"embeddable":true,"href":"https:\/\/idpc.gov.co\/publicaciones\/wp-json\/wp\/v2\/comments?post=454"}],"wp:featuredmedia":[{"embeddable":true,"href":"https:\/\/idpc.gov.co\/publicaciones\/wp-json\/wp\/v2\/media\/700"}],"wp:attachment":[{"href":"https:\/\/idpc.gov.co\/publicaciones\/wp-json\/wp\/v2\/media?parent=454"}],"wp:term":[{"taxonomy":"product_brand","embeddable":true,"href":"https:\/\/idpc.gov.co\/publicaciones\/wp-json\/wp\/v2\/product_brand?post=454"},{"taxonomy":"product_cat","embeddable":true,"href":"https:\/\/idpc.gov.co\/publicaciones\/wp-json\/wp\/v2\/product_cat?post=454"},{"taxonomy":"product_tag","embeddable":true,"href":"https:\/\/idpc.gov.co\/publicaciones\/wp-json\/wp\/v2\/product_tag?post=454"}],"curies":[{"name":"wp","href":"https:\/\/api.w.org\/{rel}","templated":true}]}}