{"id":452,"date":"2018-03-13T12:57:33","date_gmt":"2018-03-13T17:57:33","guid":{"rendered":"https:\/\/idpc.gov.co\/publicaciones\/?post_type=product&#038;p=452"},"modified":"2024-04-30T22:31:25","modified_gmt":"2024-05-01T03:31:25","slug":"fuera-zapato-viejo-cronicas-retratos-y-entrevistas-sobre-la-salsa-en-bogota","status":"publish","type":"product","link":"https:\/\/idpc.gov.co\/publicaciones\/producto\/fuera-zapato-viejo-cronicas-retratos-y-entrevistas-sobre-la-salsa-en-bogota\/","title":{"rendered":"Fuera Zapato Viejo. Cr\u00f3nicas, retratos y entrevistas sobre la salsa en Bogot\u00e1"},"content":{"rendered":"<h1>PARTE 1<\/h1>\n<p><iframe style=\"border: none; width: 100%; height: 326px;\" src=\"\/\/e.issuu.com\/embed.html?d=fuera_zapato_viejo_web_opt_parte1&amp;u=patrimoniobogota\" allowfullscreen=\"allowfullscreen\"><\/iframe><\/p>\n<h1>PARTE 2<\/h1>\n<p><iframe style=\"border: none; width: 100%; height: 326px;\" src=\"\/\/e.issuu.com\/embed.html?d=fuera_zapato_viejo-parte-2&amp;u=patrimoniobogota\" allowfullscreen=\"allowfullscreen\"><\/iframe><\/p>\n","protected":false},"excerpt":{"rendered":"<p>Fuera zapato viejo! se adentra en los personajes, los lugares que se han convertido en templos de los ritmos afroantillanos y re\u00fane una rica iconograf\u00eda, cuyas im\u00e1genes parecen saltar de los ojos a los o\u00eddos, dando cuenta de la vitalidad social de la Bogot\u00e1, expresada a trav\u00e9s de la salsa.<\/p>\n<p>Este libro, producto del trabajo conjunto de Idartes, el Instituto Distrital de Patrimonio Cultural y el Malpensante, cuenta c\u00f3mo este g\u00e9nero musical tuvo un protagonismo indiscutible en la transformaci\u00f3n de la ciudad. \u00a0Para hacerlo no se vale \u00fanicamente de las palabras sino de un extraordinario acervo de fotograf\u00edas en su mayor parte in\u00e9ditas. La imagen que resulta de all\u00ed, de esas casi 380 fotos, no solo desmiente el estereotipo de metr\u00f3poli triste que arrastra Bogot\u00e1 desde el siglo XX, sino que nos descubre toda suerte de noticias sorpresivas. \u00a0No muchos lectores sabr\u00e1n, por ejemplo, que el grupo Niche naci\u00f3 en Bogot\u00e1 o que grandes hits de la salsa como \u201cCanela\u201d fueron compuestos al calor de la rumba en el tradicional barrio de La Macarena.<\/p>\n<p><strong>Autor: <\/strong>Idartes-IDPC<br \/>\n<strong>A\u00f1o: <\/strong>2014<\/p>\n","protected":false},"featured_media":566,"comment_status":"open","ping_status":"closed","template":"","meta":{"_acf_changed":false},"product_brand":[],"product_cat":[104],"product_tag":[],"class_list":{"0":"post-452","1":"product","2":"type-product","3":"status-publish","4":"has-post-thumbnail","6":"product_cat-expresiones_y_agencias","8":"first","9":"instock","10":"shipping-taxable","11":"product-type-simple"},"acf":[],"_links":{"self":[{"href":"https:\/\/idpc.gov.co\/publicaciones\/wp-json\/wp\/v2\/product\/452","targetHints":{"allow":["GET"]}}],"collection":[{"href":"https:\/\/idpc.gov.co\/publicaciones\/wp-json\/wp\/v2\/product"}],"about":[{"href":"https:\/\/idpc.gov.co\/publicaciones\/wp-json\/wp\/v2\/types\/product"}],"replies":[{"embeddable":true,"href":"https:\/\/idpc.gov.co\/publicaciones\/wp-json\/wp\/v2\/comments?post=452"}],"wp:featuredmedia":[{"embeddable":true,"href":"https:\/\/idpc.gov.co\/publicaciones\/wp-json\/wp\/v2\/media\/566"}],"wp:attachment":[{"href":"https:\/\/idpc.gov.co\/publicaciones\/wp-json\/wp\/v2\/media?parent=452"}],"wp:term":[{"taxonomy":"product_brand","embeddable":true,"href":"https:\/\/idpc.gov.co\/publicaciones\/wp-json\/wp\/v2\/product_brand?post=452"},{"taxonomy":"product_cat","embeddable":true,"href":"https:\/\/idpc.gov.co\/publicaciones\/wp-json\/wp\/v2\/product_cat?post=452"},{"taxonomy":"product_tag","embeddable":true,"href":"https:\/\/idpc.gov.co\/publicaciones\/wp-json\/wp\/v2\/product_tag?post=452"}],"curies":[{"name":"wp","href":"https:\/\/api.w.org\/{rel}","templated":true}]}}