{"id":43811,"date":"2026-04-21T16:59:55","date_gmt":"2026-04-21T21:59:55","guid":{"rendered":"https:\/\/idpc.gov.co\/publicaciones\/?post_type=product&#038;p=43811"},"modified":"2026-04-21T17:07:04","modified_gmt":"2026-04-21T22:07:04","slug":"chapinero-quintas-barrios-y-demoliciones","status":"publish","type":"product","link":"https:\/\/idpc.gov.co\/publicaciones\/producto\/chapinero-quintas-barrios-y-demoliciones\/","title":{"rendered":"Chapinero. Quintas, barrios y demoliciones,\u200b"},"content":{"rendered":"<p>Pr\u00f3ximamente<\/p>\n","protected":false},"excerpt":{"rendered":"<p>Esta publicaci\u00f3n nos invita a remontarnos a finales de siglo XIX cuando Chapinero fue reconocido oficialmente como un sector de la ciudad, hasta las d\u00e9cadas de 1960 y 1970, cuando comenz\u00f3 a experimentar transformaciones radicales que lo reconstruir\u00edan como espacio urbano, social y arquitect\u00f3nico. Se trata de un recorrido por plazas, calles y quintas, as\u00ed como por las demoliciones y permanencias que lo han definido a lo largo de su trayectoria.<\/p>\n<p>Debido a las magn\u00edficas quintas que lo caracterizaron, a finales de siglo XIX se le otorg\u00f3 el apelativo de \u201cVersalles bogotano\u201d. \u00a0Sin embargo, con el paso de los a\u00f1os y para inicios de siglo XX, Chapinero dej\u00f3 de ser simplemente un lugar de veraneo para la \u00e9lite bogotana y se consolid\u00f3 en un espacio residencial; se parcelaron entonces terrenos de las haciendas, surgieron urbanizaciones para la clase trabajadora y obrera y florecieron estilos arquitect\u00f3nicos que reflejaban aspiraciones sociales y est\u00e9ticas. Chapinero ha sido uno de los puntos neur\u00e1lgicos en el desarrollo\u00a0urbano de Bogot\u00e1.<\/p>\n<p>&nbsp;<\/p>\n<p>Para 1960 y 1970, otro tipo de transformaciones cobraron impulso decisivo. Las casonas y quintas comenzaron a desaparecer y el paisaje urbano se modific\u00f3 con la construcci\u00f3n de nuevas edificaciones, de la mano de la presi\u00f3n de la modernidad, del crecimiento poblacional y de las nuevas necesidades de vivienda y de servicios.<\/p>\n<p>Este libro examina ese momento de cambio, y relata qu\u00e9 se mantuvo y qu\u00e9 se demoli\u00f3; c\u00f3mo convivieron los estilos, los usos y las identidades. A trav\u00e9s de una selecci\u00f3n de aerofotograf\u00edas se puede observar una visi\u00f3n panor\u00e1mica de Chapinero desde el aire, que permite seguir con precisi\u00f3n los cambios de su traza urbana, la expansi\u00f3n de barrios y la sustituci\u00f3n de edificaciones. Comparadas en el tiempo, estas im\u00e1genes se convierten en testigos excepcionales del cambio.<\/p>\n<p>Esta publicaci\u00f3n contiene cap\u00edtulos dedicados a esas calles, casas y haciendas que hicieron historia en Chapinero; un breve repaso por los or\u00edgenes del caser\u00edo, la tradici\u00f3n de su nombre y el papel de la iglesia de Lourdes como n\u00facleo fundacional. En 2025, cuando la iglesia cumpli\u00f3 150 a\u00f1os y Chapinero celebr\u00f3 140 a\u00f1os de creaci\u00f3n, esta obra se convierte en un homenaje necesario a un sector que encierra buena parte de la historia urbana y cultural de Bogot\u00e1.<\/p>\n<p><strong>Autores<\/strong>: Luis Daniel Vega, Umberto P\u00e9rez<br \/>\n<strong>A\u00f1o<\/strong>: 2026<\/p>\n","protected":false},"featured_media":43812,"comment_status":"closed","ping_status":"closed","template":"","meta":{"_acf_changed":false},"product_brand":[],"product_cat":[101],"product_tag":[],"class_list":{"0":"post-43811","1":"product","2":"type-product","3":"status-publish","4":"has-post-thumbnail","6":"product_cat-lugares_y_tiempos","8":"first","9":"instock","10":"shipping-taxable","11":"product-type-simple"},"acf":[],"_links":{"self":[{"href":"https:\/\/idpc.gov.co\/publicaciones\/wp-json\/wp\/v2\/product\/43811","targetHints":{"allow":["GET"]}}],"collection":[{"href":"https:\/\/idpc.gov.co\/publicaciones\/wp-json\/wp\/v2\/product"}],"about":[{"href":"https:\/\/idpc.gov.co\/publicaciones\/wp-json\/wp\/v2\/types\/product"}],"replies":[{"embeddable":true,"href":"https:\/\/idpc.gov.co\/publicaciones\/wp-json\/wp\/v2\/comments?post=43811"}],"wp:featuredmedia":[{"embeddable":true,"href":"https:\/\/idpc.gov.co\/publicaciones\/wp-json\/wp\/v2\/media\/43812"}],"wp:attachment":[{"href":"https:\/\/idpc.gov.co\/publicaciones\/wp-json\/wp\/v2\/media?parent=43811"}],"wp:term":[{"taxonomy":"product_brand","embeddable":true,"href":"https:\/\/idpc.gov.co\/publicaciones\/wp-json\/wp\/v2\/product_brand?post=43811"},{"taxonomy":"product_cat","embeddable":true,"href":"https:\/\/idpc.gov.co\/publicaciones\/wp-json\/wp\/v2\/product_cat?post=43811"},{"taxonomy":"product_tag","embeddable":true,"href":"https:\/\/idpc.gov.co\/publicaciones\/wp-json\/wp\/v2\/product_tag?post=43811"}],"curies":[{"name":"wp","href":"https:\/\/api.w.org\/{rel}","templated":true}]}}