{"id":43800,"date":"2026-02-26T18:19:24","date_gmt":"2026-02-26T23:19:24","guid":{"rendered":"https:\/\/idpc.gov.co\/publicaciones\/?post_type=product&#038;p=43800"},"modified":"2026-02-26T18:29:24","modified_gmt":"2026-02-26T23:29:24","slug":"hermi-friedmann","status":"publish","type":"product","link":"https:\/\/idpc.gov.co\/publicaciones\/producto\/hermi-friedmann\/","title":{"rendered":"Hermi Friedmann"},"content":{"rendered":"<p><iframe style=\"border: none; width: 100%; height: 326px;\" src=\"https:\/\/e.issuu.com\/embed.html?d=hermi_friedmann&amp;u=patrimoniobogota\" allowfullscreen=\"allowfullscreen\"><span data-mce-type=\"bookmark\" style=\"display: inline-block; width: 0px; overflow: hidden; line-height: 0;\" class=\"mce_SELRES_start\">\ufeff<\/span><span data-mce-type=\"bookmark\" style=\"display: inline-block; width: 0px; overflow: hidden; line-height: 0;\" class=\"mce_SELRES_start\">\ufeff<\/span><\/iframe><\/p>\n","protected":false},"excerpt":{"rendered":"<p>En la d\u00e9cada de 1940, en un medio predominantemente masculino, la fot\u00f3grafa austriaca Hermi Friedmann \u2014formada en la Graphische Lehr und Versuchsanstalt de Viena\u2014 fund\u00f3 Foto Hermi en el centro hist\u00f3rico de Bogot\u00e1, posiblemente el primer estudio fotogr\u00e1fico dirigido por una mujer en la ciudad. Este hecho constituye un hito para la historia visual local y permite reconocer la huella de numerosas mujeres cuyos aportes culturales han quedado difuminados en los relatos urbanos.<\/p>\n<p>La publicaci\u00f3n surge no solo por su car\u00e1cter pionero, sino tambi\u00e9n por la ausencia de un libro dedicado exclusivamente a su obra. Muchas de sus fotograf\u00edas circularon sin cr\u00e9dito y apenas recientemente comenz\u00f3 la catalogaci\u00f3n de im\u00e1genes tomadas por ella durante m\u00e1s de tres d\u00e9cadas en el Teatro Col\u00f3n.<\/p>\n<p>Hermi lleg\u00f3 a Colombia en 1938, huyendo de Austria antes de la guerra. Recorri\u00f3 el r\u00edo Magdalena con su c\u00e1mara y conserv\u00f3 parte de su archivo incluso tras el incendio de su estudio durante el Bogotazo, fecha en la que capt\u00f3 a una Bogot\u00e1 en llamas. Su trabajo no se limit\u00f3 al retrato de artistas e intelectuales: tambi\u00e9n fotografi\u00f3 comunidades ind\u00edgenas, espacios cotidianos y la transformaci\u00f3n urbana de la capital entre 1938 y 1948, captando la coexistencia tanto de la ciudad moderna y representativa como la de la pobreza y la vida rural.<\/p>\n<p>Las im\u00e1genes de esta publicaci\u00f3n provienen de la digitalizaci\u00f3n de positivos que impiden dar cuenta del potencial original de sus fotograf\u00edas reci\u00e9n reveladas. No obstante esta condici\u00f3n, el valor de las im\u00e1genes positivadas de este t\u00edtulo descansa en que fueron procesadas directamente por Hermi en su estudio, y son el resultado de una selecci\u00f3n propia.<\/p>\n<p>Diversas condiciones \u2014ser mujer, fot\u00f3grafa, exiliada y jud\u00eda\u2014 contribuyeron a su escaso reconocimiento. Esta edici\u00f3n busca restituir su nombre, ampliar los imaginarios sobre Bogot\u00e1 y abrir nuevas lecturas sobre quienes participaron en la construcci\u00f3n cultural de la ciudad.<\/p>\n<p><strong>Autores: <\/strong>Susana Friedmann, Alfredo Bar\u00f3n Leal, Isabel D\u00edaz, Paula Matiz<strong><br \/>\nA\u00f1o:<\/strong> 2025<\/p>\n","protected":false},"featured_media":43801,"comment_status":"closed","ping_status":"closed","template":"","meta":{"_acf_changed":false},"product_brand":[],"product_cat":[91],"product_tag":[],"class_list":{"0":"post-43800","1":"product","2":"type-product","3":"status-publish","4":"has-post-thumbnail","6":"product_cat-nombres_propios","8":"first","9":"instock","10":"shipping-taxable","11":"purchasable","12":"product-type-simple"},"acf":[],"_links":{"self":[{"href":"https:\/\/idpc.gov.co\/publicaciones\/wp-json\/wp\/v2\/product\/43800","targetHints":{"allow":["GET"]}}],"collection":[{"href":"https:\/\/idpc.gov.co\/publicaciones\/wp-json\/wp\/v2\/product"}],"about":[{"href":"https:\/\/idpc.gov.co\/publicaciones\/wp-json\/wp\/v2\/types\/product"}],"replies":[{"embeddable":true,"href":"https:\/\/idpc.gov.co\/publicaciones\/wp-json\/wp\/v2\/comments?post=43800"}],"wp:featuredmedia":[{"embeddable":true,"href":"https:\/\/idpc.gov.co\/publicaciones\/wp-json\/wp\/v2\/media\/43801"}],"wp:attachment":[{"href":"https:\/\/idpc.gov.co\/publicaciones\/wp-json\/wp\/v2\/media?parent=43800"}],"wp:term":[{"taxonomy":"product_brand","embeddable":true,"href":"https:\/\/idpc.gov.co\/publicaciones\/wp-json\/wp\/v2\/product_brand?post=43800"},{"taxonomy":"product_cat","embeddable":true,"href":"https:\/\/idpc.gov.co\/publicaciones\/wp-json\/wp\/v2\/product_cat?post=43800"},{"taxonomy":"product_tag","embeddable":true,"href":"https:\/\/idpc.gov.co\/publicaciones\/wp-json\/wp\/v2\/product_tag?post=43800"}],"curies":[{"name":"wp","href":"https:\/\/api.w.org\/{rel}","templated":true}]}}