{"id":438,"date":"2018-03-05T10:50:32","date_gmt":"2018-03-05T15:50:32","guid":{"rendered":"https:\/\/idpc.gov.co\/publicaciones\/?post_type=product&#038;p=438"},"modified":"2024-04-30T22:26:06","modified_gmt":"2024-05-01T03:26:06","slug":"coleccion-hojas-de-cafe","status":"publish","type":"product","link":"https:\/\/idpc.gov.co\/publicaciones\/producto\/coleccion-hojas-de-cafe\/","title":{"rendered":"Colecci\u00f3n Hojas de Caf\u00e9"},"content":{"rendered":"<p><iframe style=\"border: none; width: 100%; height: 326px;\" src=\"\/\/e.issuu.com\/embed.html?d=gaceta_1__ebook&amp;u=patrimoniobogota\" allowfullscreen=\"allowfullscreen\"><\/iframe><br \/>\n<iframe style=\"border: none; width: 100%; height: 326px;\" src=\"\/\/e.issuu.com\/embed.html?d=gaceta_2__ebook&amp;u=patrimoniobogota\" allowfullscreen=\"allowfullscreen\"><\/iframe><br \/>\n<iframe style=\"border: none; width: 100%; height: 326px;\" src=\"\/\/e.issuu.com\/embed.html?d=gaceta_3_ebook&amp;u=patrimoniobogota\" allowfullscreen=\"allowfullscreen\"><\/iframe><br \/>\n<iframe style=\"border: none; width: 100%; height: 326px;\" src=\"\/\/e.issuu.com\/embed.html?d=gaceta_4_ebook&amp;u=patrimoniobogota\" allowfullscreen=\"allowfullscreen\"><\/iframe><br \/>\n<iframe style=\"border: none; width: 100%; height: 326px;\" src=\"\/\/e.issuu.com\/embed.html?d=gaceta_5_ebook&amp;u=patrimoniobogota\" allowfullscreen=\"allowfullscreen\"><\/iframe><br \/>\n<iframe style=\"border: none; width: 100%; height: 326px;\" src=\"\/\/e.issuu.com\/embed.html?d=gaceta_6_ebook&amp;u=patrimoniobogota\" allowfullscreen=\"allowfullscreen\"><\/iframe><br \/>\n<iframe style=\"border: none; width: 100%; height: 326px;\" src=\"\/\/e.issuu.com\/embed.html?d=gaceta_7_ebook&amp;u=patrimoniobogota\" allowfullscreen=\"allowfullscreen\"><\/iframe><br \/>\n<iframe style=\"border: none; width: 100%; height: 326px;\" src=\"\/\/e.issuu.com\/embed.html?d=gaceta_8_ebook&amp;u=patrimoniobogota\" allowfullscreen=\"allowfullscreen\"><\/iframe><br \/>\n<iframe style=\"border: none; width: 100%; height: 326px;\" src=\"\/\/e.issuu.com\/embed.html?d=gaceta_9_ebook&amp;u=patrimoniobogota\" allowfullscreen=\"allowfullscreen\"><\/iframe><br \/>\n<iframe style=\"border: none; width: 100%; height: 326px;\" src=\"\/\/e.issuu.com\/embed.html?d=gaceta_10_ebook&amp;u=patrimoniobogota\" allowfullscreen=\"allowfullscreen\"><\/iframe><br \/>\n<iframe style=\"border: none; width: 100%; height: 326px;\" src=\"\/\/e.issuu.com\/embed.html?d=gaceta_11_ebook&amp;u=patrimoniobogota\" allowfullscreen=\"allowfullscreen\"><\/iframe><br \/>\n<iframe style=\"border: none; width: 100%; height: 326px;\" src=\"\/\/e.issuu.com\/embed.html?d=gaceta_12_ebook&amp;u=patrimoniobogota\" allowfullscreen=\"allowfullscreen\"><\/iframe><\/p>\n","protected":false},"excerpt":{"rendered":"<p>Hojas de caf\u00e9, es una publicaci\u00f3n seriada del programa\u00a0Bogot\u00e1 en un Caf\u00e9 del Instituto Distrital de Patrimonio Cultural.\u00a0 El programa<strong>, <\/strong>busca la puesta en valor de los Caf\u00e9s del\u00a0Centro Tradicional\u00a0como lugares de encuentro y elementos de revitalizaci\u00f3n de la vida urbana. Entre sus objetivos se encuentra la recuperaci\u00f3n y difusi\u00f3n de la memoria asociada a los\u00a0Caf\u00e9s, la integraci\u00f3n de estos con sus territorios y con los significados culturales y art\u00edsticos relacionados con el centro de la ciudad, la valoraci\u00f3n y el reconocimiento del patrimonio cultural de estos lugares, y la conformaci\u00f3n de la Red de los Caf\u00e9s del Centro Tradicional.<\/p>\n<p>Las diferentes ediciones de Hojas de Caf\u00e9 abordan estos lugares como referentes dentro del centro de la ciudad, destacando aspectos como los inmuebles con valores patrimoniales en donde algunos de estos funcionan, as\u00ed como las pr\u00e1cticas que se dan en su interior en donde se identifican personajes, historias, objetos que los caracterizan y las variadas tradiciones gastron\u00f3micas y de servicios.<\/p>\n<p><strong>Autores:<\/strong>\u00a0Varios-Instituto Distrital de Patrimonio Cultural<br \/>\n<strong>A\u00f1o:<\/strong> 2015<\/p>\n<p>&nbsp;<\/p>\n<p><a href=\"https:\/\/idpc.gov.co\/publicaciones\/descargas\/cafetodos.pdf\"><img decoding=\"async\" class=\"alignleft wp-image-11737 size-full\" src=\"https:\/\/idpc.gov.co\/publicaciones\/wp-content\/uploads\/2019\/03\/descargar115.png\" alt=\"\" width=\"158\" height=\"49\" \/><\/a><\/p>\n<p><strong>L<\/strong><strong>icencia de Creative Commons: Atribuci\u00f3n\u00a0\u2013 No comercial\u00a0\u2013\u00a0Sin Derivar.\u00a0Esta licencia solo permite la descarga de esta obra para compartirla con otras personas, siempre y cuando se reconozca su autor\u00eda. La obra no se puede modificar de ninguna manera, ni se puede utilizar comercialmente.<\/strong><\/p>\n","protected":false},"featured_media":699,"comment_status":"open","ping_status":"closed","template":"","meta":{"_acf_changed":false},"product_brand":[],"product_cat":[101],"product_tag":[],"class_list":{"0":"post-438","1":"product","2":"type-product","3":"status-publish","4":"has-post-thumbnail","6":"product_cat-lugares_y_tiempos","8":"first","9":"instock","10":"shipping-taxable","11":"purchasable","12":"product-type-simple"},"acf":[],"_links":{"self":[{"href":"https:\/\/idpc.gov.co\/publicaciones\/wp-json\/wp\/v2\/product\/438","targetHints":{"allow":["GET"]}}],"collection":[{"href":"https:\/\/idpc.gov.co\/publicaciones\/wp-json\/wp\/v2\/product"}],"about":[{"href":"https:\/\/idpc.gov.co\/publicaciones\/wp-json\/wp\/v2\/types\/product"}],"replies":[{"embeddable":true,"href":"https:\/\/idpc.gov.co\/publicaciones\/wp-json\/wp\/v2\/comments?post=438"}],"wp:featuredmedia":[{"embeddable":true,"href":"https:\/\/idpc.gov.co\/publicaciones\/wp-json\/wp\/v2\/media\/699"}],"wp:attachment":[{"href":"https:\/\/idpc.gov.co\/publicaciones\/wp-json\/wp\/v2\/media?parent=438"}],"wp:term":[{"taxonomy":"product_brand","embeddable":true,"href":"https:\/\/idpc.gov.co\/publicaciones\/wp-json\/wp\/v2\/product_brand?post=438"},{"taxonomy":"product_cat","embeddable":true,"href":"https:\/\/idpc.gov.co\/publicaciones\/wp-json\/wp\/v2\/product_cat?post=438"},{"taxonomy":"product_tag","embeddable":true,"href":"https:\/\/idpc.gov.co\/publicaciones\/wp-json\/wp\/v2\/product_tag?post=438"}],"curies":[{"name":"wp","href":"https:\/\/api.w.org\/{rel}","templated":true}]}}