{"id":43798,"date":"2026-02-26T18:13:29","date_gmt":"2026-02-26T23:13:29","guid":{"rendered":"https:\/\/idpc.gov.co\/publicaciones\/?post_type=product&#038;p=43798"},"modified":"2026-02-26T18:13:29","modified_gmt":"2026-02-26T23:13:29","slug":"dibujaton-agenda-2026","status":"publish","type":"product","link":"https:\/\/idpc.gov.co\/publicaciones\/producto\/dibujaton-agenda-2026\/","title":{"rendered":"Dibujat\u00f3n. Bogot\u00e1 ilustrada por sus habitantes. Agenda IDPC 2026"},"content":{"rendered":"<p><iframe style=\"border: none; width: 100%; height: 600px;\" src=\"https:\/\/e.issuu.com\/embed.html?d=agenda-dibujaton-2026&#038;u=patrimoniobogota\" allowfullscreen=\"allowfullscreen\"><span data-mce-type=\"bookmark\" style=\"display: inline-block; width: 0px; overflow: hidden; line-height: 0;\" class=\"mce_SELRES_start\">\ufeff<\/span><span data-mce-type=\"bookmark\" style=\"display: inline-block; width: 0px; overflow: hidden; line-height: 0;\" class=\"mce_SELRES_start\">\ufeff<\/span><span data-mce-type=\"bookmark\" style=\"display: inline-block; width: 0px; overflow: hidden; line-height: 0;\" class=\"mce_SELRES_start\">\ufeff<\/span><\/iframe><\/p>\n","protected":false},"excerpt":{"rendered":"<p>En los \u00faltimos a\u00f1os, la Dibujat\u00f3n ha reunido a personas apasionadas por el dibujo urbano o <em>sketch<\/em>, quienes a trav\u00e9s de sus trazos han hecho visibles la memoria y el sentido de los espacios patrimoniales de la ciudad. La Dibujat\u00f3n es m\u00e1s que un concurso, es un espacio que tiene como prop\u00f3sito que la ciudadan\u00eda exprese sus ideas y emociones; una herramienta para reconocer, reinterpretar y apropiarse del patrimonio cultural de Bogot\u00e1. Fue creada hace ocho a\u00f1os en el marco del Programa Distrital de Est\u00edmulos del Instituto Distrital de Patrimonio Cultural como una estrategia para fortalecer y visibilizar el patrimonio cultural de Bogot\u00e1 mediante la entrega de recursos, becas y premios a trav\u00e9s de convocatorias.<\/p>\n<p>La agenda 2026 presenta los dibujos ganadores (primero, segundo y tercer lugar) de las convocatorias realizadas entre 2017 y 2024. Esta publicaci\u00f3n articula seis ejes que incluyen escenarios urbanos del centro de la ciudad, como la calle 10.\u00aa y las Torres del Parque; memorias de contextos f\u00fanebres de la ciudad que convergen en el Cementerio Central y el antiguo Cementerio de Pobres; los centros fundacionales reflejados en las plazas de Suba y Bosa; paisajes naturales, como la reserva Thomas van der Hammen y Vitelma; parques patrimoniales como el de la Independencia y el del Brasil; y, finalmente, miradas hacia la periferia y el borde sur, donde se ubican el Hospital San Juan de Dios, la hacienda El Carmen de Usme y el Museo de la Ciudad Autoconstruida.<\/p>\n<p><strong>Autores<\/strong>: Alfredo Bar\u00f3n, Ximena Bernal.<br \/>\n<strong>A\u00f1o<\/strong>: 2025<\/p>\n","protected":false},"featured_media":43799,"comment_status":"closed","ping_status":"closed","template":"","meta":{"_acf_changed":false},"product_brand":[],"product_cat":[104],"product_tag":[],"class_list":{"0":"post-43798","1":"product","2":"type-product","3":"status-publish","4":"has-post-thumbnail","6":"product_cat-expresiones_y_agencias","8":"first","9":"instock","10":"shipping-taxable","11":"purchasable","12":"product-type-simple"},"acf":[],"_links":{"self":[{"href":"https:\/\/idpc.gov.co\/publicaciones\/wp-json\/wp\/v2\/product\/43798","targetHints":{"allow":["GET"]}}],"collection":[{"href":"https:\/\/idpc.gov.co\/publicaciones\/wp-json\/wp\/v2\/product"}],"about":[{"href":"https:\/\/idpc.gov.co\/publicaciones\/wp-json\/wp\/v2\/types\/product"}],"replies":[{"embeddable":true,"href":"https:\/\/idpc.gov.co\/publicaciones\/wp-json\/wp\/v2\/comments?post=43798"}],"wp:featuredmedia":[{"embeddable":true,"href":"https:\/\/idpc.gov.co\/publicaciones\/wp-json\/wp\/v2\/media\/43799"}],"wp:attachment":[{"href":"https:\/\/idpc.gov.co\/publicaciones\/wp-json\/wp\/v2\/media?parent=43798"}],"wp:term":[{"taxonomy":"product_brand","embeddable":true,"href":"https:\/\/idpc.gov.co\/publicaciones\/wp-json\/wp\/v2\/product_brand?post=43798"},{"taxonomy":"product_cat","embeddable":true,"href":"https:\/\/idpc.gov.co\/publicaciones\/wp-json\/wp\/v2\/product_cat?post=43798"},{"taxonomy":"product_tag","embeddable":true,"href":"https:\/\/idpc.gov.co\/publicaciones\/wp-json\/wp\/v2\/product_tag?post=43798"}],"curies":[{"name":"wp","href":"https:\/\/api.w.org\/{rel}","templated":true}]}}