{"id":436,"date":"2018-03-25T10:36:43","date_gmt":"2018-03-25T15:36:43","guid":{"rendered":"https:\/\/idpc.gov.co\/publicaciones\/?post_type=product&#038;p=436"},"modified":"2024-04-30T22:38:28","modified_gmt":"2024-05-01T03:38:28","slug":"bogota-un-museo-a-cielo-abierto","status":"publish","type":"product","link":"https:\/\/idpc.gov.co\/publicaciones\/producto\/bogota-un-museo-a-cielo-abierto\/","title":{"rendered":"Bogot\u00e1: un museo a cielo abierto"},"content":{"rendered":"<div style=\"position: relative; padding-top: max(60%,326px); height: 0; width: 100%;\"><iframe style=\"position: absolute; border: none; width: 100%; height: 100%; left: 0; right: 0; top: 0; bottom: 0;\" src=\"https:\/\/e.issuu.com\/embed.html?d=bogota_museo_a_cielo_abierto_completo&amp;u=patrimoniobogota\" sandbox=\"allow-top-navigation allow-top-navigation-by-user-activation allow-downloads allow-scripts allow-same-origin allow-popups allow-modals allow-popups-to-escape-sandbox\" allowfullscreen=\"allowfullscreen\"><\/iframe><\/div>\n","protected":false},"excerpt":{"rendered":"<p><span class=\"subtitulo\">Los fragmentos de arte que vemos todos los d\u00edas en Bogot\u00e1 tienen como objeto traer a la mente el pasado, son la referencia de actos y personajes que han cumplido un papel importante en la historia de la ciudad y del pa\u00eds. Su prop\u00f3sito no s\u00f3lo es embellecer nuestra ciudad y convertirla en una especie de \u201cmuseo a puerta abiertas\u201d, sino que robustecen la memoria.<\/span> Es por esta raz\u00f3n que el Instituto, con el apoyo de la Secretaria de Planeaci\u00f3n Distrital y el Instituto de Desarrollo Urbano, iniciaron el trabajo de elaborar un inventario y valoraci\u00f3n de las esculturas y monumentos conmemorativos que se encuentran en el espacio p\u00fablico de Bogot\u00e1, primera etapa del cual se desprende esta publicaci\u00f3n.<\/p>\n<p>Adem\u00e1s de ser un cat\u00e1logo de las piezas ubicadas hoy en el espacio p\u00fablico, esta gu\u00eda se propuso mostrar, mediante fotograf\u00edas antiguas, las transformaciones que han sufrido las obras y muchos de los parques, plazuelas, avenidas, rincones sembrados de \u00e1rboles y jardines que abundaban en la ciudad, que han pasado a ser espacios que dejan a los monumentos como a los bogotanos, sin abrigo ni sombra. Esta publicaci\u00f3n tambi\u00e9n da cuenta de muchos de los monumentos que estuvieron en el espacio p\u00fablico de Bogot\u00e1 y que han desaparecido sin que se sepa su paradero. Es importante recalcar que est\u00e1 sujeta a cambios en la medida en que se avance en la valoraci\u00f3n de la totalidad de las obras, ya que tambi\u00e9n se est\u00e1n instalando continuamente nuevas obras relacionadas con parques y avenidas, por lo que esta selecci\u00f3n no deja de ser aleatoria y el proceso de inventario inconcluso.<\/p>\n<p><strong>Autor:<\/strong> Instituto Distrital de Patrimonio Cultural<br \/>\n<strong>A\u00f1o:<\/strong> 2008<\/p>\n<p><a href=\"https:\/\/libreriasiglo.com\/selloeditorial\/ipc-instituto-distrital-de-patrimonio-cultural.html\"><img decoding=\"async\" class=\"alignleft wp-image-11899 size-full\" src=\"https:\/\/idpc.gov.co\/publicaciones\/wp-content\/uploads\/2020\/12\/comprar.png\" alt=\"Comprar\" width=\"158\" height=\"49\" \/><\/a><\/p>\n","protected":false},"featured_media":1375,"comment_status":"open","ping_status":"closed","template":"","meta":{"_acf_changed":false},"product_brand":[],"product_cat":[102],"product_tag":[],"class_list":{"0":"post-436","1":"product","2":"type-product","3":"status-publish","4":"has-post-thumbnail","6":"product_cat-exploraciones_y_recorridos","8":"first","9":"instock","10":"shipping-taxable","11":"purchasable","12":"product-type-simple"},"acf":[],"_links":{"self":[{"href":"https:\/\/idpc.gov.co\/publicaciones\/wp-json\/wp\/v2\/product\/436","targetHints":{"allow":["GET"]}}],"collection":[{"href":"https:\/\/idpc.gov.co\/publicaciones\/wp-json\/wp\/v2\/product"}],"about":[{"href":"https:\/\/idpc.gov.co\/publicaciones\/wp-json\/wp\/v2\/types\/product"}],"replies":[{"embeddable":true,"href":"https:\/\/idpc.gov.co\/publicaciones\/wp-json\/wp\/v2\/comments?post=436"}],"wp:featuredmedia":[{"embeddable":true,"href":"https:\/\/idpc.gov.co\/publicaciones\/wp-json\/wp\/v2\/media\/1375"}],"wp:attachment":[{"href":"https:\/\/idpc.gov.co\/publicaciones\/wp-json\/wp\/v2\/media?parent=436"}],"wp:term":[{"taxonomy":"product_brand","embeddable":true,"href":"https:\/\/idpc.gov.co\/publicaciones\/wp-json\/wp\/v2\/product_brand?post=436"},{"taxonomy":"product_cat","embeddable":true,"href":"https:\/\/idpc.gov.co\/publicaciones\/wp-json\/wp\/v2\/product_cat?post=436"},{"taxonomy":"product_tag","embeddable":true,"href":"https:\/\/idpc.gov.co\/publicaciones\/wp-json\/wp\/v2\/product_tag?post=436"}],"curies":[{"name":"wp","href":"https:\/\/api.w.org\/{rel}","templated":true}]}}