{"id":43537,"date":"2025-11-14T18:57:22","date_gmt":"2025-11-14T23:57:22","guid":{"rendered":"https:\/\/idpc.gov.co\/publicaciones\/?post_type=product&#038;p=43537"},"modified":"2026-03-12T15:39:19","modified_gmt":"2026-03-12T20:39:19","slug":"bogotalogo-vida-de-barrio","status":"publish","type":"product","link":"https:\/\/idpc.gov.co\/publicaciones\/producto\/bogotalogo-vida-de-barrio\/","title":{"rendered":"Bogot\u00e1logo. Usos, desusos y abusos del espa\u00f1ol hablado en Bogot\u00e1\/Vida de barrio"},"content":{"rendered":"<div style=\"position: relative; padding-top: max(60%,326px); height: 0; width: 100%;\"><iframe style=\"position: absolute; border: none; width: 100%; height: 100%; left: 0; right: 0; top: 0; bottom: 0;\" src=\"https:\/\/e.issuu.com\/embed.html?d=bogota_logo_vi&amp;u=patrimoniobogota\" sandbox=\"allow-top-navigation allow-top-navigation-by-user-activation allow-downloads allow-scripts allow-same-origin allow-popups allow-modals allow-popups-to-escape-sandbox allow-forms\" allowfullscreen=\"allowfullscreen\"><\/iframe><\/div>\n<p>&nbsp;<\/p>\n<h2><strong>*bogorama<\/strong><\/h2>\n<h3 style=\"position: relative; padding-top: max(60%,326px); height: 0; width: 100%;\"><iframe style=\"position: absolute; border: none; width: 100%; height: 100%; left: 0; right: 0; top: 0; bottom: 0;\" src=\"https:\/\/e.issuu.com\/embed.html?d=bogorama&amp;u=patrimoniobogota\" sandbox=\"allow-top-navigation allow-top-navigation-by-user-activation allow-downloads allow-scripts allow-same-origin allow-popups allow-modals allow-popups-to-escape-sandbox allow-forms\" allowfullscreen=\"allowfullscreen\"><span data-mce-type=\"bookmark\" style=\"display: inline-block; width: 0px; overflow: hidden; line-height: 0;\" class=\"mce_SELRES_start\">\ufeff<\/span><\/iframe><\/h3>\n","protected":false},"excerpt":{"rendered":"<p><span style=\"font-weight: 400;\">Dentro de la amplia producci\u00f3n del Sello Editorial del IDPC, en estos \u00faltimos a\u00f1os el t\u00edtulo m\u00e1s querido y aclamado de forma general por los lectores es el <\/span><b>bogot\u00e1logo<\/b><span style=\"font-weight: 400;\">. No han sido suficientes las distintas reimpresiones de las tres reediciones que ha tenido este libro desde el a\u00f1o 2012 para que \u201clos usos, desusos y abusos del espa\u00f1ol hablado en Bogot\u00e1\u201d sigan creciendo y arraig\u00e1ndose, tanto en las p\u00e1ginas de esta publicaci\u00f3n como en las formas a las que acudimos para comunicamos en la capital a trav\u00e9s del lenguaje.<\/span><\/p>\n<p><span style=\"font-weight: 400;\">Este diccionario fue creado por Andr\u00e9s Ospina a trav\u00e9s de la investigaci\u00f3n, la recopilaci\u00f3n, la escucha y el humor que les imprime a las definiciones de m\u00e1s de 4.000 entradas correspondientes a palabras usadas por distintas generaciones de hablantes en la ciudad. En cada ocasi\u00f3n, las tres ediciones precedentes a esta han sido corregidas, revisadas y aumentadas en n\u00famero de palabras, pero tambi\u00e9n han sido actualizadas a nivel de dise\u00f1o y acompa\u00f1adas de fotograf\u00edas de archivo y de algunas ilustraciones. Para la presente versi\u00f3n, nos propusimos ampliar el n\u00famero de expresiones con aquellas surgidas a lo largo de los \u00faltimos cuatro a\u00f1os desde la tercera edici\u00f3n del libro en 2021. Tambi\u00e9n decidimos detenernos en los barrios: esos territorios que, como zonas de contacto entre lo propio y lo p\u00fablico, fungen como una extensi\u00f3n vincular y vecinal de nuestras casas en el terreno que nos resulta m\u00e1s pr\u00f3ximo en nuestra ciudad.\u00a0<\/span><\/p>\n<p><span style=\"font-weight: 400;\">En una ciudad que est\u00e1 conformada por m\u00e1s de 5.000 unidades barriales, recibimos infinidad de fotos y recuerdos provenientes de todas las localidades. Por esta raz\u00f3n, se incluyeron como entradas del diccionario los nombres de algunos barrios con un fuerte v\u00ednculo hist\u00f3rico, conmemorativo o alusivo a alg\u00fan personaje o suceso, y que nos permiten indagar sobre las toponimias y relatos \u00fanicos, extra\u00f1os o diversos, que caracterizan a los lugares que habitamos en este territorio compartido. En esta ocasi\u00f3n se renov\u00f3 el dise\u00f1o de la publicaci\u00f3n y continuamos con el ejercicio emprendido en otras versiones respecto a conjugar im\u00e1genes y palabras, quiz\u00e1s para sentirnos m\u00e1s identificados en nuestro habitar conjunto en Bogot\u00e1, y recordar que podemos re\u00edrnos de nuestras formas de conectarnos y expresarnos, a pesar de nuestras diferencias.\u00a0<\/span><\/p>\n<p><strong>Autor:<\/strong> Andr\u00e9s Ospina<br \/>\n<strong>A\u00f1o:<\/strong> 2025<\/p>\n<p><strong>Conoce tambi\u00e9n:<\/strong><\/p>\n<ul>\n<li><a href=\"https:\/\/idpc.gov.co\/publicaciones\/producto\/bogotalogo-tomos-i-y-ii\/\"><strong>Bogot\u00e1logo Tomo I y II (2012) \u00bb<\/strong><\/a><\/li>\n<li><a href=\"https:\/\/idpc.gov.co\/publicaciones\/producto\/bogotalogo-ii-usos-desusos-y-abusos-del-espanol-hablado-en-bogota\/\"><strong>Bogot\u00e1logo 2.0 (2016) \u00bb<\/strong><\/a><\/li>\n<li><a href=\"https:\/\/idpc.gov.co\/publicaciones\/producto\/bogotalogo-3\/\"><strong>Bogot\u00e1logo 3.0 (2020) \u00bb<\/strong><\/a><\/li>\n<\/ul>\n","protected":false},"featured_media":43797,"comment_status":"closed","ping_status":"closed","template":"","meta":{"_acf_changed":false},"product_brand":[],"product_cat":[104],"product_tag":[],"class_list":{"0":"post-43537","1":"product","2":"type-product","3":"status-publish","4":"has-post-thumbnail","6":"product_cat-expresiones_y_agencias","8":"first","9":"instock","10":"shipping-taxable","11":"purchasable","12":"product-type-simple"},"acf":[],"_links":{"self":[{"href":"https:\/\/idpc.gov.co\/publicaciones\/wp-json\/wp\/v2\/product\/43537","targetHints":{"allow":["GET"]}}],"collection":[{"href":"https:\/\/idpc.gov.co\/publicaciones\/wp-json\/wp\/v2\/product"}],"about":[{"href":"https:\/\/idpc.gov.co\/publicaciones\/wp-json\/wp\/v2\/types\/product"}],"replies":[{"embeddable":true,"href":"https:\/\/idpc.gov.co\/publicaciones\/wp-json\/wp\/v2\/comments?post=43537"}],"wp:featuredmedia":[{"embeddable":true,"href":"https:\/\/idpc.gov.co\/publicaciones\/wp-json\/wp\/v2\/media\/43797"}],"wp:attachment":[{"href":"https:\/\/idpc.gov.co\/publicaciones\/wp-json\/wp\/v2\/media?parent=43537"}],"wp:term":[{"taxonomy":"product_brand","embeddable":true,"href":"https:\/\/idpc.gov.co\/publicaciones\/wp-json\/wp\/v2\/product_brand?post=43537"},{"taxonomy":"product_cat","embeddable":true,"href":"https:\/\/idpc.gov.co\/publicaciones\/wp-json\/wp\/v2\/product_cat?post=43537"},{"taxonomy":"product_tag","embeddable":true,"href":"https:\/\/idpc.gov.co\/publicaciones\/wp-json\/wp\/v2\/product_tag?post=43537"}],"curies":[{"name":"wp","href":"https:\/\/api.w.org\/{rel}","templated":true}]}}