{"id":43526,"date":"2025-02-28T17:24:16","date_gmt":"2025-02-28T22:24:16","guid":{"rendered":"https:\/\/idpc.gov.co\/publicaciones\/?post_type=product&#038;p=43526"},"modified":"2025-04-15T18:05:42","modified_gmt":"2025-04-15T23:05:42","slug":"almas-benditas-que-moran-en-el-parque","status":"publish","type":"product","link":"https:\/\/idpc.gov.co\/publicaciones\/producto\/almas-benditas-que-moran-en-el-parque\/","title":{"rendered":"Almas Benditas que moran en el parque.  La devoci\u00f3n a las Almas del Purgatorio en las fosas del Cementerio de Matatigres"},"content":{"rendered":"<div style=\"position: relative; padding-top: max(60%,326px); height: 0; width: 100%;\"><iframe style=\"position: absolute; border: none; width: 100%; height: 100%; left: 0; right: 0; top: 0; bottom: 0;\" src=\"https:\/\/e.issuu.com\/embed.html?d=almas-benditas&amp;u=patrimoniobogota\" sandbox=\"allow-top-navigation allow-top-navigation-by-user-activation allow-downloads allow-scripts allow-same-origin allow-popups allow-modals allow-popups-to-escape-sandbox allow-forms\" allowfullscreen=\"allowfullscreen\"><span data-mce-type=\"bookmark\" style=\"display: inline-block; width: 0px; overflow: hidden; line-height: 0;\" class=\"mce_SELRES_start\">\ufeff<\/span><\/iframe><\/div>\n","protected":false},"excerpt":{"rendered":"<p>El Cementerio del Sur, en el barrio Matatigres en Bogot\u00e1, fue inaugurado en 1944. Entre 1958 y 1963, la construcci\u00f3n de la carrera 30 produjo la divisi\u00f3n del lugar en dos sectores, lo que conllev\u00f3 que en la zona sur se ubicaran las b\u00f3vedas y mausoleos otorgados por la municipalidad a sindicatos y sociedades mutuales y a que, en el otro sector, se levantara un muro con puerta \u2014enfrentada a la entrada principal del conjunto funerario\u2014, para recibir en su interior inhumaciones en tierra.<\/p>\n<p>De forma paralela a la separaci\u00f3n del cementerio en dos sectores, comenz\u00f3 la pr\u00e1ctica de un culto devocional a las almas benditas del purgatorio. Cada lunes en la noche, en el and\u00e9n frente a la puerta del sector de las fosas donde descansan las almas sin nombre, personas devotas se congregan para expresar sus peticiones y rendir culto, en medio de un sistema que comprende no solo a los peticionarios, sino tambi\u00e9n las econom\u00edas populares \u2014principalmente vendedoras de velas de distintos colores\u2014 que hacen parte de esta din\u00e1mica desde el siglo pasado. Lo sorprendente y particular de esta pr\u00e1ctica devocional es que, a pesar de que las fosas del cementerio de Matatigres en el sur de la capital fueron clausuradas en el a\u00f1o 2004 para construir un cerramiento en reja y posteriormente un parque de recreaci\u00f3n pasiva que borr\u00f3 cualquier huella de lo que fue este lugar, la pr\u00e1ctica devocional a las almas benditas del purgatorio, que se realiza fervorosamente cada lunes desde hace varias d\u00e9cadas, no desapareci\u00f3.<\/p>\n<p><em>Almas benditas que moran en el parque<\/em> es una publicaci\u00f3n escrita e ilustrada por Santiago Rinc\u00f3n Leuro, que nos transporta a leer la historia de este lugar desde distintas aproximaciones. Los personajes y las distintas generaciones de la familia protagonista de esta narraci\u00f3n tienen como tel\u00f3n de fondo los tiempos convulsos y violentos, as\u00ed como los sucesos pol\u00edticos y sociales que marcaron la Bogot\u00e1 de los a\u00f1os ochenta y noventa del siglo XX. A su vez, esta publicaci\u00f3n se acompa\u00f1a de una banda sonora que puede escucharse mediante enlaces digitales de c\u00f3digos QR a la par que se va realizando la lectura, y que fue organizada a partir de ocho \u201ccasetes\u201d o listados de canciones que dan cuenta del universo de los personajes, pero tambi\u00e9n del contexto social y pol\u00edtico del momento expresado a trav\u00e9s de la m\u00fasica.<\/p>\n<p><strong>Autor<\/strong>: Santiago Rinc\u00f3n Leuro<br \/>\n<strong>A\u00f1o<\/strong>: 2024<\/p>\n","protected":false},"featured_media":43527,"comment_status":"closed","ping_status":"closed","template":"","meta":{"_acf_changed":false},"product_brand":[],"product_cat":[102],"product_tag":[],"class_list":{"0":"post-43526","1":"product","2":"type-product","3":"status-publish","4":"has-post-thumbnail","6":"product_cat-exploraciones_y_recorridos","8":"first","9":"instock","10":"shipping-taxable","11":"purchasable","12":"product-type-simple"},"acf":[],"_links":{"self":[{"href":"https:\/\/idpc.gov.co\/publicaciones\/wp-json\/wp\/v2\/product\/43526","targetHints":{"allow":["GET"]}}],"collection":[{"href":"https:\/\/idpc.gov.co\/publicaciones\/wp-json\/wp\/v2\/product"}],"about":[{"href":"https:\/\/idpc.gov.co\/publicaciones\/wp-json\/wp\/v2\/types\/product"}],"replies":[{"embeddable":true,"href":"https:\/\/idpc.gov.co\/publicaciones\/wp-json\/wp\/v2\/comments?post=43526"}],"wp:featuredmedia":[{"embeddable":true,"href":"https:\/\/idpc.gov.co\/publicaciones\/wp-json\/wp\/v2\/media\/43527"}],"wp:attachment":[{"href":"https:\/\/idpc.gov.co\/publicaciones\/wp-json\/wp\/v2\/media?parent=43526"}],"wp:term":[{"taxonomy":"product_brand","embeddable":true,"href":"https:\/\/idpc.gov.co\/publicaciones\/wp-json\/wp\/v2\/product_brand?post=43526"},{"taxonomy":"product_cat","embeddable":true,"href":"https:\/\/idpc.gov.co\/publicaciones\/wp-json\/wp\/v2\/product_cat?post=43526"},{"taxonomy":"product_tag","embeddable":true,"href":"https:\/\/idpc.gov.co\/publicaciones\/wp-json\/wp\/v2\/product_tag?post=43526"}],"curies":[{"name":"wp","href":"https:\/\/api.w.org\/{rel}","templated":true}]}}