{"id":43524,"date":"2025-02-28T17:15:45","date_gmt":"2025-02-28T22:15:45","guid":{"rendered":"https:\/\/idpc.gov.co\/publicaciones\/?post_type=product&#038;p=43524"},"modified":"2025-03-12T18:39:40","modified_gmt":"2025-03-12T23:39:40","slug":"santa-ines","status":"publish","type":"product","link":"https:\/\/idpc.gov.co\/publicaciones\/producto\/santa-ines\/","title":{"rendered":"Santa In\u00e9s. La persistencia de la memoria en la periferia del centro de Bogot\u00e1. \/ Partitura Urbana"},"content":{"rendered":"<div style=\"position: relative; padding-top: max(60%,326px); height: 0; width: 100%;\"><iframe style=\"position: absolute; border: none; width: 100%; height: 100%; left: 0; right: 0; top: 0; bottom: 0;\" src=\"https:\/\/e.issuu.com\/embed.html?d=santa_in_s._la_persistencia_de_la_memoria_en_la_pe&amp;u=patrimoniobogota\" sandbox=\"allow-top-navigation allow-top-navigation-by-user-activation allow-downloads allow-scripts allow-same-origin allow-popups allow-modals allow-popups-to-escape-sandbox allow-forms\" allowfullscreen=\"allowfullscreen\"><\/iframe><\/div>\n","protected":false},"excerpt":{"rendered":"<p>La ciudad se despliega hist\u00f3ricamente ante nuestros ojos a trav\u00e9s de persistencias y desapariciones. La persistencia de la materia, mediante edificaciones, monumentos y objetos de otros tiempos, es la que quiz\u00e1s, desde el \u00e1mbito de la conservaci\u00f3n del patrimonio cultural y a manera de documento, nos permite m\u00e1s f\u00e1cilmente interpretar el pasado. Existe otro tipo de persistencias, como la de las pr\u00e1cticas culturales que se sostienen, se legan y se heredan de unas generaciones y colectivos a otros. Sin embargo, cuando en la ciudad la materialidad se transforma al punto de la desaparici\u00f3n f\u00edsica y a pesar de esto percibimos algo que se mantiene de forma constante en un lugar, surge la pregunta acerca de qu\u00e9 es lo que persiste finalmente all\u00ed. Sin materia, sin ancla aparente.<\/p>\n<p>En el caso de Santa In\u00e9s, ubicado en la periferia del centro hist\u00f3rico de Bogot\u00e1, que hasta la d\u00e9cada de 1960 fue llamado barrio y que es heredero de un nombre alusivo a una iglesia colonial derrumbada a mediados de siglo XX con el fin de darle paso a la apertura de la carrera 10.\u00aa, lo que persiste es la memoria de lo marginal.<\/p>\n<p>Bajo el ritmo que marcan distintos movimientos propios de la m\u00fasica acad\u00e9mica, Diego Romero S\u00e1nchez, arquitecto y m\u00fasico, nos propone una partitura urbana de Santa In\u00e9s con giros, sobresaltos, ritmos, vocaciones, connotaciones e irrupciones para leer este lugar desde inicios de la fundaci\u00f3n de la ciudad hasta el d\u00eda de hoy. Reflexiones acerca del derrumbamiento, las propuestas de <i>tabula rasa <\/i>desde el urbanismo y la demolici\u00f3n como estrategia de cambio de la percepci\u00f3n de un lugar se enfrentan a una memoria persistente y presente de un sector ligado desde la Colonia a ser vertedero de los r\u00edos contaminados de la ciudad c\u00e9ntrica; a ser reconocido como lugar infecto; a contener el hospital, el matadero, la morgue, la Plaza Central de Mercado, las chicher\u00edas, las pensiones; y, m\u00e1s recientemente, en nuestra historia contempor\u00e1nea, los expendios de droga, varias tiendas de art\u00edculos robados y la figura del Instituto Nacional de Medicina Legal y Ciencias Forenses.<\/p>\n<p><strong>Autor<\/strong>: Diego Romero S\u00e1nchez<br \/>\n<strong>A\u00f1o<\/strong>: 2024<\/p>\n","protected":false},"featured_media":43525,"comment_status":"closed","ping_status":"closed","template":"","meta":{"_acf_changed":false},"product_brand":[],"product_cat":[101],"product_tag":[],"class_list":{"0":"post-43524","1":"product","2":"type-product","3":"status-publish","4":"has-post-thumbnail","6":"product_cat-lugares_y_tiempos","8":"first","9":"instock","10":"shipping-taxable","11":"purchasable","12":"product-type-simple"},"acf":[],"_links":{"self":[{"href":"https:\/\/idpc.gov.co\/publicaciones\/wp-json\/wp\/v2\/product\/43524","targetHints":{"allow":["GET"]}}],"collection":[{"href":"https:\/\/idpc.gov.co\/publicaciones\/wp-json\/wp\/v2\/product"}],"about":[{"href":"https:\/\/idpc.gov.co\/publicaciones\/wp-json\/wp\/v2\/types\/product"}],"replies":[{"embeddable":true,"href":"https:\/\/idpc.gov.co\/publicaciones\/wp-json\/wp\/v2\/comments?post=43524"}],"wp:featuredmedia":[{"embeddable":true,"href":"https:\/\/idpc.gov.co\/publicaciones\/wp-json\/wp\/v2\/media\/43525"}],"wp:attachment":[{"href":"https:\/\/idpc.gov.co\/publicaciones\/wp-json\/wp\/v2\/media?parent=43524"}],"wp:term":[{"taxonomy":"product_brand","embeddable":true,"href":"https:\/\/idpc.gov.co\/publicaciones\/wp-json\/wp\/v2\/product_brand?post=43524"},{"taxonomy":"product_cat","embeddable":true,"href":"https:\/\/idpc.gov.co\/publicaciones\/wp-json\/wp\/v2\/product_cat?post=43524"},{"taxonomy":"product_tag","embeddable":true,"href":"https:\/\/idpc.gov.co\/publicaciones\/wp-json\/wp\/v2\/product_tag?post=43524"}],"curies":[{"name":"wp","href":"https:\/\/api.w.org\/{rel}","templated":true}]}}