{"id":43522,"date":"2025-02-28T16:45:15","date_gmt":"2025-02-28T21:45:15","guid":{"rendered":"https:\/\/idpc.gov.co\/publicaciones\/?post_type=product&#038;p=43522"},"modified":"2025-02-28T17:34:22","modified_gmt":"2025-02-28T22:34:22","slug":"las-nieves-1893","status":"publish","type":"product","link":"https:\/\/idpc.gov.co\/publicaciones\/producto\/las-nieves-1893\/","title":{"rendered":"LAS NIEVES.1893"},"content":{"rendered":"<div style=\"position: relative; padding-top: max(60%,326px); height: 0; width: 100%;\"><iframe style=\"position: absolute; border: none; width: 100%; height: 100%; left: 0; right: 0; top: 0; bottom: 0;\" src=\"https:\/\/e.issuu.com\/embed.html?d=las_nieves_1893&amp;u=patrimoniobogota\" sandbox=\"allow-top-navigation allow-top-navigation-by-user-activation allow-downloads allow-scripts allow-same-origin allow-popups allow-modals allow-popups-to-escape-sandbox allow-forms\" allowfullscreen=\"allowfullscreen\"><\/iframe><\/div>\n","protected":false},"excerpt":{"rendered":"<p>Para 1893, Bogot\u00e1 se encontraba en plena expansi\u00f3n. La configuraci\u00f3n de las parroquias, como delimitaci\u00f3n religioso-pol\u00edtica, daba cuenta de una ciudad que tiempo atr\u00e1s hab\u00eda superado el l\u00edmite natural de los r\u00edos San Francisco y San Agust\u00edn, y tomaba posesi\u00f3n, a trav\u00e9s de distintos asentamientos, de zonas ubicadas en sus cuatro puntos cardinales: los cerros al oriente, Las Cruces al sur, San Victorino al occidente y al norte, Las Nieves. A los habitantes de este \u00faltimo sector se los reconoc\u00eda en la ciudad como <i>nieblunos.<\/i> Este apelativo, m\u00e1s que ser de car\u00e1cter cari\u00f1oso y cercano, se encontraba signado por una relaci\u00f3n con lo anticuado, con aquellas costumbres de anta\u00f1o enraizadas a\u00fan en formas propias del \u00e1mbito colonial, y quiz\u00e1s atravesadas por una sensaci\u00f3n de estancamiento en el tiempo.<\/p>\n<p>Las Nieves hoy en d\u00eda es uno de los barrios m\u00e1s antiguos de la ciudad ubicado en la localidad de Santa Fe. De la mano de la historia, la invitaci\u00f3n de esta publicaci\u00f3n es a remontarse al a\u00f1o 1893 y as\u00ed recorrer un sector que, impregnado de vida, palpitaba en pleno cierre del siglo XIX y en los albores del siglo XX. A trav\u00e9s de las calles, las alamedas, los paseos, la recoleta, los acuerdos comerciales, las chicher\u00edas, los puentes, los pleitos, los oficios y el establecimiento de f\u00e1bricas, quien lea esta publicaci\u00f3n podr\u00e1 configurar una imagen de esta zona que dista de la carga <i>niebluna<\/i>que le fue conferida. Comprendiendo la diversidad propia de sus habitantes y sus pr\u00e1cticas cotidianas que quedaron registradas en noticias, literatura, obras pict\u00f3ricas y documentos notariales y comerciales, Adriana Uribe, autora de esta publicaci\u00f3n, nos muestra a Las Nieves como un ejemplo de las tensiones que se dieron en la ciudad, particularmente en lo que respecta a la b\u00fasqueda de la modernidad frente al arraigo de la tradici\u00f3n.<\/p>\n<p><strong>Autora<\/strong>: Adriana Uribe \u00c1lvarez<br \/>\n<strong>A\u00f1o<\/strong>: 2024<\/p>\n","protected":false},"featured_media":43523,"comment_status":"closed","ping_status":"closed","template":"","meta":{"_acf_changed":false},"product_brand":[],"product_cat":[101],"product_tag":[],"class_list":{"0":"post-43522","1":"product","2":"type-product","3":"status-publish","4":"has-post-thumbnail","6":"product_cat-lugares_y_tiempos","8":"first","9":"instock","10":"shipping-taxable","11":"purchasable","12":"product-type-simple"},"acf":[],"_links":{"self":[{"href":"https:\/\/idpc.gov.co\/publicaciones\/wp-json\/wp\/v2\/product\/43522","targetHints":{"allow":["GET"]}}],"collection":[{"href":"https:\/\/idpc.gov.co\/publicaciones\/wp-json\/wp\/v2\/product"}],"about":[{"href":"https:\/\/idpc.gov.co\/publicaciones\/wp-json\/wp\/v2\/types\/product"}],"replies":[{"embeddable":true,"href":"https:\/\/idpc.gov.co\/publicaciones\/wp-json\/wp\/v2\/comments?post=43522"}],"wp:featuredmedia":[{"embeddable":true,"href":"https:\/\/idpc.gov.co\/publicaciones\/wp-json\/wp\/v2\/media\/43523"}],"wp:attachment":[{"href":"https:\/\/idpc.gov.co\/publicaciones\/wp-json\/wp\/v2\/media?parent=43522"}],"wp:term":[{"taxonomy":"product_brand","embeddable":true,"href":"https:\/\/idpc.gov.co\/publicaciones\/wp-json\/wp\/v2\/product_brand?post=43522"},{"taxonomy":"product_cat","embeddable":true,"href":"https:\/\/idpc.gov.co\/publicaciones\/wp-json\/wp\/v2\/product_cat?post=43522"},{"taxonomy":"product_tag","embeddable":true,"href":"https:\/\/idpc.gov.co\/publicaciones\/wp-json\/wp\/v2\/product_tag?post=43522"}],"curies":[{"name":"wp","href":"https:\/\/api.w.org\/{rel}","templated":true}]}}