{"id":434,"date":"2018-04-13T22:30:57","date_gmt":"2018-04-14T03:30:57","guid":{"rendered":"https:\/\/idpc.gov.co\/publicaciones\/?post_type=product&#038;p=434"},"modified":"2024-04-30T22:39:33","modified_gmt":"2024-05-01T03:39:33","slug":"pedro-alcantara-quijano-montero-mas-alla-de-la-pintura-historica-el-hallazgo-del-color","status":"publish","type":"product","link":"https:\/\/idpc.gov.co\/publicaciones\/producto\/pedro-alcantara-quijano-montero-mas-alla-de-la-pintura-historica-el-hallazgo-del-color\/","title":{"rendered":"Pedro Alc\u00e1ntara Quijano Montero. Mas all\u00e1 de la pintura hist\u00f3rica: el hallazgo del color"},"content":{"rendered":"","protected":false},"excerpt":{"rendered":"<p><span class=\"subtitulo\">Para todos aquellos que hemos sido part\u00edcipes de una maravillosa aventura de rescatar el patrimonio cultural oculto en la restauraci\u00f3n de la iglesia La Candelaria, en Bogot\u00e1, este proceso se convirti\u00f3 en un viaje de descubrimientos.<\/span><\/p>\n<p>Con el reforzamiento estructural, realizado por la Corporaci\u00f3n La Candelaria, de la vieja iglesia que da el nombre al sector del Centro Hist\u00f3rico de Bogot\u00e1, apareci\u00f3 tras las paredes encaladas un tesoro de pintura mural que en este libro se expone por primera vez con la profundidad y la seriedad que el trabajo del pintor merece.<\/p>\n<p><strong>Autor:<\/strong> Corporaci\u00f3n La Candelaria (hoy Instituto Distrital de Patrimonio Cultural)<br \/>\n<strong>A\u00f1o:<\/strong> 2006<\/p>\n<p><a href=\"https:\/\/libreriasiglo.com\/selloeditorial\/ipc-instituto-distrital-de-patrimonio-cultural.html\"><img decoding=\"async\" class=\"alignleft wp-image-11899 size-full\" src=\"https:\/\/idpc.gov.co\/publicaciones\/wp-content\/uploads\/2020\/12\/comprar.png\" alt=\"Comprar\" width=\"158\" height=\"49\" \/><\/a><\/p>\n","protected":false},"featured_media":435,"comment_status":"open","ping_status":"closed","template":"","meta":{"_acf_changed":false},"product_brand":[],"product_cat":[91],"product_tag":[],"class_list":{"0":"post-434","1":"product","2":"type-product","3":"status-publish","4":"has-post-thumbnail","6":"product_cat-nombres_propios","8":"first","9":"instock","10":"shipping-taxable","11":"purchasable","12":"product-type-simple"},"acf":[],"_links":{"self":[{"href":"https:\/\/idpc.gov.co\/publicaciones\/wp-json\/wp\/v2\/product\/434","targetHints":{"allow":["GET"]}}],"collection":[{"href":"https:\/\/idpc.gov.co\/publicaciones\/wp-json\/wp\/v2\/product"}],"about":[{"href":"https:\/\/idpc.gov.co\/publicaciones\/wp-json\/wp\/v2\/types\/product"}],"replies":[{"embeddable":true,"href":"https:\/\/idpc.gov.co\/publicaciones\/wp-json\/wp\/v2\/comments?post=434"}],"wp:featuredmedia":[{"embeddable":true,"href":"https:\/\/idpc.gov.co\/publicaciones\/wp-json\/wp\/v2\/media\/435"}],"wp:attachment":[{"href":"https:\/\/idpc.gov.co\/publicaciones\/wp-json\/wp\/v2\/media?parent=434"}],"wp:term":[{"taxonomy":"product_brand","embeddable":true,"href":"https:\/\/idpc.gov.co\/publicaciones\/wp-json\/wp\/v2\/product_brand?post=434"},{"taxonomy":"product_cat","embeddable":true,"href":"https:\/\/idpc.gov.co\/publicaciones\/wp-json\/wp\/v2\/product_cat?post=434"},{"taxonomy":"product_tag","embeddable":true,"href":"https:\/\/idpc.gov.co\/publicaciones\/wp-json\/wp\/v2\/product_tag?post=434"}],"curies":[{"name":"wp","href":"https:\/\/api.w.org\/{rel}","templated":true}]}}