{"id":42841,"date":"2023-12-12T11:31:32","date_gmt":"2023-12-12T16:31:32","guid":{"rendered":"https:\/\/idpc.gov.co\/publicaciones\/?post_type=product&#038;p=42841"},"modified":"2024-04-30T21:58:58","modified_gmt":"2024-05-01T02:58:58","slug":"bogota-y-sus-caminos-de-agua","status":"publish","type":"product","link":"https:\/\/idpc.gov.co\/publicaciones\/producto\/bogota-y-sus-caminos-de-agua\/","title":{"rendered":"Bogot\u00e1 y sus Caminos de Agua. Agenda IDPC-2024"},"content":{"rendered":"<div style=\"position: relative; padding-top: max(60%,326px); height: 0; width: 100%;\"><iframe style=\"position: absolute; border: none; width: 100%; height: 100%; left: 0; right: 0; top: 0; bottom: 0;\" src=\"https:\/\/e.issuu.com\/embed.html?d=agenda_aguaweb&amp;u=patrimoniobogota\" sandbox=\"allow-top-navigation allow-top-navigation-by-user-activation allow-downloads allow-scripts allow-same-origin allow-popups allow-modals allow-popups-to-escape-sandbox allow-forms\" allowfullscreen=\"allowfullscreen\"><\/iframe><\/div>\n","protected":false},"excerpt":{"rendered":"<p>Los caminos de agua en Bogot\u00e1 constituyen una de las tantas formas de ordenamiento de nuestros territorios urbanos y rurales. Sobre esto, es importante recordar que la ciudad actual es heredera del ocultamiento de la mayor\u00eda de los r\u00edos que, al ser canalizados a inicios de siglo XX, fueron <em>reemplazados<\/em> por las calles que definieron el trazado actual de la urbe. En efecto, desde hace varias d\u00e9cadas, hemos naturalizado en la capital el hecho de no poder convivir de forma sostenible y equilibrada con el agua como parte de nuestro espacio p\u00fablico, lo que se hace evidente, entre otras cosas, en los pocos monumentos y esculturas que logran mantener las fuentes limpias y con el l\u00edquido corriendo como parte de los conjuntos escult\u00f3ricos que as\u00ed fueron concebidos.<\/p>\n<p>No obstante, distintas organizaciones, colectivos, personas naturales, y entidades p\u00fablicas y privadas trabajan actualmente en modelos de ordenamiento locales que propenden por la protecci\u00f3n ecol\u00f3gica del territorio. Y esto implica tanto cuidar los p\u00e1ramos, los nacederos y los ojos de agua como conservar los lavaderos comunitarios, emprender acciones de restauraci\u00f3n de las quebradas, defender los humedales y persistir en la comprensi\u00f3n del r\u00edo Bogot\u00e1 como receptor y cuenca con una necesidad imperante de ser descontaminado<\/p>\n<p>Esta agenda 2024 de Instituto Distrital de Patrimonio Cultural ilustra los caminos de agua: los h\u00eddricos, los relacionales, los simb\u00f3licos y los que abogan por una transformaci\u00f3n sostenida en el tiempo, mediante el entramado propio de los patrimonios que dialogan de forma integrada con las formas diversas de la naturaleza y las pr\u00e1cticas comunitarias.<\/p>\n<p><strong>Autores<\/strong>: Camilo Escall\u00f3n, Catalina Garc\u00eda, Mart\u00edn Berm\u00fadez, Alfredo Bar\u00f3n.<br \/>\n<strong>A\u00f1o<\/strong>: 2023<\/p>\n<p><a href=\"https:\/\/libreriasiglo.com\/selloeditorial\/ipc-instituto-distrital-de-patrimonio-cultural.html\"><img decoding=\"async\" class=\"alignleft wp-image-11899 size-full\" src=\"https:\/\/idpc.gov.co\/publicaciones\/wp-content\/uploads\/2020\/12\/comprar.png\" alt=\"Comprar\" width=\"158\" height=\"49\" \/><\/a><\/p>\n","protected":false},"featured_media":42842,"comment_status":"open","ping_status":"closed","template":"","meta":{"_acf_changed":false},"product_brand":[],"product_cat":[102],"product_tag":[],"class_list":{"0":"post-42841","1":"product","2":"type-product","3":"status-publish","4":"has-post-thumbnail","6":"product_cat-exploraciones_y_recorridos","8":"first","9":"instock","10":"shipping-taxable","11":"purchasable","12":"product-type-simple"},"acf":[],"_links":{"self":[{"href":"https:\/\/idpc.gov.co\/publicaciones\/wp-json\/wp\/v2\/product\/42841","targetHints":{"allow":["GET"]}}],"collection":[{"href":"https:\/\/idpc.gov.co\/publicaciones\/wp-json\/wp\/v2\/product"}],"about":[{"href":"https:\/\/idpc.gov.co\/publicaciones\/wp-json\/wp\/v2\/types\/product"}],"replies":[{"embeddable":true,"href":"https:\/\/idpc.gov.co\/publicaciones\/wp-json\/wp\/v2\/comments?post=42841"}],"wp:featuredmedia":[{"embeddable":true,"href":"https:\/\/idpc.gov.co\/publicaciones\/wp-json\/wp\/v2\/media\/42842"}],"wp:attachment":[{"href":"https:\/\/idpc.gov.co\/publicaciones\/wp-json\/wp\/v2\/media?parent=42841"}],"wp:term":[{"taxonomy":"product_brand","embeddable":true,"href":"https:\/\/idpc.gov.co\/publicaciones\/wp-json\/wp\/v2\/product_brand?post=42841"},{"taxonomy":"product_cat","embeddable":true,"href":"https:\/\/idpc.gov.co\/publicaciones\/wp-json\/wp\/v2\/product_cat?post=42841"},{"taxonomy":"product_tag","embeddable":true,"href":"https:\/\/idpc.gov.co\/publicaciones\/wp-json\/wp\/v2\/product_tag?post=42841"}],"curies":[{"name":"wp","href":"https:\/\/api.w.org\/{rel}","templated":true}]}}