{"id":42840,"date":"2023-12-12T11:23:17","date_gmt":"2023-12-12T16:23:17","guid":{"rendered":"https:\/\/idpc.gov.co\/publicaciones\/?post_type=product&#038;p=42840"},"modified":"2024-04-30T22:39:33","modified_gmt":"2024-05-01T03:39:33","slug":"vida-campesina","status":"publish","type":"product","link":"https:\/\/idpc.gov.co\/publicaciones\/producto\/vida-campesina\/","title":{"rendered":"Vida campesina. Procesos organizativos y patrimonio vivo en el Sumapaz"},"content":{"rendered":"<div style=\"position: relative; padding-top: max(60%,326px); height: 0; width: 100%;\"><iframe style=\"position: absolute; border: none; width: 100%; height: 100%; left: 0; right: 0; top: 0; bottom: 0;\" src=\"https:\/\/e.issuu.com\/embed.html?d=sumapaz&amp;u=patrimoniobogota\" sandbox=\"allow-top-navigation allow-top-navigation-by-user-activation allow-downloads allow-scripts allow-same-origin allow-popups allow-modals allow-popups-to-escape-sandbox allow-forms\" allowfullscreen=\"allowfullscreen\"><\/iframe><\/div>\n","protected":false},"excerpt":{"rendered":"<p><em>Vida campesina. Procesos organizativos y patrimonio vivo en el Sumapaz<\/em> recoge el trabajo realizado por el Instituto Distrital de Patrimonio Cultural desde 2020 en el borde sur rural de la capital, en el marco del proyecto de Salvaguardia del Patrimonio Vivo Campesino. Se trata de un proceso que ha permitido sacar a la luz la necesidad del campesinado de Sumapaz de manifestar tanto sus propios principios y mandatos para identificar su patrimonio como su rechazo tajante a iniciativas externas de patrimonializaci\u00f3n que se centran en el criterio de valor universal excepcional de la biodiversidad del Sumapaz, en t\u00e9rminos de fauna y flora, al tiempo que desatienden las formas espec\u00edficas en que el campesinado ha habitado este territorio hist\u00f3ricamente.<\/p>\n<p>Si bien esta publicaci\u00f3n explora los conocimientos y manifestaciones asociados a la cotidianidad de la vida campesina, centra su mirada en la fortaleza organizativa de quienes habitan el p\u00e1ramo. De la mano de conceptos como pervivencia, autonom\u00eda y exigibilidad de derechos; de la identificaci\u00f3n de los conflictos hist\u00f3ricos con el Estado, y de los mandatos propios para el uso y tenencia de la tierra, junto con el promulgado por las organizaciones de mujeres, se configura el tejido social, cultural y territorial de los procesos organizativos en Sumapaz recogidos en el presente t\u00edtulo. Es este tejido, comprendido como patrimonio vivo, el que ha permitido a los campesinos y campesinas del Sumapaz continuar habitando el p\u00e1ramo, lugar en donde est\u00e1 su hogar. Un hogar en el que han construido una particular noci\u00f3n de territorialidad en la cual se arraigan su sentido de colectividad, su agencia pol\u00edtica y su memoria.<\/p>\n<p><strong>Autores<\/strong>: Equipo para la Salvaguardia del Patrimonio Vivo Campesino-IDPC<br \/>\n<strong>A\u00f1o<\/strong>: 2023<\/p>\n<p><a href=\"https:\/\/libreriasiglo.com\/selloeditorial\/ipc-instituto-distrital-de-patrimonio-cultural.html\"><img decoding=\"async\" class=\"alignleft wp-image-11899 size-full\" src=\"https:\/\/idpc.gov.co\/publicaciones\/wp-content\/uploads\/2020\/12\/comprar.png\" alt=\"Comprar\" width=\"158\" height=\"49\" \/><\/a><\/p>\n","protected":false},"featured_media":42835,"comment_status":"open","ping_status":"closed","template":"","meta":{"_acf_changed":false},"product_brand":[],"product_cat":[104],"product_tag":[],"class_list":{"0":"post-42840","1":"product","2":"type-product","3":"status-publish","4":"has-post-thumbnail","6":"product_cat-expresiones_y_agencias","8":"first","9":"instock","10":"shipping-taxable","11":"purchasable","12":"product-type-simple"},"acf":[],"_links":{"self":[{"href":"https:\/\/idpc.gov.co\/publicaciones\/wp-json\/wp\/v2\/product\/42840","targetHints":{"allow":["GET"]}}],"collection":[{"href":"https:\/\/idpc.gov.co\/publicaciones\/wp-json\/wp\/v2\/product"}],"about":[{"href":"https:\/\/idpc.gov.co\/publicaciones\/wp-json\/wp\/v2\/types\/product"}],"replies":[{"embeddable":true,"href":"https:\/\/idpc.gov.co\/publicaciones\/wp-json\/wp\/v2\/comments?post=42840"}],"wp:featuredmedia":[{"embeddable":true,"href":"https:\/\/idpc.gov.co\/publicaciones\/wp-json\/wp\/v2\/media\/42835"}],"wp:attachment":[{"href":"https:\/\/idpc.gov.co\/publicaciones\/wp-json\/wp\/v2\/media?parent=42840"}],"wp:term":[{"taxonomy":"product_brand","embeddable":true,"href":"https:\/\/idpc.gov.co\/publicaciones\/wp-json\/wp\/v2\/product_brand?post=42840"},{"taxonomy":"product_cat","embeddable":true,"href":"https:\/\/idpc.gov.co\/publicaciones\/wp-json\/wp\/v2\/product_cat?post=42840"},{"taxonomy":"product_tag","embeddable":true,"href":"https:\/\/idpc.gov.co\/publicaciones\/wp-json\/wp\/v2\/product_tag?post=42840"}],"curies":[{"name":"wp","href":"https:\/\/api.w.org\/{rel}","templated":true}]}}