{"id":42839,"date":"2023-12-12T11:13:11","date_gmt":"2023-12-12T16:13:11","guid":{"rendered":"https:\/\/idpc.gov.co\/publicaciones\/?post_type=product&#038;p=42839"},"modified":"2024-04-30T22:04:43","modified_gmt":"2024-05-01T03:04:43","slug":"si-hay-casa-pa-tanta-gente","status":"publish","type":"product","link":"https:\/\/idpc.gov.co\/publicaciones\/producto\/si-hay-casa-pa-tanta-gente\/","title":{"rendered":"S\u00ed hay casa pa tanta gente. Reflexiones colectivas desde y sobre el Museo de la Ciudad Autoconstruida, Ciudad Bol\u00edvar"},"content":{"rendered":"<p><iframe style=\"border: none; width: 100%; height: 326px;\" src=\"https:\/\/e.issuu.com\/embed.html?d=sihaycasaweb_1_&amp;u=patrimoniobogota\" allowfullscreen=\"allowfullscreen\"><span data-mce-type=\"bookmark\" style=\"display: inline-block; width: 0px; overflow: hidden; line-height: 0;\" class=\"mce_SELRES_start\">\ufeff<\/span><span data-mce-type=\"bookmark\" style=\"display: inline-block; width: 0px; overflow: hidden; line-height: 0;\" class=\"mce_SELRES_start\">\ufeff<\/span><\/iframe><\/p>\n","protected":false},"excerpt":{"rendered":"<p>La entrada a esta publicaci\u00f3n es un cap\u00edtulo que lleva por t\u00edtulo \u201cManifiesto\u201d. Ha sido escrito para declarar lo que implica hablar de sue\u00f1os, experiencias y resistencia cuando se habita las monta\u00f1as de Ciudad Bol\u00edvar en Bogot\u00e1 y cuando se es parte del equipo del Museo de la Ciudad Autoconstruida (MCA).<\/p>\n<p>Tanto el Museo como <i>S\u00ed hay casa pa tanta gente<\/i> proponen una conversaci\u00f3n a partir de una serie de heridas latentes producto de la desigualdad, la segregaci\u00f3n y la estigmatizaci\u00f3n que se ejercen en Bogot\u00e1 respecto al borde sur de la capital. Es claro que el malestar profundo de esta situaci\u00f3n se encuentra vigente y que, para contrarrestarlo, estas heridas no pueden continuar siendo ignoradas ni tampoco calladas las discusiones que suscitan.<\/p>\n<p>Los contenidos de esta publicaci\u00f3n fueron construidos de forma participativa, convocando voces diversas del territorio y del Museo mismo, a trav\u00e9s de recorridos, sesiones de escritura colectiva, entrevistas, conversaciones, y textos invitados, registrados y recolectados entre marzo y abril de 2023. En estos se relacionan el pasado, el presente y las expectativas referidas al porvenir de Ciudad Bol\u00edvar y del MCA.<br \/>\nLas p\u00e1ginas que siguen a esta presentaci\u00f3n re\u00fanen parte de los insumos que permiten narrar la corta trayectoria y la enorme expectativa de un Museo que fue inaugurado en 2021 en el barrio El Mirador y que ha supuesto retos inmensos desde la institucionalidad (el Instituto Distrital de Patrimonio Cultural) y desde el accionar local (colectivos, organizaciones, individuos, l\u00edderes y lideresas), en t\u00e9rminos de identificar y reconocer los bordes, las tensiones y los deseos que dan forma a este camino.<\/p>\n<p><strong>Autores<\/strong>: Equipo del Museo de la Ciudad Autoconstruida-IDPC<br \/>\n<strong>A\u00f1o<\/strong>: 2023<\/p>\n<p><a href=\"https:\/\/libreriasiglo.com\/selloeditorial\/ipc-instituto-distrital-de-patrimonio-cultural.html\"><img decoding=\"async\" class=\"alignleft wp-image-11899 size-full\" src=\"https:\/\/idpc.gov.co\/publicaciones\/wp-content\/uploads\/2020\/12\/comprar.png\" alt=\"Comprar\" width=\"158\" height=\"49\" \/><\/a><\/p>\n","protected":false},"featured_media":42834,"comment_status":"open","ping_status":"closed","template":"","meta":{"_acf_changed":false},"product_brand":[],"product_cat":[104],"product_tag":[],"class_list":{"0":"post-42839","1":"product","2":"type-product","3":"status-publish","4":"has-post-thumbnail","6":"product_cat-expresiones_y_agencias","8":"first","9":"instock","10":"shipping-taxable","11":"purchasable","12":"product-type-simple"},"acf":[],"_links":{"self":[{"href":"https:\/\/idpc.gov.co\/publicaciones\/wp-json\/wp\/v2\/product\/42839","targetHints":{"allow":["GET"]}}],"collection":[{"href":"https:\/\/idpc.gov.co\/publicaciones\/wp-json\/wp\/v2\/product"}],"about":[{"href":"https:\/\/idpc.gov.co\/publicaciones\/wp-json\/wp\/v2\/types\/product"}],"replies":[{"embeddable":true,"href":"https:\/\/idpc.gov.co\/publicaciones\/wp-json\/wp\/v2\/comments?post=42839"}],"wp:featuredmedia":[{"embeddable":true,"href":"https:\/\/idpc.gov.co\/publicaciones\/wp-json\/wp\/v2\/media\/42834"}],"wp:attachment":[{"href":"https:\/\/idpc.gov.co\/publicaciones\/wp-json\/wp\/v2\/media?parent=42839"}],"wp:term":[{"taxonomy":"product_brand","embeddable":true,"href":"https:\/\/idpc.gov.co\/publicaciones\/wp-json\/wp\/v2\/product_brand?post=42839"},{"taxonomy":"product_cat","embeddable":true,"href":"https:\/\/idpc.gov.co\/publicaciones\/wp-json\/wp\/v2\/product_cat?post=42839"},{"taxonomy":"product_tag","embeddable":true,"href":"https:\/\/idpc.gov.co\/publicaciones\/wp-json\/wp\/v2\/product_tag?post=42839"}],"curies":[{"name":"wp","href":"https:\/\/api.w.org\/{rel}","templated":true}]}}