{"id":42836,"date":"2023-12-12T10:12:27","date_gmt":"2023-12-12T15:12:27","guid":{"rendered":"https:\/\/idpc.gov.co\/publicaciones\/?post_type=product&#038;p=42836"},"modified":"2024-04-30T21:57:50","modified_gmt":"2024-05-01T02:57:50","slug":"la-bogota-de-los-muertos","status":"publish","type":"product","link":"https:\/\/idpc.gov.co\/publicaciones\/producto\/la-bogota-de-los-muertos\/","title":{"rendered":"La Bogot\u00e1 de los muertos. Borraduras y permanencias en el Antiguo Cementerio de Pobres"},"content":{"rendered":"<p><iframe style=\"border: none; width: 100%; height: 326px;\" src=\"https:\/\/e.issuu.com\/embed.html?d=columbarios_final_web_1_&amp;u=patrimoniobogota\" allowfullscreen=\"allowfullscreen\"><span data-mce-type=\"bookmark\" style=\"display: inline-block; width: 0px; overflow: hidden; line-height: 0;\" class=\"mce_SELRES_start\">\ufeff<\/span><span data-mce-type=\"bookmark\" style=\"display: inline-block; width: 0px; overflow: hidden; line-height: 0;\" class=\"mce_SELRES_start\">\ufeff<\/span><\/iframe><\/p>\n","protected":false},"excerpt":{"rendered":"<p>Este t\u00edtulo analiza la manera en que el orden social traspasa los l\u00edmites de la vida para instalarse tambi\u00e9n en la muerte. El texto se concentra en la exploraci\u00f3n de un espacio funerario que, a pesar de hacer parte del Cementerio Central y colindar con su parte m\u00e1s apreciada (la Elipse y el Trapecio), ha sido desestimado por las pol\u00edticas de la memoria y violentado por los planes urban\u00edsticos.<\/p>\n<p>La zona de la Elipse y el Trapecio del Cementerio Central resguardan desde el siglo XIX a los muertos \u201cilustres\u201d del pa\u00eds, con sus mausoleos y sus nombres claramente legibles. Estos cuerpos que <em>importan<\/em> han estado resguardados por una particular noci\u00f3n de val\u00eda, que a su vez se ha estabilizado en el tiempo gracias a la sublimaci\u00f3n discursiva y est\u00e9tica de un orden social abismalmente jer\u00e1rquico. De forma opuesta, el costado occidental, donde estaba ubicado el Cementerio de Pobres, acogi\u00f3 la muerte de las vidas menos \u201crespetables\u201d, aquellas signadas por una causa de muerte, religi\u00f3n o condici\u00f3n social que avergonzaban y <em>no merec\u00edan<\/em> ser recordadas.<\/p>\n<p>En esta publicaci\u00f3n, que se adentra en la historia del Antiguo Cementerio de Pobres desde perspectivas \u00edntimas y reflexivas, a trav\u00e9s de la exploraci\u00f3n documental y de la observaci\u00f3n detenida de las huellas que a\u00fan conserva el espacio, el equipo de investigaci\u00f3n del Instituto Distrital de Patrimonio Cultural (IDPC) analiza los mecanismos de manifestaci\u00f3n y estabilizaci\u00f3n del tratamiento diferenciador de la muerte en un lugar y una poblaci\u00f3n en particular. El Antiguo Cementerio de Pobres nos habla de la Bogot\u00e1 de los muertos. Y en esa conversaci\u00f3n, las borraduras que se hacen visibles en las siguientes p\u00e1ginas no dan cuenta tan solo de lo ocurrido en este espacio, sino que son un recordatorio de una herida latente: la de la desigualdad estructural que atraviesa y determina tanto nuestra cotidianidad como nuestras maneras de elaborar la muerte y de construir memoria.<\/p>\n<p><strong>Autores<\/strong>: Elo\u00edsa Lamilla Guerrero, Ana Margarita Sierra Pinedo, Javeri Ortiz Cassiani<br \/>\n<strong>A\u00f1o<\/strong>: 2023<\/p>\n<p><a href=\"https:\/\/libreriasiglo.com\/selloeditorial\/ipc-instituto-distrital-de-patrimonio-cultural.html\"><img decoding=\"async\" class=\"alignleft wp-image-11899 size-full\" src=\"https:\/\/idpc.gov.co\/publicaciones\/wp-content\/uploads\/2020\/12\/comprar.png\" alt=\"Comprar\" width=\"158\" height=\"49\" \/><\/a><\/p>\n","protected":false},"featured_media":42832,"comment_status":"open","ping_status":"closed","template":"","meta":{"_acf_changed":false},"product_brand":[],"product_cat":[101],"product_tag":[],"class_list":{"0":"post-42836","1":"product","2":"type-product","3":"status-publish","4":"has-post-thumbnail","6":"product_cat-lugares_y_tiempos","8":"first","9":"instock","10":"shipping-taxable","11":"purchasable","12":"product-type-simple"},"acf":[],"_links":{"self":[{"href":"https:\/\/idpc.gov.co\/publicaciones\/wp-json\/wp\/v2\/product\/42836","targetHints":{"allow":["GET"]}}],"collection":[{"href":"https:\/\/idpc.gov.co\/publicaciones\/wp-json\/wp\/v2\/product"}],"about":[{"href":"https:\/\/idpc.gov.co\/publicaciones\/wp-json\/wp\/v2\/types\/product"}],"replies":[{"embeddable":true,"href":"https:\/\/idpc.gov.co\/publicaciones\/wp-json\/wp\/v2\/comments?post=42836"}],"wp:featuredmedia":[{"embeddable":true,"href":"https:\/\/idpc.gov.co\/publicaciones\/wp-json\/wp\/v2\/media\/42832"}],"wp:attachment":[{"href":"https:\/\/idpc.gov.co\/publicaciones\/wp-json\/wp\/v2\/media?parent=42836"}],"wp:term":[{"taxonomy":"product_brand","embeddable":true,"href":"https:\/\/idpc.gov.co\/publicaciones\/wp-json\/wp\/v2\/product_brand?post=42836"},{"taxonomy":"product_cat","embeddable":true,"href":"https:\/\/idpc.gov.co\/publicaciones\/wp-json\/wp\/v2\/product_cat?post=42836"},{"taxonomy":"product_tag","embeddable":true,"href":"https:\/\/idpc.gov.co\/publicaciones\/wp-json\/wp\/v2\/product_tag?post=42836"}],"curies":[{"name":"wp","href":"https:\/\/api.w.org\/{rel}","templated":true}]}}