{"id":42821,"date":"2023-02-27T14:49:55","date_gmt":"2023-02-27T19:49:55","guid":{"rendered":"https:\/\/idpc.gov.co\/publicaciones\/?post_type=product&#038;p=42821"},"modified":"2024-04-30T22:36:01","modified_gmt":"2024-05-01T03:36:01","slug":"bogota-hecha-a-mano","status":"publish","type":"product","link":"https:\/\/idpc.gov.co\/publicaciones\/producto\/bogota-hecha-a-mano\/","title":{"rendered":"Bogot\u00e1 hecha a mano. Barrios autoconstruidos, una gesta social y cultural"},"content":{"rendered":"<p><iframe style=\"border: none; width: 100%; height: 326px;\" src=\"https:\/\/e.issuu.com\/embed.html?d=bogota_hecha_a_mano_web&amp;u=patrimoniobogota\" allowfullscreen=\"allowfullscreen\"><span data-mce-type=\"bookmark\" style=\"display: inline-block; width: 0px; overflow: hidden; line-height: 0;\" class=\"mce_SELRES_start\">\ufeff<\/span><span data-mce-type=\"bookmark\" style=\"display: inline-block; width: 0px; overflow: hidden; line-height: 0;\" class=\"mce_SELRES_start\">\ufeff<\/span><\/iframe><\/p>\n","protected":false},"excerpt":{"rendered":"<p>M\u00e1s de la tercera parte de la Bogot\u00e1 que hoy conocemos fue autoconstruida por sus habitantes a trav\u00e9s de distintos procesos que se iniciaron a comienzos del siglo XX, cobraron enorme importancia entre 1950 y 1980, y han continuado hasta el presente.<\/p>\n<p>Los vecindarios construidos con el trabajo individual y colectivo de sus moradores se originaron principalmente mediante la llamada urbanizaci\u00f3n informal o pirata de lotes ubicados en la periferia de la Bogot\u00e1 urbana, sobre todo en Ciudad Bol\u00edvar, Usme, Tunjuelito, Rafael Uribe, San Crist\u00f3bal, Bosa, las zonas m\u00e1s occidentales de Kennedy, Engativ\u00e1, Fontib\u00f3n y Suba, y en menor grado en los bordes orientales de Usaqu\u00e9n, Chapinero y Santa Fe.<\/p>\n<p>Otros barrios autoconstruidos surgieron a trav\u00e9s de tres tipos de procesos diferentes al de la urbanizaci\u00f3n pirata: mediante acuerdos entre trabajadores y patronos, por invasi\u00f3n de terrenos privados o p\u00fablicos, y en procesos de autoconstrucci\u00f3n dirigidos por profesionales del Estado o de entidades privadas.<\/p>\n<p>Bogot\u00e1 hecha a mano\u00a0enuncia, en sus distintas modalidades, los pormenores de la gesta colectiva que llevaron a cabo millones de habitantes de la ciudad para forjar viviendas acordes con sus anhelos y capacidades econ\u00f3micas, a la vez que dotar a sus barrios de servicios y condiciones adecuadas para levantar a sus familias y brindarles posibilidades de futuro.<\/p>\n<p>Este t\u00edtulo, en sinton\u00eda con el prop\u00f3sito del Museo de la Ciudad Autoconstruida en Ciudad Bol\u00edvar, apuesta por la recuperaci\u00f3n de las historias de esa gesta social y cultural, y busca promover que nuevos actores contin\u00faen trabajando en la comprensi\u00f3n, mejora e inclusi\u00f3n de la ciudad autoconstruida. La de la Bogot\u00e1 hecha a mano.<\/p>\n<p><strong>Autores<\/strong>: Carlos Ni\u00f1os Murcia, Jairo Chaparro Valderrama, Walter L\u00f3pez Borb\u00f3n, Luis Carlos Jim\u00e9nez y Santiago Jara<\/p>\n<p><a href=\"https:\/\/libreriasiglo.com\/selloeditorial\/ipc-instituto-distrital-de-patrimonio-cultural.html\"><img decoding=\"async\" class=\"alignleft wp-image-11899 size-full\" src=\"https:\/\/idpc.gov.co\/publicaciones\/wp-content\/uploads\/2020\/12\/comprar.png\" alt=\"Comprar\" width=\"158\" height=\"49\" \/><\/a><\/p>\n<p><a href=\"https:\/\/idpc.gov.co\/publicaciones\/descargas\/2023\/Bogota_hecha_a_mano.pdf\"><img decoding=\"async\" class=\"alignnone size-full wp-image-11737\" src=\"https:\/\/idpc.gov.co\/publicaciones\/wp-content\/uploads\/2019\/03\/descargar115.png\" alt=\"\" width=\"158\" height=\"49\" \/><\/a><\/p>\n","protected":false},"featured_media":42823,"comment_status":"open","ping_status":"closed","template":"","meta":{"_acf_changed":false},"product_brand":[],"product_cat":[102],"product_tag":[],"class_list":{"0":"post-42821","1":"product","2":"type-product","3":"status-publish","4":"has-post-thumbnail","6":"product_cat-exploraciones_y_recorridos","8":"first","9":"instock","10":"shipping-taxable","11":"product-type-simple"},"acf":[],"_links":{"self":[{"href":"https:\/\/idpc.gov.co\/publicaciones\/wp-json\/wp\/v2\/product\/42821","targetHints":{"allow":["GET"]}}],"collection":[{"href":"https:\/\/idpc.gov.co\/publicaciones\/wp-json\/wp\/v2\/product"}],"about":[{"href":"https:\/\/idpc.gov.co\/publicaciones\/wp-json\/wp\/v2\/types\/product"}],"replies":[{"embeddable":true,"href":"https:\/\/idpc.gov.co\/publicaciones\/wp-json\/wp\/v2\/comments?post=42821"}],"wp:featuredmedia":[{"embeddable":true,"href":"https:\/\/idpc.gov.co\/publicaciones\/wp-json\/wp\/v2\/media\/42823"}],"wp:attachment":[{"href":"https:\/\/idpc.gov.co\/publicaciones\/wp-json\/wp\/v2\/media?parent=42821"}],"wp:term":[{"taxonomy":"product_brand","embeddable":true,"href":"https:\/\/idpc.gov.co\/publicaciones\/wp-json\/wp\/v2\/product_brand?post=42821"},{"taxonomy":"product_cat","embeddable":true,"href":"https:\/\/idpc.gov.co\/publicaciones\/wp-json\/wp\/v2\/product_cat?post=42821"},{"taxonomy":"product_tag","embeddable":true,"href":"https:\/\/idpc.gov.co\/publicaciones\/wp-json\/wp\/v2\/product_tag?post=42821"}],"curies":[{"name":"wp","href":"https:\/\/api.w.org\/{rel}","templated":true}]}}