{"id":42812,"date":"2022-12-15T09:37:07","date_gmt":"2022-12-15T14:37:07","guid":{"rendered":"https:\/\/idpc.gov.co\/publicaciones\/?post_type=product&#038;p=42812"},"modified":"2024-04-30T22:32:07","modified_gmt":"2024-05-01T03:32:07","slug":"agenda-bici-2023","status":"publish","type":"product","link":"https:\/\/idpc.gov.co\/publicaciones\/producto\/agenda-bici-2023\/","title":{"rendered":"Pedalear y rodar por Bogot\u00e1. Agenda bici 2023"},"content":{"rendered":"<p><iframe style=\"border: none; width: 100%; height: 326px;\" src=\"https:\/\/e.issuu.com\/embed.html?d=agendabici_web&amp;u=patrimoniobogota\" allowfullscreen=\"allowfullscreen\"><span data-mce-type=\"bookmark\" style=\"display: inline-block; width: 0px; overflow: hidden; line-height: 0;\" class=\"mce_SELRES_start\">\ufeff<\/span><span data-mce-type=\"bookmark\" style=\"display: inline-block; width: 0px; overflow: hidden; line-height: 0;\" class=\"mce_SELRES_start\">\ufeff<\/span><\/iframe><\/p>\n","protected":false},"excerpt":{"rendered":"<p>En Bogot\u00e1, la cultura de la bicicleta convoca cada vez con mayor fuerza experiencias vitales, identitarias y colectivas. Introducido a finales del siglo XIX, este medio de transporte pas\u00f3 de su condici\u00f3n de uso exclusivo para ciertos grupos sociales que pod\u00edan tener este \u201cobjeto de lujo\u201d a convertirse en un artefacto rodante popular al que tienen acceso miles de ciudadanos y ciudadanas. La bicicleta crea una territorialidad particular en el paisaje de Bogot\u00e1 y se reconoce como una herramienta cotidiana de trabajo; s\u00edmbolo de reivindicaci\u00f3n del derecho a habitar la ciudad; plataforma de organizaci\u00f3n comunitaria y transformaci\u00f3n social para disfrutar, vivir y recorrer el espacio urbano de una manera distinta.<\/p>\n<p>Al hacer alusi\u00f3n a la bicicleta y sus usos en Bogot\u00e1, hoy podemos hacer referencia a una gama de pr\u00e1cticas culturales que aluden tanto a lo recreativo y deportivo como a la movilidad sostenible en la ciudad; asimismo, a los v\u00ednculos que se establecen a trav\u00e9s de la acci\u00f3n de pedalear y experimentar en dos ruedas este territorio. Esta acci\u00f3n contribuye a la integraci\u00f3n del patrimonio cultural, al encontrarse mediada, entre otros aspectos, por los recuerdos, los afectos, la econom\u00eda individual y familiar, la soberan\u00eda del espacio p\u00fablico, la jerga que le es particular, el comercio, los oficios y las apuestas pol\u00edticas de algunos colectivos.<\/p>\n<p>Esta agenda apuesta por la visibilizaci\u00f3n de las acciones de valoraci\u00f3n y gesti\u00f3n de este complejo sistema cultural.\u00a0 Para esto, hemos seleccionado doce ejes tem\u00e1ticos \u2014uno por cada mes del a\u00f1o\u2014 que proponen un breve recorrido a trav\u00e9s de la memoria, el territorio, las identidades y las comunidades. En este trayecto se abordar\u00e1n tem\u00e1ticas como el de la introducci\u00f3n de la bicicleta en la capital a finales del siglo XIX, la relaci\u00f3n del \u201ccaballito de acero\u201d con la infancia y el \u00e1mbito familiar, la industria popular, el coleccionismo, el uso del espacio p\u00fablico, los oficios tradicionales, talleres y f\u00e1bricas, el di\u00e1logo que se ha entablado entre este medio de transporte con los proyectos de desarrollo urbano, la vieja tradici\u00f3n del uso de la bicicleta por las clases trabajadoras, as\u00ed como otras de m\u00e1s reciente cu\u00f1o pero de suma importancia; por ejemplo, las de los colectivos de j\u00f3venes y mujeres en la capital.<\/p>\n<p><strong>Autores<\/strong>: IDPC<br \/>\n<strong>A\u00f1o:<\/strong> 2022<\/p>\n<p><a href=\"https:\/\/libreriasiglo.com\/selloeditorial\/ipc-instituto-distrital-de-patrimonio-cultural.html\"><img decoding=\"async\" class=\"alignleft wp-image-11899 size-full\" src=\"https:\/\/idpc.gov.co\/publicaciones\/wp-content\/uploads\/2020\/12\/comprar.png\" alt=\"Comprar\" width=\"158\" height=\"49\" \/><\/a><\/p>\n","protected":false},"featured_media":42818,"comment_status":"open","ping_status":"closed","template":"","meta":{"_acf_changed":false},"product_brand":[],"product_cat":[104],"product_tag":[],"class_list":{"0":"post-42812","1":"product","2":"type-product","3":"status-publish","4":"has-post-thumbnail","6":"product_cat-expresiones_y_agencias","8":"first","9":"instock","10":"shipping-taxable","11":"purchasable","12":"product-type-simple"},"acf":[],"_links":{"self":[{"href":"https:\/\/idpc.gov.co\/publicaciones\/wp-json\/wp\/v2\/product\/42812","targetHints":{"allow":["GET"]}}],"collection":[{"href":"https:\/\/idpc.gov.co\/publicaciones\/wp-json\/wp\/v2\/product"}],"about":[{"href":"https:\/\/idpc.gov.co\/publicaciones\/wp-json\/wp\/v2\/types\/product"}],"replies":[{"embeddable":true,"href":"https:\/\/idpc.gov.co\/publicaciones\/wp-json\/wp\/v2\/comments?post=42812"}],"wp:featuredmedia":[{"embeddable":true,"href":"https:\/\/idpc.gov.co\/publicaciones\/wp-json\/wp\/v2\/media\/42818"}],"wp:attachment":[{"href":"https:\/\/idpc.gov.co\/publicaciones\/wp-json\/wp\/v2\/media?parent=42812"}],"wp:term":[{"taxonomy":"product_brand","embeddable":true,"href":"https:\/\/idpc.gov.co\/publicaciones\/wp-json\/wp\/v2\/product_brand?post=42812"},{"taxonomy":"product_cat","embeddable":true,"href":"https:\/\/idpc.gov.co\/publicaciones\/wp-json\/wp\/v2\/product_cat?post=42812"},{"taxonomy":"product_tag","embeddable":true,"href":"https:\/\/idpc.gov.co\/publicaciones\/wp-json\/wp\/v2\/product_tag?post=42812"}],"curies":[{"name":"wp","href":"https:\/\/api.w.org\/{rel}","templated":true}]}}