{"id":42811,"date":"2022-12-15T09:36:14","date_gmt":"2022-12-15T14:36:14","guid":{"rendered":"https:\/\/idpc.gov.co\/publicaciones\/?post_type=product&#038;p=42811"},"modified":"2024-04-30T22:32:05","modified_gmt":"2024-05-01T03:32:05","slug":"el-palo-del-ahorcado","status":"publish","type":"product","link":"https:\/\/idpc.gov.co\/publicaciones\/producto\/el-palo-del-ahorcado\/","title":{"rendered":"El Palo del Ahorcado. De la Ra\u00edz a la resistencia y \u201cVioleta ech\u00f3 Ra\u00edces en la monta\u00f1a\u201d"},"content":{"rendered":"<p><strong>\u00a0\u201cEl Palo del Ahorcado. De la Ra\u00edz a la resistencia\u201d <\/strong><\/p>\n<p><iframe style=\"border: none; width: 100%; height: 326px;\" src=\"https:\/\/e.issuu.com\/embed.html?d=palo_del_ahorcadoweb&amp;u=patrimoniobogota\" allowfullscreen=\"allowfullscreen\"><span data-mce-type=\"bookmark\" style=\"display: inline-block; width: 0px; overflow: hidden; line-height: 0;\" class=\"mce_SELRES_start\">\ufeff<\/span><span data-mce-type=\"bookmark\" style=\"display: inline-block; width: 0px; overflow: hidden; line-height: 0;\" class=\"mce_SELRES_start\">\ufeff<\/span><\/iframe><\/p>\n<p><strong>\u00a0\u201cVioleta ech\u00f3 Ra\u00edces en la monta\u00f1a\u201d <\/strong><\/p>\n<p><iframe style=\"border: none; width: 100%; height: 326px;\" src=\"https:\/\/e.issuu.com\/embed.html?d=violeta_echo_raices&amp;u=patrimoniobogota\" allowfullscreen=\"allowfullscreen\"><span data-mce-type=\"bookmark\" style=\"display: inline-block; width: 0px; overflow: hidden; line-height: 0;\" class=\"mce_SELRES_start\">\ufeff<\/span><span data-mce-type=\"bookmark\" style=\"display: inline-block; width: 0px; overflow: hidden; line-height: 0;\" class=\"mce_SELRES_start\"><span data-mce-type=\"bookmark\" style=\"display: inline-block; width: 0px; overflow: hidden; line-height: 0;\" class=\"mce_SELRES_start\">\ufeff<\/span>\ufeff<\/span><\/iframe><\/p>\n","protected":false},"excerpt":{"rendered":"<p>El Palo del Ahorcado es un \u00e1rbol de eucalipto que naci\u00f3 y se arraig\u00f3 en la cima de Cerro Seco en el barrio Potos\u00ed en Ciudad Bol\u00edvar, y se convirti\u00f3 en s\u00edmbolo local que recoge la memoria y la experiencia de vida de los y las habitantes de la localidad en el borde sur de la ciudad de Bogot\u00e1.<\/p>\n<p>Este \u00e1rbol, desde hace casi un siglo, es un elemento natural y cultural que ha sido dotado de gran valor simb\u00f3lico. Enra\u00edza el territorio con la memoria colectiva y las trayectorias de vida de miles de habitantes de la ciudad, en un rico tejido comunitario representado en relaciones de familiaridad y vecindad, as\u00ed como con las pr\u00e1cticas asociadas a luchas sociales y ambientales de los habitantes del sur de la capital. En su conjunto, este entramado de relaciones le da vida y sentido a este \u00e1rbol como un patrimonio para los habitantes de Ciudad Bol\u00edvar y de Bogot\u00e1.<\/p>\n<p>Este libro es el resultado de la reflexi\u00f3n y el trabajo colaborativo entre integrantes de diversas organizaciones sociales de Ciudad Bol\u00edvar y el Instituto Distrital de Patrimonio Cultural (IDPC). A trav\u00e9s de cuatro cap\u00edtulos, cuya estructura se inspira en las partes del \u00e1rbol (tierra, ra\u00edces, tronco y ramas), este libro busca sensibilizar a sus lectores sobre la importancia del Palo del Ahorcado como un referente de las luchas sociales y ambientales en Ciudad Bol\u00edvar, as\u00ed como sobre su importancia como eje articulador de pr\u00e1cticas con un alto valor social y patrimonial.<\/p>\n<p>Este ejercicio de escritura y organizaci\u00f3n colectiva de textos, relatos, im\u00e1genes y narrativas diversas sobre el Palo tambi\u00e9n se ve reflejado en el cuento Violeta ech\u00f3 ra\u00edces en la monta\u00f1a, el cual complementa esta publicaci\u00f3n y est\u00e1 dirigido al p\u00fablico infantil con el prop\u00f3sito de convertirse en una herramienta pedag\u00f3gica que permita estimular en los m\u00e1s peque\u00f1os la curiosidad por el \u00e1rbol del Ahorcado y aproximarlos a sus significados patrimoniales. Ambas publicaciones constituyen una experiencia \u00fanica para el sello editorial del IDPC que le ha apuntado, de un lado, a visibilizar saberes y procesos de investigaci\u00f3n local y, de otro, a reconocer comprensiones y valoraciones comunitarias sobre el patrimonio cultural de la ciudad dirigidas a diferentes p\u00fablicos.<\/p>\n<p><strong>Autores<\/strong>: Alejandra Galeano, Darling Molina, Carlos Arias, Michael Ram\u00edrez, Edna Higuera, Diana Castillo.<br \/>\n<strong>A\u00f1o:<\/strong> 2022<br \/>\n<a href=\"https:\/\/libreriasiglo.com\/selloeditorial\/ipc-instituto-distrital-de-patrimonio-cultural.html\"><img decoding=\"async\" class=\"alignleft wp-image-11899 size-full\" src=\"https:\/\/idpc.gov.co\/publicaciones\/wp-content\/uploads\/2020\/12\/comprar.png\" alt=\"Comprar\" width=\"158\" height=\"49\" \/><\/a><\/p>\n","protected":false},"featured_media":42815,"comment_status":"open","ping_status":"closed","template":"","meta":{"_acf_changed":false},"product_brand":[],"product_cat":[104],"product_tag":[],"class_list":{"0":"post-42811","1":"product","2":"type-product","3":"status-publish","4":"has-post-thumbnail","6":"product_cat-expresiones_y_agencias","8":"first","9":"instock","10":"shipping-taxable","11":"purchasable","12":"product-type-simple"},"acf":[],"_links":{"self":[{"href":"https:\/\/idpc.gov.co\/publicaciones\/wp-json\/wp\/v2\/product\/42811","targetHints":{"allow":["GET"]}}],"collection":[{"href":"https:\/\/idpc.gov.co\/publicaciones\/wp-json\/wp\/v2\/product"}],"about":[{"href":"https:\/\/idpc.gov.co\/publicaciones\/wp-json\/wp\/v2\/types\/product"}],"replies":[{"embeddable":true,"href":"https:\/\/idpc.gov.co\/publicaciones\/wp-json\/wp\/v2\/comments?post=42811"}],"wp:featuredmedia":[{"embeddable":true,"href":"https:\/\/idpc.gov.co\/publicaciones\/wp-json\/wp\/v2\/media\/42815"}],"wp:attachment":[{"href":"https:\/\/idpc.gov.co\/publicaciones\/wp-json\/wp\/v2\/media?parent=42811"}],"wp:term":[{"taxonomy":"product_brand","embeddable":true,"href":"https:\/\/idpc.gov.co\/publicaciones\/wp-json\/wp\/v2\/product_brand?post=42811"},{"taxonomy":"product_cat","embeddable":true,"href":"https:\/\/idpc.gov.co\/publicaciones\/wp-json\/wp\/v2\/product_cat?post=42811"},{"taxonomy":"product_tag","embeddable":true,"href":"https:\/\/idpc.gov.co\/publicaciones\/wp-json\/wp\/v2\/product_tag?post=42811"}],"curies":[{"name":"wp","href":"https:\/\/api.w.org\/{rel}","templated":true}]}}