{"id":42810,"date":"2022-12-15T09:35:06","date_gmt":"2022-12-15T14:35:06","guid":{"rendered":"https:\/\/idpc.gov.co\/publicaciones\/?post_type=product&#038;p=42810"},"modified":"2024-04-30T22:35:57","modified_gmt":"2024-05-01T03:35:57","slug":"bosque-calderon-tejada","status":"publish","type":"product","link":"https:\/\/idpc.gov.co\/publicaciones\/producto\/bosque-calderon-tejada\/","title":{"rendered":"Bosque Calder\u00f3n Tejada. Un barrio arraigado a los cerros y al arrullo de la quebrada Las Delicias en Bogot\u00e1"},"content":{"rendered":"<p><iframe style=\"border: none; width: 100%; height: 326px;\" src=\"https:\/\/e.issuu.com\/embed.html?d=bosque_calderon_web&amp;u=patrimoniobogota\" allowfullscreen=\"allowfullscreen\"><span data-mce-type=\"bookmark\" style=\"display: inline-block; width: 0px; overflow: hidden; line-height: 0;\" class=\"mce_SELRES_start\">\ufeff<\/span><span data-mce-type=\"bookmark\" style=\"display: inline-block; width: 0px; overflow: hidden; line-height: 0;\" class=\"mce_SELRES_start\">\ufeff<\/span><\/iframe><\/p>\n","protected":false},"excerpt":{"rendered":"<p>La historia del barrio Bosque Calder\u00f3n Tejada en Bogot\u00e1 ha estado marcada por las tensiones propias de un barrio visto como ilegal. Pese a que m\u00e1s de cinco generaciones de familias llevan habitando este lugar desde inicios de siglo XX, a lo largo de su trayectoria, el acto de resistencia por parte de sus habitantes ante el posible desalojo y la presi\u00f3n inmobiliaria ha sido una constante.\u00a0 Pero no es solo eso lo que caracteriza al barrio. Su condici\u00f3n de espacio aferrado a las faldas de los cerros Orientales de Chapinero, su ubicaci\u00f3n a orillas de la quebrada Las Delicias y el desarrollo de una tradici\u00f3n de organizaci\u00f3n comunitaria que ha luchado por la b\u00fasqueda y garant\u00eda de condiciones m\u00ednimas de habitabilidad tambi\u00e9n son circunstancias que lo definen. Sin estos elementos no podr\u00eda hacerse referencia al v\u00ednculo que existe entre los habitantes y su barrio.<\/p>\n<p>Preguntarse por las formas en que se ha ido construyendo la historia urbana de la ciudad es una de las inquietudes que subyacen a la iniciativa de investigaci\u00f3n de esta publicaci\u00f3n, ganadora de la Beca de Investigaci\u00f3n Hist\u00f3rica de un Barrio de Bogot\u00e1, del Programa Distrital de Est\u00edmulos del Instituto Distrital de Patrimonio Cultural en 2020.\u00a0 Si bien la indagaci\u00f3n de barrios y zonas en Bogot\u00e1 se ha concentrado hasta el momento de forma rigurosa en la pauta que marcan la formalidad, la legalidad y los proyectos de urbanizaci\u00f3n desarrollados por firmas arquitect\u00f3nicas, la comprensi\u00f3n de otros lugares que escapan a esta l\u00f3gica, como el Bosque Calder\u00f3n Tejada, da cuenta de una Bogot\u00e1 m\u00e1s grande y compleja en t\u00e9rminos de ocupaci\u00f3n, crecimiento, historia, urbanismo y memoria.<\/p>\n<p>Este t\u00edtulo ampl\u00eda la colecci\u00f3n que el sello editorial ha conformado sobre barrios bogotanos, dentro de la que ya se encuentran ejemplos tan distintos como La Magdalena: consolidaci\u00f3n urbana de una antigua quinta (2017), Del barrio la Providencia al esplendor del Jorge Eli\u00e9cer de Gait\u00e1n (2020) y \u00a1C\u00e1lcelo, sin compromiso! El arte de la zapater\u00eda en el barrio Restrepo en Bogot\u00e1 (2021).\u00a0 La presente publicaci\u00f3n enfila la colecci\u00f3n, pero a diferencia de sus antecesores lo hace desde las m\u00e1rgenes de lo que implica ser un barrio informal.<\/p>\n<p><strong>Autoras<\/strong>: Ana Mar\u00eda G\u00f3mez Bernal y Diana Camelo Pinilla<br \/>\n<strong>A\u00f1o:<\/strong> 2022<br \/>\n<a href=\"https:\/\/libreriasiglo.com\/selloeditorial\/ipc-instituto-distrital-de-patrimonio-cultural.html\"><img decoding=\"async\" class=\"alignleft wp-image-11899 size-full\" src=\"https:\/\/idpc.gov.co\/publicaciones\/wp-content\/uploads\/2020\/12\/comprar.png\" alt=\"Comprar\" width=\"158\" height=\"49\" \/><\/a><\/p>\n","protected":false},"featured_media":42817,"comment_status":"open","ping_status":"closed","template":"","meta":{"_acf_changed":false},"product_brand":[],"product_cat":[102,101],"product_tag":[],"class_list":{"0":"post-42810","1":"product","2":"type-product","3":"status-publish","4":"has-post-thumbnail","6":"product_cat-exploraciones_y_recorridos","7":"product_cat-lugares_y_tiempos","9":"first","10":"instock","11":"shipping-taxable","12":"purchasable","13":"product-type-simple"},"acf":[],"_links":{"self":[{"href":"https:\/\/idpc.gov.co\/publicaciones\/wp-json\/wp\/v2\/product\/42810","targetHints":{"allow":["GET"]}}],"collection":[{"href":"https:\/\/idpc.gov.co\/publicaciones\/wp-json\/wp\/v2\/product"}],"about":[{"href":"https:\/\/idpc.gov.co\/publicaciones\/wp-json\/wp\/v2\/types\/product"}],"replies":[{"embeddable":true,"href":"https:\/\/idpc.gov.co\/publicaciones\/wp-json\/wp\/v2\/comments?post=42810"}],"wp:featuredmedia":[{"embeddable":true,"href":"https:\/\/idpc.gov.co\/publicaciones\/wp-json\/wp\/v2\/media\/42817"}],"wp:attachment":[{"href":"https:\/\/idpc.gov.co\/publicaciones\/wp-json\/wp\/v2\/media?parent=42810"}],"wp:term":[{"taxonomy":"product_brand","embeddable":true,"href":"https:\/\/idpc.gov.co\/publicaciones\/wp-json\/wp\/v2\/product_brand?post=42810"},{"taxonomy":"product_cat","embeddable":true,"href":"https:\/\/idpc.gov.co\/publicaciones\/wp-json\/wp\/v2\/product_cat?post=42810"},{"taxonomy":"product_tag","embeddable":true,"href":"https:\/\/idpc.gov.co\/publicaciones\/wp-json\/wp\/v2\/product_tag?post=42810"}],"curies":[{"name":"wp","href":"https:\/\/api.w.org\/{rel}","templated":true}]}}