{"id":42809,"date":"2022-12-15T09:34:10","date_gmt":"2022-12-15T14:34:10","guid":{"rendered":"https:\/\/idpc.gov.co\/publicaciones\/?post_type=product&#038;p=42809"},"modified":"2024-04-30T22:35:54","modified_gmt":"2024-05-01T03:35:54","slug":"historia-tras-una-mandibula-sin-nombre","status":"publish","type":"product","link":"https:\/\/idpc.gov.co\/publicaciones\/producto\/historia-tras-una-mandibula-sin-nombre\/","title":{"rendered":"Historia tras una mand\u00edbula sin nombre. Especulaciones sobre la vida de una mujer de clase en la joven Bogot\u00e1 republicana"},"content":{"rendered":"<p><iframe style=\"border: none; width: 100%; height: 326px;\" src=\"https:\/\/e.issuu.com\/embed.html?d=la_historia_de_una_mandi_bula_sin_nombreweb&amp;u=patrimoniobogota\" allowfullscreen=\"allowfullscreen\"><span data-mce-type=\"bookmark\" style=\"display: inline-block; width: 0px; overflow: hidden; line-height: 0;\" class=\"mce_SELRES_start\">\ufeff<\/span><span data-mce-type=\"bookmark\" style=\"display: inline-block; width: 0px; overflow: hidden; line-height: 0;\" class=\"mce_SELRES_start\">\ufeff<\/span><span data-mce-type=\"bookmark\" style=\"display: inline-block; width: 0px; overflow: hidden; line-height: 0;\" class=\"mce_SELRES_start\">\ufeff<\/span><\/iframe><\/p>\n","protected":false},"excerpt":{"rendered":"<p>La fascinaci\u00f3n con la que los arque\u00f3logos y arque\u00f3logas interpretan el pasado a trav\u00e9s de los estudios que realizan de los vestigios que encuentran como producto de las excavaciones resulta a veces dif\u00edcil de ser transmitida. Y es que, desde la perspectiva de un observador desprevenido, un hueco profundo con marcaciones de niveles y uno que otro objeto a veces ininteligible no logran transmitir la proyecci\u00f3n, interpretaci\u00f3n y, sin miedo a decirlo, la imaginaci\u00f3n que atraviesa el quehacer riguroso de estos profesionales para poder recrear la vida que habit\u00f3 en otra \u00e9poca.<\/p>\n<p>Esta publicaci\u00f3n es precisamente una apuesta para mostrar esa emoci\u00f3n que est\u00e1 presente en los hallazgos de patrimonio arqueol\u00f3gico en Bogot\u00e1.\u00a0 Busca dar cuenta de las formas en que podemos interpretar el pasado a partir de los resultados rigurosos, t\u00e9cnicos y especializados de los informes de arqueolog\u00eda, pero mostrados de manera atractiva y de acceso para toda la ciudadan\u00eda, a trav\u00e9s de un interesante uso de la ilustraci\u00f3n y de la creaci\u00f3n literaria.<\/p>\n<p>El relato acerca de Juana Simona, hija natural de un espa\u00f1ol y una verdulera del mercado de la plaza de Bol\u00edvar, nos acerca a los h\u00e1bitos y el capital simb\u00f3lico y social que ella adquiri\u00f3, pese a su condici\u00f3n humilde, a trav\u00e9s de la apropiaci\u00f3n de unos c\u00f3digos y pr\u00e1cticas sociales aprobados por las pol\u00edticas de higienizaci\u00f3n y buenas maneras de la \u00e9poca.<\/p>\n<p>Los datos de Juana Simona se obtuvieron a partir de una mand\u00edbula hallada en un relleno \u00f3seo alrededor de la escalera por la cual se bajaba a la cripta de la iglesia de San Ignacio, en el centro hist\u00f3rico de Bogot\u00e1; la identificaci\u00f3n bioarqueol\u00f3gica, de los c\u00e1lculos dentales y las calzas, entre otros, arrojaron informaci\u00f3n de su forma de alimentaci\u00f3n, enfermedades padecidas, edad y sexo.<\/p>\n<p>Las ilustraciones fueron realizadas por Elizabeth Builes, quien logr\u00f3 gr\u00e1cilmente ponerle rostro a Juana Simona. Tambi\u00e9n, para esta \u00faltima, se cont\u00f3 con el trabajo de t\u00e9cnica de collage realizado por Yessica Acosta.<\/p>\n<p>El conocimiento de la vida de quienes nos antecedieron en este territorio nos permite ampliar las formas en que imaginamos, cuestionamos y comprendemos nuestro pasado.<\/p>\n<p><strong>Autora<\/strong>: Daniela Trujillo Hassan<span style=\"font-weight: 400;\"><br \/>\n<\/span><strong>A\u00f1o:<\/strong> 2022<br \/>\n<a href=\"https:\/\/libreriasiglo.com\/selloeditorial\/ipc-instituto-distrital-de-patrimonio-cultural.html\"><img decoding=\"async\" class=\"alignleft wp-image-11899 size-full\" src=\"https:\/\/idpc.gov.co\/publicaciones\/wp-content\/uploads\/2020\/12\/comprar.png\" alt=\"Comprar\" width=\"158\" height=\"49\" \/><\/a><\/p>\n","protected":false},"featured_media":42814,"comment_status":"open","ping_status":"closed","template":"","meta":{"_acf_changed":false},"product_brand":[],"product_cat":[102],"product_tag":[],"class_list":{"0":"post-42809","1":"product","2":"type-product","3":"status-publish","4":"has-post-thumbnail","6":"product_cat-exploraciones_y_recorridos","8":"first","9":"instock","10":"shipping-taxable","11":"purchasable","12":"product-type-simple"},"acf":[],"_links":{"self":[{"href":"https:\/\/idpc.gov.co\/publicaciones\/wp-json\/wp\/v2\/product\/42809","targetHints":{"allow":["GET"]}}],"collection":[{"href":"https:\/\/idpc.gov.co\/publicaciones\/wp-json\/wp\/v2\/product"}],"about":[{"href":"https:\/\/idpc.gov.co\/publicaciones\/wp-json\/wp\/v2\/types\/product"}],"replies":[{"embeddable":true,"href":"https:\/\/idpc.gov.co\/publicaciones\/wp-json\/wp\/v2\/comments?post=42809"}],"wp:featuredmedia":[{"embeddable":true,"href":"https:\/\/idpc.gov.co\/publicaciones\/wp-json\/wp\/v2\/media\/42814"}],"wp:attachment":[{"href":"https:\/\/idpc.gov.co\/publicaciones\/wp-json\/wp\/v2\/media?parent=42809"}],"wp:term":[{"taxonomy":"product_brand","embeddable":true,"href":"https:\/\/idpc.gov.co\/publicaciones\/wp-json\/wp\/v2\/product_brand?post=42809"},{"taxonomy":"product_cat","embeddable":true,"href":"https:\/\/idpc.gov.co\/publicaciones\/wp-json\/wp\/v2\/product_cat?post=42809"},{"taxonomy":"product_tag","embeddable":true,"href":"https:\/\/idpc.gov.co\/publicaciones\/wp-json\/wp\/v2\/product_tag?post=42809"}],"curies":[{"name":"wp","href":"https:\/\/api.w.org\/{rel}","templated":true}]}}