{"id":42808,"date":"2022-12-15T09:32:22","date_gmt":"2022-12-15T14:32:22","guid":{"rendered":"https:\/\/idpc.gov.co\/publicaciones\/?post_type=product&#038;p=42808"},"modified":"2024-04-30T22:35:51","modified_gmt":"2024-05-01T03:35:51","slug":"la-trama-de-kinzha","status":"publish","type":"product","link":"https:\/\/idpc.gov.co\/publicaciones\/producto\/la-trama-de-kinzha\/","title":{"rendered":"La trama de Kinzha. Un mundo tejido en las riberas del r\u00edo Tunjuelito"},"content":{"rendered":"<p><iframe style=\"border: none; width: 100%; height: 326px;\" src=\"https:\/\/e.issuu.com\/embed.html?d=la_trama_de_kinzhaweb&amp;u=patrimoniobogota\" allowfullscreen=\"allowfullscreen\"><span data-mce-type=\"bookmark\" style=\"display: inline-block; width: 0px; overflow: hidden; line-height: 0;\" class=\"mce_SELRES_start\">\ufeff<\/span><span data-mce-type=\"bookmark\" style=\"display: inline-block; width: 0px; overflow: hidden; line-height: 0;\" class=\"mce_SELRES_start\">\ufeff<\/span><\/iframe><\/p>\n","protected":false},"excerpt":{"rendered":"<p>La fascinaci\u00f3n con la que los arque\u00f3logos y arque\u00f3logas interpretan el pasado a trav\u00e9s de los estudios que realizan de los vestigios que encuentran como producto de las excavaciones resulta a veces dif\u00edcil de ser transmitida. Y es que, desde la perspectiva de un observador desprevenido, un hueco profundo con marcaciones de niveles y uno que otro objeto a veces ininteligible no logran transmitir la proyecci\u00f3n, interpretaci\u00f3n y, sin miedo a decirlo, la imaginaci\u00f3n que atraviesa el quehacer riguroso de estos profesionales para poder recrear la vida que habit\u00f3 en otra \u00e9poca.<\/p>\n<p>Esta publicaci\u00f3n es precisamente una apuesta para mostrar esa emoci\u00f3n que est\u00e1 presente en los hallazgos de patrimonio arqueol\u00f3gico en Bogot\u00e1.\u00a0 Busca dar cuenta de las formas en que podemos interpretar el pasado a partir de los resultados rigurosos, t\u00e9cnicos y especializados de los informes de arqueolog\u00eda, pero mostrados de manera atractiva y de acceso para toda la ciudadan\u00eda, a trav\u00e9s de un interesante uso de la ilustraci\u00f3n y de la creaci\u00f3n literaria.<\/p>\n<p>Alejada del lenguaje que caracteriza su oficio, la narraci\u00f3n\u00a0 se centran de forma \u00edntima en la vida cotidiana Kinzha, una ni\u00f1a que nos habla de una familia muisca, y de los oficios y formas de vida que comprenden la alfarer\u00eda, el tejido, la caza, la comida, los tintes, los animales y las formas de interactuar en su entorno y en su boh\u00edo. Kinzha da cuenta de lo que debi\u00f3 haber sido en aquel momento la rica vida en la cuenca del r\u00edo Tunjuelo, hoy convertida en un lugar urbanizado en la capital, que ha dado la espalda al agua y que aparentemente olvid\u00f3 a esos primeros habitantes.<\/p>\n<p>La historia se reconstruye a partir del an\u00e1lisis y la documentaci\u00f3n de los restos cer\u00e1micos y \u00f3seos, marcas halladas en el terreno, tintes, textiles y formas de enterramiento.<\/p>\n<p>Las ilustraciones fueron realizadas por Elizabeth Builes, quien logr\u00f3 gr\u00e1cilmente ponerles rostro y color a los mundos de Kinzha.<\/p>\n<p><strong>Autora<\/strong>: S<span style=\"font-weight: 400;\">andra Mendoza<br \/>\n<\/span><strong>A\u00f1o:<\/strong> 2022<br \/>\n<a href=\"https:\/\/libreriasiglo.com\/selloeditorial\/ipc-instituto-distrital-de-patrimonio-cultural.html\"><img decoding=\"async\" class=\"alignleft wp-image-11899 size-full\" src=\"https:\/\/idpc.gov.co\/publicaciones\/wp-content\/uploads\/2020\/12\/comprar.png\" alt=\"Comprar\" width=\"158\" height=\"49\" \/><\/a><\/p>\n","protected":false},"featured_media":42813,"comment_status":"open","ping_status":"closed","template":"","meta":{"_acf_changed":false},"product_brand":[],"product_cat":[102],"product_tag":[],"class_list":{"0":"post-42808","1":"product","2":"type-product","3":"status-publish","4":"has-post-thumbnail","6":"product_cat-exploraciones_y_recorridos","8":"first","9":"instock","10":"shipping-taxable","11":"purchasable","12":"product-type-simple"},"acf":[],"_links":{"self":[{"href":"https:\/\/idpc.gov.co\/publicaciones\/wp-json\/wp\/v2\/product\/42808","targetHints":{"allow":["GET"]}}],"collection":[{"href":"https:\/\/idpc.gov.co\/publicaciones\/wp-json\/wp\/v2\/product"}],"about":[{"href":"https:\/\/idpc.gov.co\/publicaciones\/wp-json\/wp\/v2\/types\/product"}],"replies":[{"embeddable":true,"href":"https:\/\/idpc.gov.co\/publicaciones\/wp-json\/wp\/v2\/comments?post=42808"}],"wp:featuredmedia":[{"embeddable":true,"href":"https:\/\/idpc.gov.co\/publicaciones\/wp-json\/wp\/v2\/media\/42813"}],"wp:attachment":[{"href":"https:\/\/idpc.gov.co\/publicaciones\/wp-json\/wp\/v2\/media?parent=42808"}],"wp:term":[{"taxonomy":"product_brand","embeddable":true,"href":"https:\/\/idpc.gov.co\/publicaciones\/wp-json\/wp\/v2\/product_brand?post=42808"},{"taxonomy":"product_cat","embeddable":true,"href":"https:\/\/idpc.gov.co\/publicaciones\/wp-json\/wp\/v2\/product_cat?post=42808"},{"taxonomy":"product_tag","embeddable":true,"href":"https:\/\/idpc.gov.co\/publicaciones\/wp-json\/wp\/v2\/product_tag?post=42808"}],"curies":[{"name":"wp","href":"https:\/\/api.w.org\/{rel}","templated":true}]}}