{"id":42798,"date":"2022-10-26T16:39:37","date_gmt":"2022-10-26T21:39:37","guid":{"rendered":"https:\/\/idpc.gov.co\/publicaciones\/?post_type=product&#038;p=42798"},"modified":"2024-04-30T22:15:44","modified_gmt":"2024-05-01T03:15:44","slug":"luz-amorocho","status":"publish","type":"product","link":"https:\/\/idpc.gov.co\/publicaciones\/producto\/luz-amorocho\/","title":{"rendered":"Luz Amorocho"},"content":{"rendered":"<p><strong>Luz Amorocho, Arquitecta <\/strong><\/p>\n<p><iframe style=\"border: none; width: 100%; height: 326px;\" src=\"https:\/\/e.issuu.com\/embed.html?d=luzamorocho&amp;u=patrimoniobogota\" allowfullscreen=\"allowfullscreen\"><span data-mce-type=\"bookmark\" style=\"display: inline-block; width: 0px; overflow: hidden; line-height: 0;\" class=\"mce_SELRES_start\">\ufeff<\/span><\/iframe><\/p>\n<p><strong>Luz al O\u00eddo:<\/strong><\/p>\n<p><iframe style=\"border: none; width: 100%; height: 326px;\" src=\"https:\/\/e.issuu.com\/embed.html?d=luzamorochoal_oido_web&amp;u=patrimoniobogota\" allowfullscreen=\"allowfullscreen\"><span data-mce-type=\"bookmark\" style=\"display: inline-block; width: 0px; overflow: hidden; line-height: 0;\" class=\"mce_SELRES_start\">\ufeff<\/span><\/iframe><\/p>\n","protected":false},"excerpt":{"rendered":"<p>Este libro es un ejercicio que intenta salirse de los formalismos. Quiz\u00e1s solamente por fuera de las f\u00f3rmulas y las convenciones resulta probable narrar a una mujer como Luz Amorocho. Si bien el hecho de haber sido la primera mujer graduada como arquitecta en el pa\u00eds es la raz\u00f3n por la cual se la reconoce en \u00e1mbitos acad\u00e9micos e intelectuales \u2014aunque de manera muy insuficiente\u2014, su condici\u00f3n de precursora solo es comprensible si se atiende al car\u00e1cter singular de una mujer que tom\u00f3 el riesgo de habitar los terrenos prol\u00edficos que se ocultan debajo de los contornos clasificatorios. Es all\u00ed, fuera del mandato de los l\u00edmites, siempre artificiosos, donde se encuentran las regiones m\u00e1s fecundas para la realizaci\u00f3n y el descubrimiento. Y fueron estas, como se ver\u00e1 a lo largo del texto, las regiones que habit\u00f3 Luz Amorocho.<\/p>\n<p>Dos tonalidades resuenan en las p\u00e1ginas siguientes de esta publicaci\u00f3n cuyo formato corresponde al de cara y cruz. Una se sintetiza en el enunciado que plantea Silvia Arango en su texto introductorio: \u201cLuz fue conocida como la primera mujer en graduarse como arquitecta en Colombia y pretendimos entender cu\u00e1l era el significado profundo de ese hecho aparentemente tan sencillo\u201d. Y, la otra, la resume Lucas Maldonado en su pr\u00f3logo, cuando manifiesta que este es \u201cun libro que se cree m\u00fasica popular, siempre saludando parientes y amigos\u201d. Ambos registros, el de la exploraci\u00f3n del significado profundo del hecho mencionado, junto con la presencia envolvente de los universos afectivos y cotidianos de Luz Amorocho, son abordados desde m\u00faltiples fuentes, recursos y voces, para componer un relato polif\u00f3nico que procur\u00f3 ser fiel al car\u00e1cter de Luz o, al menos, no confiscarlo simb\u00f3licamente.<\/p>\n<p>Incluir el nombre de Luz Amorocho en la Colecci\u00f3n Homenajes de este sello editorial responde, desde luego, al inter\u00e9s del IDPC por reconocer la relevancia de sus logros profesionales en medio de un contexto social profundamente signado por los preceptos del patriarcado. Pero tambi\u00e9n obedece a una raz\u00f3n tal vez menos evidente, aunque no menos importante: su capacidad de deslizarse, gr\u00e1cil y vivaz, a trav\u00e9s de las paredes que separan lo vedado de lo permitido, lo improbable de lo probable, y la sujeci\u00f3n de la libertad en todas las esferas de su existencia. O en casi todas.<\/p>\n<p>La fertilidad de la desobediencia, que sin melindres, ni ademanes ni mayores ambiciones preconcebidas irrumpe, sinuosamente, desde los m\u00e1rgenes: y transforma. O, simplemente, la desobediencia como mera posibilidad del pensamiento y del andar se avizora, en estas p\u00e1ginas, como una suerte de invitaci\u00f3n que se anida debajo del umbral de la literalidad. Este gesto vital, que de momento se percibe como una insinuaci\u00f3n, podr\u00eda revelarse, en toda su sencillez y grandeza, como el legado que Luz Amorocho le entrega a una sociedad cada vez m\u00e1s voluntariamente sujeta a las estructuras que la constri\u00f1en. Es este, entonces, el legado que el Instituto Distrital de Patrimonio Cultural quiere poner de manifiesto con el presente homenaje.<\/p>\n<p><strong>Autores<\/strong>:<\/p>\n<p><strong>Luz Amorocho. Arquitecta: <\/strong>Silvia Arango, Diego Romero, Katherin Triana, William Garc\u00eda, Laura Buitrago.<strong><br \/>\nLuz al o\u00eddo: <\/strong>Lucas Maldonado.<strong><br \/>\nA\u00f1o:<\/strong> 2022<br \/>\n<a href=\"https:\/\/libreriasiglo.com\/selloeditorial\/ipc-instituto-distrital-de-patrimonio-cultural.html\"><img decoding=\"async\" class=\"alignleft wp-image-11899 size-full\" src=\"https:\/\/idpc.gov.co\/publicaciones\/wp-content\/uploads\/2020\/12\/comprar.png\" alt=\"Comprar\" width=\"158\" height=\"49\" \/><\/a><\/p>\n","protected":false},"featured_media":42802,"comment_status":"open","ping_status":"closed","template":"","meta":{"_acf_changed":false},"product_brand":[],"product_cat":[91],"product_tag":[],"class_list":{"0":"post-42798","1":"product","2":"type-product","3":"status-publish","4":"has-post-thumbnail","6":"product_cat-nombres_propios","8":"first","9":"instock","10":"shipping-taxable","11":"purchasable","12":"product-type-simple"},"acf":[],"_links":{"self":[{"href":"https:\/\/idpc.gov.co\/publicaciones\/wp-json\/wp\/v2\/product\/42798","targetHints":{"allow":["GET"]}}],"collection":[{"href":"https:\/\/idpc.gov.co\/publicaciones\/wp-json\/wp\/v2\/product"}],"about":[{"href":"https:\/\/idpc.gov.co\/publicaciones\/wp-json\/wp\/v2\/types\/product"}],"replies":[{"embeddable":true,"href":"https:\/\/idpc.gov.co\/publicaciones\/wp-json\/wp\/v2\/comments?post=42798"}],"wp:featuredmedia":[{"embeddable":true,"href":"https:\/\/idpc.gov.co\/publicaciones\/wp-json\/wp\/v2\/media\/42802"}],"wp:attachment":[{"href":"https:\/\/idpc.gov.co\/publicaciones\/wp-json\/wp\/v2\/media?parent=42798"}],"wp:term":[{"taxonomy":"product_brand","embeddable":true,"href":"https:\/\/idpc.gov.co\/publicaciones\/wp-json\/wp\/v2\/product_brand?post=42798"},{"taxonomy":"product_cat","embeddable":true,"href":"https:\/\/idpc.gov.co\/publicaciones\/wp-json\/wp\/v2\/product_cat?post=42798"},{"taxonomy":"product_tag","embeddable":true,"href":"https:\/\/idpc.gov.co\/publicaciones\/wp-json\/wp\/v2\/product_tag?post=42798"}],"curies":[{"name":"wp","href":"https:\/\/api.w.org\/{rel}","templated":true}]}}