{"id":427,"date":"2018-03-27T10:11:56","date_gmt":"2018-03-27T15:11:56","guid":{"rendered":"https:\/\/idpc.gov.co\/publicaciones\/?post_type=product&#038;p=427"},"modified":"2024-04-30T22:38:34","modified_gmt":"2024-05-01T03:38:34","slug":"objetos-y-costumbres-de-bogota-1a-subasta","status":"publish","type":"product","link":"https:\/\/idpc.gov.co\/publicaciones\/producto\/objetos-y-costumbres-de-bogota-1a-subasta\/","title":{"rendered":"Objetos y costumbres de Bogot\u00e1: 1a Subasta."},"content":{"rendered":"<p><iframe style=\"border: none; width: 100%; height: 326px;\" src=\"\/\/e.issuu.com\/embed.html?d=objetos_y_costumbres_1a_subasta&amp;u=patrimoniobogota\" allowfullscreen=\"allowfullscreen\"><\/iframe><\/p>\n","protected":false},"excerpt":{"rendered":"<div class=\"textodbpublic\">\n<p>El Instituto Distrital de Patrimonio Cultural, en un trabajo colectivo con la Asociaci\u00f3n Mercado de las Pulgas San Alejo, organiz\u00f3 la primera subasta de objetos cotidianos de los habitantes de la capital.\u00a0 Este cat\u00e1logo es una muestra del trabajo hecho por el Instituto y la Asociaci\u00f3n, en su prop\u00f3sito de reconocer a estos \u201cobjetos\u201d como bienes que puede ser meticulosamente identificados, conservados y valorados, a\u00fan cuando la normatividad no los reconozca dentro de una categor\u00eda oficial como la de Bien de Inter\u00e9s Cultural.<\/p>\n<p>En ese sentido, siguiendo la misi\u00f3n del IDPC de divulgar el patrimonio cultural de Bogot\u00e1, la Subasta se constituye en una puesta en valor de objetos que desde su sentido cultural, social e hist\u00f3rico, nos permiten evocar sucesos que nos conectan con otros tiempos y situaciones vividas dentro de nuestra ciudad.<\/p>\n<p>El Instituto Distrital de Patrimonio Cultural apoy\u00f3 y asesor\u00f3 la organizaci\u00f3n y realizaci\u00f3n de esta subasta en la que se comercializaron objetos de los vendedores de la Asociaci\u00f3n Mercado de las Pulgas de San Alejo en su beneficio econ\u00f3mico exclusivo, con los objetivos de consolidar los lazos entre el Estado y la sociedad civil para el reconocimiento del patrimonio cultural mueble bogotano.\u00a0 As\u00ed mismo, se consolid\u00f3 en una invitaci\u00f3n a la ciudadan\u00eda a hacer parte de esta subasta como un medio para crear v\u00ednculos con la memoria de la ciudad y a sumarse a la campa\u00f1a de protecci\u00f3n y reconocimiento del patrimonio cultural.<\/p>\n<p><strong>Autor:<\/strong> Instituto Distrital del Patrimonio Cultural<br \/>\n<strong>A\u00f1o:<\/strong> 2009<\/p>\n<p>&nbsp;<\/p>\n<p><a href=\"https:\/\/idpc.gov.co\/publicaciones\/descargas\/objetos_subasta.pdf\"><img decoding=\"async\" class=\"alignleft wp-image-11737 size-full\" src=\"https:\/\/idpc.gov.co\/publicaciones\/wp-content\/uploads\/2019\/03\/descargar115.png\" alt=\"\" width=\"158\" height=\"49\" \/><\/a><\/p>\n<p><strong>L<\/strong><strong>icencia de Creative Commons: Atribuci\u00f3n\u00a0\u2013 No comercial\u00a0\u2013\u00a0Sin Derivar.\u00a0Esta licencia solo permite la descarga de esta obra para compartirla con otras personas, siempre y cuando se reconozca su autor\u00eda. La obra no se puede modificar de ninguna manera, ni se puede utilizar comercialmente.<\/strong><\/p>\n<\/div>\n","protected":false},"featured_media":558,"comment_status":"open","ping_status":"closed","template":"","meta":{"_acf_changed":false},"product_brand":[],"product_cat":[102],"product_tag":[],"class_list":{"0":"post-427","1":"product","2":"type-product","3":"status-publish","4":"has-post-thumbnail","6":"product_cat-exploraciones_y_recorridos","8":"first","9":"instock","10":"shipping-taxable","11":"purchasable","12":"product-type-simple"},"acf":[],"_links":{"self":[{"href":"https:\/\/idpc.gov.co\/publicaciones\/wp-json\/wp\/v2\/product\/427","targetHints":{"allow":["GET"]}}],"collection":[{"href":"https:\/\/idpc.gov.co\/publicaciones\/wp-json\/wp\/v2\/product"}],"about":[{"href":"https:\/\/idpc.gov.co\/publicaciones\/wp-json\/wp\/v2\/types\/product"}],"replies":[{"embeddable":true,"href":"https:\/\/idpc.gov.co\/publicaciones\/wp-json\/wp\/v2\/comments?post=427"}],"wp:featuredmedia":[{"embeddable":true,"href":"https:\/\/idpc.gov.co\/publicaciones\/wp-json\/wp\/v2\/media\/558"}],"wp:attachment":[{"href":"https:\/\/idpc.gov.co\/publicaciones\/wp-json\/wp\/v2\/media?parent=427"}],"wp:term":[{"taxonomy":"product_brand","embeddable":true,"href":"https:\/\/idpc.gov.co\/publicaciones\/wp-json\/wp\/v2\/product_brand?post=427"},{"taxonomy":"product_cat","embeddable":true,"href":"https:\/\/idpc.gov.co\/publicaciones\/wp-json\/wp\/v2\/product_cat?post=427"},{"taxonomy":"product_tag","embeddable":true,"href":"https:\/\/idpc.gov.co\/publicaciones\/wp-json\/wp\/v2\/product_tag?post=427"}],"curies":[{"name":"wp","href":"https:\/\/api.w.org\/{rel}","templated":true}]}}