{"id":42636,"date":"2022-06-22T17:00:28","date_gmt":"2022-06-22T22:00:28","guid":{"rendered":"https:\/\/idpc.gov.co\/publicaciones\/?post_type=product&#038;p=42636"},"modified":"2024-04-30T22:32:02","modified_gmt":"2024-05-01T03:32:02","slug":"mi-marcha","status":"publish","type":"product","link":"https:\/\/idpc.gov.co\/publicaciones\/producto\/mi-marcha\/","title":{"rendered":"Mi Marcha.  Historias de las movilizaciones LGBTI+ en Bogot\u00e1 40 a\u00f1os de la marcha de la ciudadan\u00eda LGBT"},"content":{"rendered":"<div style=\"position: relative; padding-top: max(60%,326px); height: 0; width: 100%;\"><iframe style=\"position: absolute; border: none; width: 100%; height: 100%; left: 0; right: 0; top: 0; bottom: 0;\" src=\"https:\/\/e.issuu.com\/embed.html?d=mi-marcha-web&amp;u=patrimoniobogota\" sandbox=\"allow-top-navigation allow-top-navigation-by-user-activation allow-downloads allow-scripts allow-same-origin allow-popups allow-modals allow-popups-to-escape-sandbox\" allowfullscreen=\"allowfullscreen\"><\/iframe><\/div>\n","protected":false},"excerpt":{"rendered":"<p><em>Mi Marcha<\/em> se encuentra mediada por los tr\u00e1nsitos y los tiempos. Ambas, nociones indispensables para pensar acerca de los bordes, los l\u00edmites y las fronteras que fijamos para designar las categor\u00edas desde las cuales nos relacionamos con el mundo y los contextos. Desde lo m\u00e1s cotidiano y voluntario, hasta lo reglamentario y normativo; desde la forma en que respetamos o no las diferencias, hasta lo que, por ejemplo, en el \u00e1mbito del patrimonio cultural oficial, se clasificar\u00eda por fuera o por dentro de esta designaci\u00f3n, est\u00e1 mediado por tales categor\u00edas.<\/p>\n<p>En 2022 la marcha de la movilizaci\u00f3n LGBTI cumple cuarenta a\u00f1os de existencia en nuestra ciudad, y en el marco de esta conmemoraci\u00f3n, algunos de sus protagonistas y activistas han emprendido un ejercicio de reflexi\u00f3n y reconstrucci\u00f3n de la trama de historias, memorias y lugares propios de la marcha, con el fin de que los caminos simb\u00f3licos y espaciales andados por ella no sean olvidados.<\/p>\n<p><em>Mi Marcha<\/em> aborda los tr\u00e1nsitos y los tiempos, siempre cambiantes, de una experiencia colectiva vital para la construcci\u00f3n de ciudadan\u00eda en Bogot\u00e1, por medio de un an\u00e1lisis que contempla tanto sus logros en t\u00e9rminos del fortalecimiento de la agencia social, como los desencuentros y las tensiones internas que han hecho parte de su recorrido. De tal manera, el texto reconstruye las m\u00faltiples memorias de lo que ha sido esta manifestaci\u00f3n, a trav\u00e9s de una lectura que transita permanentemente entre los lugares y las identidades que la han configurado a lo largo de cuatro d\u00e9cadas. La persistencia en el tiempo de un di\u00e1logo entre espacios y personas es el escenario narrativo al que apela Mi Marcha para, desde la voz de sus protagonistas, hablar de una manifestaci\u00f3n est\u00e9tica y pol\u00edtica fundamental para la construcci\u00f3n y reivindicaci\u00f3n de los derechos ciudadanos.<\/p>\n<p>Al tratarse de una experiencia cuyo componente espacial es esencial para su desenvolvimiento y su car\u00e1cter convocante, no resulta sorprendente que algunos de los lugares significados, de manera particular, por la marcha coincidan con aquellos que guardan una connotaci\u00f3n emblem\u00e1tica desde lo que se considera patrimonial: la carrera S\u00e9ptima, el Parque Nacional, la Plaza de Bol\u00edvar, el barrio Santa fe, la Avenida Primero de Mayo o el barrio Olaya Herrera.<\/p>\n<p>Con <em>Mi Marcha<\/em>, el Sello Editorial del Instituto Distrital de Patrimonio Cultural, pretende unirse a la conmemoraci\u00f3n de los cuarenta a\u00f1os de una manifestaci\u00f3n que, de forma singular en la ciudad y a lo largo de estas d\u00e9cadas, ha consolidado un acto festivo, performativo y reivindicatorio, a trav\u00e9s de pr\u00e1cticas, historias, memorias, recorridos, y diversidad de identidades, cuerpos y expresiones. Nuestra apuesta es, entonces, la de que, a trav\u00e9s de las im\u00e1genes, los relatos y las periodizaciones que presenta la publicaci\u00f3n, contribuyamos a ampliar los debates y las perspectivas respecto a la forma en que hemos construido las fronteras, categor\u00edas, valoraciones e historias que conforman nuestro imaginario ciudadano.<\/p>\n<p><strong>Autor:<\/strong> Direcci\u00f3n de diversidad sexual. Secretar\u00eda Distrital de Planeaci\u00f3n.<br \/>\n<strong>A\u00f1o:<\/strong> 2022<\/p>\n<p><a href=\"https:\/\/libreriasiglo.com\/selloeditorial\/ipc-instituto-distrital-de-patrimonio-cultural.html\"><img decoding=\"async\" class=\"alignleft wp-image-11899 size-full\" src=\"https:\/\/idpc.gov.co\/publicaciones\/wp-content\/uploads\/2020\/12\/comprar.png\" alt=\"Comprar\" width=\"158\" height=\"49\" \/><\/a><\/p>\n","protected":false},"featured_media":42679,"comment_status":"open","ping_status":"closed","template":"","meta":{"_acf_changed":false},"product_brand":[],"product_cat":[104],"product_tag":[],"class_list":{"0":"post-42636","1":"product","2":"type-product","3":"status-publish","4":"has-post-thumbnail","6":"product_cat-expresiones_y_agencias","8":"first","9":"instock","10":"shipping-taxable","11":"purchasable","12":"product-type-simple"},"acf":[],"_links":{"self":[{"href":"https:\/\/idpc.gov.co\/publicaciones\/wp-json\/wp\/v2\/product\/42636","targetHints":{"allow":["GET"]}}],"collection":[{"href":"https:\/\/idpc.gov.co\/publicaciones\/wp-json\/wp\/v2\/product"}],"about":[{"href":"https:\/\/idpc.gov.co\/publicaciones\/wp-json\/wp\/v2\/types\/product"}],"replies":[{"embeddable":true,"href":"https:\/\/idpc.gov.co\/publicaciones\/wp-json\/wp\/v2\/comments?post=42636"}],"wp:featuredmedia":[{"embeddable":true,"href":"https:\/\/idpc.gov.co\/publicaciones\/wp-json\/wp\/v2\/media\/42679"}],"wp:attachment":[{"href":"https:\/\/idpc.gov.co\/publicaciones\/wp-json\/wp\/v2\/media?parent=42636"}],"wp:term":[{"taxonomy":"product_brand","embeddable":true,"href":"https:\/\/idpc.gov.co\/publicaciones\/wp-json\/wp\/v2\/product_brand?post=42636"},{"taxonomy":"product_cat","embeddable":true,"href":"https:\/\/idpc.gov.co\/publicaciones\/wp-json\/wp\/v2\/product_cat?post=42636"},{"taxonomy":"product_tag","embeddable":true,"href":"https:\/\/idpc.gov.co\/publicaciones\/wp-json\/wp\/v2\/product_tag?post=42636"}],"curies":[{"name":"wp","href":"https:\/\/api.w.org\/{rel}","templated":true}]}}