{"id":425,"date":"2018-04-17T21:30:24","date_gmt":"2018-04-18T02:30:24","guid":{"rendered":"https:\/\/idpc.gov.co\/publicaciones\/?post_type=product&#038;p=425"},"modified":"2024-04-30T22:14:25","modified_gmt":"2024-05-01T03:14:25","slug":"gustavo-arcila-uribe-armonia-plastica-de-un-pensamiento","status":"publish","type":"product","link":"https:\/\/idpc.gov.co\/publicaciones\/producto\/gustavo-arcila-uribe-armonia-plastica-de-un-pensamiento\/","title":{"rendered":"Gustavo Arcila Uribe: armon\u00eda pl\u00e1stica de un pensamiento"},"content":{"rendered":"<div style=\"position: relative; padding-top: max(60%,326px); height: 0; width: 100%;\"><iframe style=\"position: absolute; border: none; width: 100%; height: 100%; left: 0; right: 0; top: 0; bottom: 0;\" src=\"https:\/\/e.issuu.com\/embed.html?d=gustavo_arcila_&amp;u=patrimoniobogota\" sandbox=\"allow-top-navigation allow-top-navigation-by-user-activation allow-downloads allow-scripts allow-same-origin allow-popups allow-modals allow-popups-to-escape-sandbox\" allowfullscreen=\"allowfullscreen\"><\/iframe><\/div>\n","protected":false},"excerpt":{"rendered":"<p><span class=\"subtitulo\">La publicaci\u00f3n comprende un reconocimiento al trabajo desarrollado por el artista Gustavo Arcila Uribe a lo largo de las primeras cinco d\u00e9cadas del siglo XX, labor que ha enriquecido el conjunto del patrimonio mueble de Bogot\u00e1. Se trata de una narraci\u00f3n cronol\u00f3gica para conocer, a trav\u00e9s de bocetos, bustos y monumentos elaborados en arcilla, yeso, m\u00e1rmol y bronce, aspectos referidos a personajes y tem\u00e1ticas predilectas de la \u00e9poca en que fueron ejecutados, <\/span>a la formaci\u00f3n art\u00edstica del escultor y a las an\u00e9cdotas que enriquecen la historia del patrimonio cultural bogotano.<\/p>\n<p><strong>Autor:<\/strong> Instituto Distrital de Patrimonio Cultural.<br \/>\n<strong>A\u00f1o:<\/strong> 2010<\/p>\n<p><a href=\"https:\/\/libreriasiglo.com\/selloeditorial\/ipc-instituto-distrital-de-patrimonio-cultural.html\"><img decoding=\"async\" class=\"alignleft wp-image-11899 size-full\" src=\"https:\/\/idpc.gov.co\/publicaciones\/wp-content\/uploads\/2020\/12\/comprar.png\" alt=\"Comprar\" width=\"158\" height=\"49\" \/><\/a><\/p>\n","protected":false},"featured_media":426,"comment_status":"open","ping_status":"closed","template":"","meta":{"_acf_changed":false},"product_brand":[],"product_cat":[91],"product_tag":[],"class_list":{"0":"post-425","1":"product","2":"type-product","3":"status-publish","4":"has-post-thumbnail","6":"product_cat-nombres_propios","8":"first","9":"instock","10":"shipping-taxable","11":"purchasable","12":"product-type-simple"},"acf":[],"_links":{"self":[{"href":"https:\/\/idpc.gov.co\/publicaciones\/wp-json\/wp\/v2\/product\/425","targetHints":{"allow":["GET"]}}],"collection":[{"href":"https:\/\/idpc.gov.co\/publicaciones\/wp-json\/wp\/v2\/product"}],"about":[{"href":"https:\/\/idpc.gov.co\/publicaciones\/wp-json\/wp\/v2\/types\/product"}],"replies":[{"embeddable":true,"href":"https:\/\/idpc.gov.co\/publicaciones\/wp-json\/wp\/v2\/comments?post=425"}],"wp:featuredmedia":[{"embeddable":true,"href":"https:\/\/idpc.gov.co\/publicaciones\/wp-json\/wp\/v2\/media\/426"}],"wp:attachment":[{"href":"https:\/\/idpc.gov.co\/publicaciones\/wp-json\/wp\/v2\/media?parent=425"}],"wp:term":[{"taxonomy":"product_brand","embeddable":true,"href":"https:\/\/idpc.gov.co\/publicaciones\/wp-json\/wp\/v2\/product_brand?post=425"},{"taxonomy":"product_cat","embeddable":true,"href":"https:\/\/idpc.gov.co\/publicaciones\/wp-json\/wp\/v2\/product_cat?post=425"},{"taxonomy":"product_tag","embeddable":true,"href":"https:\/\/idpc.gov.co\/publicaciones\/wp-json\/wp\/v2\/product_tag?post=425"}],"curies":[{"name":"wp","href":"https:\/\/api.w.org\/{rel}","templated":true}]}}