{"id":42334,"date":"2022-02-09T16:43:26","date_gmt":"2022-02-09T21:43:26","guid":{"rendered":"https:\/\/idpc.gov.co\/publicaciones\/?post_type=product&#038;p=42334"},"modified":"2024-04-30T22:35:46","modified_gmt":"2024-05-01T03:35:46","slug":"huertas-urbanas","status":"publish","type":"product","link":"https:\/\/idpc.gov.co\/publicaciones\/producto\/huertas-urbanas\/","title":{"rendered":"Huertas urbanas en Bogot\u00e1"},"content":{"rendered":"<div style=\"position: relative; padding-top: max(60%,326px); height: 0; width: 100%;\"><iframe style=\"position: absolute; border: none; width: 100%; height: 100%; left: 0; right: 0; top: 0; bottom: 0;\" src=\"https:\/\/e.issuu.com\/embed.html?d=agenda_huertas_web&amp;u=patrimoniobogota\" sandbox=\"allow-top-navigation allow-top-navigation-by-user-activation allow-downloads allow-scripts allow-same-origin allow-popups allow-modals allow-popups-to-escape-sandbox\" allowfullscreen=\"allowfullscreen\"><\/iframe><\/div>\n","protected":false},"excerpt":{"rendered":"<p><span style=\"font-weight: 400;\">La presencia de las huertas urbanas en Bogot\u00e1 y su mayor estimaci\u00f3n por parte de sus habitantes denotan, entre otras cosas, la necesidad de las sociedades contempor\u00e1neas por restablecer los v\u00ednculos entre los ciclos de producci\u00f3n y consumo en los \u00e1mbitos dom\u00e9sticos. La existencia de estos espacios implica, desde luego, la reintegraci\u00f3n, en las maneras de habitar la ciudad, de conocimientos y pr\u00e1cticas asociados a la siembra, tales como los relativos al comportamiento de las aguas, los ciclos lunares y el cuidado de las semillas. Todo ello, adem\u00e1s, representa la posibilidad de configurar espacios que garanticen la potestad de la ciudadan\u00eda sobre el suelo que ocupa en t\u00e9rminos de soberan\u00eda alimentaria.\u00a0<\/span><\/p>\n<p><span style=\"font-weight: 400;\">Por supuesto, las \u00e1reas de cultivo exist\u00edan en Bogot\u00e1 desde antes de su fundaci\u00f3n, y permanecieron vigentes en las maneras leer y estar en la ciudad, aunque fueron desapareciendo paulatinamente, hasta la segunda mitad del siglo XX. Con el acelerado proceso de urbanizaci\u00f3n de la capital y el afianzamiento de un modelo de ordenamiento territorial a su servicio, que desencaden\u00f3 el progresivo reemplazo de las casas por edificaciones en altura, sumados a la hegemon\u00eda de las l\u00f3gicas econ\u00f3micas de producci\u00f3n y consumo masivos, la producci\u00f3n y obtenci\u00f3n de alimentos provenientes de las huertas caseras se vieron disminuidas a su m\u00ednima expresi\u00f3n.\u00a0<\/span><\/p>\n<p><span style=\"font-weight: 400;\">Bogot\u00e1, sin embargo, es un crisol de formas de vida. Las migraciones a la ciudad nos hablan de las experiencias de cuidadoras y cuidadores de semillas, que persisten en su defensa de la biodiversidad a pesar de las restricciones y reglamentaciones que han buscado monopolizar los frutos de la naturaleza; de tal manera, las zonas rurales de la capital comparten su esp\u00edritu de plantar y abastecerse de forma aut\u00f3noma, con muchos parques de barrio, terrazas y jardines verticales.\u00a0<\/span><\/p>\n<p><span style=\"font-weight: 400;\">Para la agenda 2022 del Instituto Distrital de Patrimonio Cultural, se seleccionaron doce huertas de distintas zonas de Bogot\u00e1. Cada una tiene rasgos particulares que permiten ver un conjunto diverso pero cohesionado alrededor de la apuesta por integrar, a la vida de la ciudad, conocimientos y rasgos culturales que giran en torno al cultivo de la tierra. Sus historias hablan de zonas comunes en barrios y edificios; de proyectos de mediaci\u00f3n en museos; de terrazas, patios, emprendimientos locales y defensa de derechos. Por su parte, el calendario nos muestra los ciclos lunares, equinoccios y solsticios, y se acompa\u00f1a de algunas recomendaciones para el cuidado y el mantenimiento de las siembras. Quisimos, adem\u00e1s, proponer una serie de ideas que puedan alimentar las iniciativas de creaci\u00f3n de huertas, as\u00ed como presentar a un grupo de mujeres y hombres dedicados al cuidado de semillas, jardines y cultivos, que est\u00e1n en disposici\u00f3n de transmitir su experiencia.\u00a0<\/span><\/p>\n<p><strong>Autores<\/strong>: Jos\u00e9 Antonio Ram\u00edrez, Agrupaci\u00f3n Buenas Hierbas, Agrupaci\u00f3n Redes y Relatos de Agricultores Urbanos, Alfredo Bar\u00f3n, Ximena Bernal.<br \/>\n<strong>A\u00f1o<\/strong>: 2021<\/p>\n<p><a href=\"https:\/\/libreriasiglo.com\/selloeditorial\/ipc-instituto-distrital-de-patrimonio-cultural.html\"><img decoding=\"async\" class=\"alignleft wp-image-11899 size-full\" src=\"https:\/\/idpc.gov.co\/publicaciones\/wp-content\/uploads\/2020\/12\/comprar.png\" alt=\"Comprar\" width=\"158\" height=\"49\" \/><\/a><\/p>\n","protected":false},"featured_media":42336,"comment_status":"open","ping_status":"closed","template":"","meta":{"_acf_changed":false},"product_brand":[],"product_cat":[102],"product_tag":[],"class_list":{"0":"post-42334","1":"product","2":"type-product","3":"status-publish","4":"has-post-thumbnail","6":"product_cat-exploraciones_y_recorridos","8":"first","9":"instock","10":"shipping-taxable","11":"purchasable","12":"product-type-simple"},"acf":[],"_links":{"self":[{"href":"https:\/\/idpc.gov.co\/publicaciones\/wp-json\/wp\/v2\/product\/42334","targetHints":{"allow":["GET"]}}],"collection":[{"href":"https:\/\/idpc.gov.co\/publicaciones\/wp-json\/wp\/v2\/product"}],"about":[{"href":"https:\/\/idpc.gov.co\/publicaciones\/wp-json\/wp\/v2\/types\/product"}],"replies":[{"embeddable":true,"href":"https:\/\/idpc.gov.co\/publicaciones\/wp-json\/wp\/v2\/comments?post=42334"}],"wp:featuredmedia":[{"embeddable":true,"href":"https:\/\/idpc.gov.co\/publicaciones\/wp-json\/wp\/v2\/media\/42336"}],"wp:attachment":[{"href":"https:\/\/idpc.gov.co\/publicaciones\/wp-json\/wp\/v2\/media?parent=42334"}],"wp:term":[{"taxonomy":"product_brand","embeddable":true,"href":"https:\/\/idpc.gov.co\/publicaciones\/wp-json\/wp\/v2\/product_brand?post=42334"},{"taxonomy":"product_cat","embeddable":true,"href":"https:\/\/idpc.gov.co\/publicaciones\/wp-json\/wp\/v2\/product_cat?post=42334"},{"taxonomy":"product_tag","embeddable":true,"href":"https:\/\/idpc.gov.co\/publicaciones\/wp-json\/wp\/v2\/product_tag?post=42334"}],"curies":[{"name":"wp","href":"https:\/\/api.w.org\/{rel}","templated":true}]}}