{"id":42332,"date":"2022-02-09T16:36:56","date_gmt":"2022-02-09T21:36:56","guid":{"rendered":"https:\/\/idpc.gov.co\/publicaciones\/?post_type=product&#038;p=42332"},"modified":"2024-04-30T22:24:07","modified_gmt":"2024-05-01T03:24:07","slug":"rueda-de-la-fortuna-en-bogota","status":"publish","type":"product","link":"https:\/\/idpc.gov.co\/publicaciones\/producto\/rueda-de-la-fortuna-en-bogota\/","title":{"rendered":"La Rueda de la Fortuna en Bogot\u00e1. 1910-1934. Parques de diversiones y renta urbana en el Lago Gait\u00e1n y el Luna Park"},"content":{"rendered":"<div style=\"position: relative; padding-top: max(60%,326px); height: 0; width: 100%;\"><iframe style=\"position: absolute; border: none; width: 100%; height: 100%; left: 0; right: 0; top: 0; bottom: 0;\" src=\"https:\/\/e.issuu.com\/embed.html?d=rueda_de_la_fortuna_web_2022&amp;u=patrimoniobogota\" sandbox=\"allow-top-navigation allow-top-navigation-by-user-activation allow-downloads allow-scripts allow-same-origin allow-popups allow-modals allow-popups-to-escape-sandbox\" allowfullscreen=\"allowfullscreen\"><\/iframe><\/div>\n","protected":false},"excerpt":{"rendered":"<p><span style=\"font-weight: 400;\">Para el sello editorial del IDPC, el tema de los parques de Bogot\u00e1 ha representado, en los \u00faltimos tiempos, uno de los focos de exploraci\u00f3n m\u00e1s prol\u00edficos desde los cuales ha sido posible expandir y complejizar las interpretaciones sobre el patrimonio cultural de la capital.\u00a0<\/span><\/p>\n<p><span style=\"font-weight: 400;\">El primer t\u00edtulo de esta l\u00ednea tem\u00e1tica fue <\/span><i><span style=\"font-weight: 400;\">Parque del Centenario<\/span><\/i><span style=\"font-weight: 400;\">. <\/span><i><span style=\"font-weight: 400;\">Transformaci\u00f3n urbana, itinerario y significado<\/span><\/i><span style=\"font-weight: 400;\">, de Hugo Delgadillo, publicado en 2019, al que le sobrevino <\/span><i><span style=\"font-weight: 400;\">La vida privada de los parques y jardines p\u00fablicos. Bogot\u00e1, 1886-1938<\/span><\/i><span style=\"font-weight: 400;\">, de Claudia Cendales Paredes, publicado en 2020. El impulso dado por este \u00faltimo t\u00edtulo permiti\u00f3 que se consolidara la iniciativa de dar continuidad a esta l\u00ednea a partir de dos nuevos libros: <\/span><i><span style=\"font-weight: 400;\">El Parque<\/span><\/i> <i><span style=\"font-weight: 400;\">Nacional Olaya Herrera de Bogot\u00e1,<\/span><\/i> <i><span style=\"font-weight: 400;\">1934-2021<\/span><\/i><span style=\"font-weight: 400;\">,<\/span> <span style=\"font-weight: 400;\">de Sandra Reina Mendoza, y el que presentamos en estas l\u00edneas, <\/span><i><span style=\"font-weight: 400;\">La rueda de la fortuna en Bogot\u00e1, 1910-1934<\/span><\/i><span style=\"font-weight: 400;\">, acerca de dos parques: el Lago Gait\u00e1n y el Luna Park.\u00a0<\/span><\/p>\n<p><span style=\"font-weight: 400;\">M\u00e1s all\u00e1 de un estudio alentado por la nostalgia, o bien por los anhelos de rememorar la vida de dos espacios desaparecidos que otrora fueran significativos para la ciudad, en esta investigaci\u00f3n Juan Carlos G\u00f3mez propone un an\u00e1lisis que devela las l\u00f3gicas econ\u00f3micas y pol\u00edticas que propiciaron sendos proyectos urban\u00edsticos, cuyo prop\u00f3sito fue el aprovechamiento rentable de los terrenos sobre los cuales se hab\u00edan asentado tanto el Luna Park como el Lago Gait\u00e1n. Un grupo compuesto por comerciantes, terratenientes, empresarios y concejeros municipales, adem\u00e1s de algunos miembros de la Sociedad de Embellecimiento, capitalizar\u00eda el valor de los terrenos localizados en el norte de Chapinero (para el caso del Lago Gait\u00e1n) y en el sur de la capital (para el caso del Luna Park). El resultado de esta alianza, que subordin\u00f3 la pol\u00edtica urban\u00edstica a la esfera del usufructo econ\u00f3mico, se evidencia no solamente en la ausencia de cualquier huella, perceptible en la geograf\u00eda de la ciudad, de lo que fueron estos parques, sino tambi\u00e9n en la manera, relativamente azarosa, con que se desarrollaron los procesos de configuraci\u00f3n espacial de los barrios en ambas zonas.\u00a0<\/span><\/p>\n<p><span style=\"font-weight: 400;\">Con el prop\u00f3sito de dilucidar los efectos de la alianza entre poderosos sectores sociales en su empresa por rentabilizar bastos terrenos de la capital, <\/span><i><span style=\"font-weight: 400;\">La rueda de la fortuna<\/span><\/i><span style=\"font-weight: 400;\"> apela a un detallado an\u00e1lisis catastral a trav\u00e9s del cual presenta una reconstrucci\u00f3n predial que evidencia las din\u00e1micas de loteo y venta concebidas para las \u00e1reas mencionadas. En este sentido, m\u00e1s que exhortar a la historia en raz\u00f3n a la a\u00f1oranza o a la idealizaci\u00f3n de aquello perdido, la investigaci\u00f3n se sit\u00faa en una indagaci\u00f3n hist\u00f3rica por el comportamiento de las l\u00f3gicas, entramados y connivencias a partir de las cuales se dio forma al crecimiento de la capital desde el siglo pasado.\u00a0<\/span><\/p>\n<p><strong>Autor<\/strong>: Juan Carlos G\u00f3mez S\u00e1nchez<br \/>\n<strong>A\u00f1o<\/strong>: 2021<\/p>\n<p><a href=\"https:\/\/libreriasiglo.com\/selloeditorial\/ipc-instituto-distrital-de-patrimonio-cultural.html\"><img decoding=\"async\" class=\"alignleft wp-image-11899 size-full\" src=\"https:\/\/idpc.gov.co\/publicaciones\/wp-content\/uploads\/2020\/12\/comprar.png\" alt=\"Comprar\" width=\"158\" height=\"49\" \/><\/a><\/p>\n","protected":false},"featured_media":42337,"comment_status":"open","ping_status":"closed","template":"","meta":{"_acf_changed":false},"product_brand":[],"product_cat":[101],"product_tag":[],"class_list":{"0":"post-42332","1":"product","2":"type-product","3":"status-publish","4":"has-post-thumbnail","6":"product_cat-lugares_y_tiempos","8":"first","9":"instock","10":"shipping-taxable","11":"purchasable","12":"product-type-simple"},"acf":[],"_links":{"self":[{"href":"https:\/\/idpc.gov.co\/publicaciones\/wp-json\/wp\/v2\/product\/42332","targetHints":{"allow":["GET"]}}],"collection":[{"href":"https:\/\/idpc.gov.co\/publicaciones\/wp-json\/wp\/v2\/product"}],"about":[{"href":"https:\/\/idpc.gov.co\/publicaciones\/wp-json\/wp\/v2\/types\/product"}],"replies":[{"embeddable":true,"href":"https:\/\/idpc.gov.co\/publicaciones\/wp-json\/wp\/v2\/comments?post=42332"}],"wp:featuredmedia":[{"embeddable":true,"href":"https:\/\/idpc.gov.co\/publicaciones\/wp-json\/wp\/v2\/media\/42337"}],"wp:attachment":[{"href":"https:\/\/idpc.gov.co\/publicaciones\/wp-json\/wp\/v2\/media?parent=42332"}],"wp:term":[{"taxonomy":"product_brand","embeddable":true,"href":"https:\/\/idpc.gov.co\/publicaciones\/wp-json\/wp\/v2\/product_brand?post=42332"},{"taxonomy":"product_cat","embeddable":true,"href":"https:\/\/idpc.gov.co\/publicaciones\/wp-json\/wp\/v2\/product_cat?post=42332"},{"taxonomy":"product_tag","embeddable":true,"href":"https:\/\/idpc.gov.co\/publicaciones\/wp-json\/wp\/v2\/product_tag?post=42332"}],"curies":[{"name":"wp","href":"https:\/\/api.w.org\/{rel}","templated":true}]}}