{"id":42328,"date":"2022-02-09T16:34:50","date_gmt":"2022-02-09T21:34:50","guid":{"rendered":"https:\/\/idpc.gov.co\/publicaciones\/?post_type=product&#038;p=42328"},"modified":"2024-04-30T22:24:03","modified_gmt":"2024-05-01T03:24:03","slug":"coser-con-un-rio","status":"publish","type":"product","link":"https:\/\/idpc.gov.co\/publicaciones\/producto\/coser-con-un-rio\/","title":{"rendered":"Coser con un r\u00edo. El Parque Nacional Olaya Herrera en Bogot\u00e1"},"content":{"rendered":"<div style=\"position: relative; padding-top: max(60%,326px); height: 0; width: 100%;\"><iframe style=\"position: absolute; border: none; width: 100%; height: 100%; left: 0; right: 0; top: 0; bottom: 0;\" src=\"https:\/\/e.issuu.com\/embed.html?d=parquenacional_web_2022&amp;u=patrimoniobogota\" sandbox=\"allow-top-navigation allow-top-navigation-by-user-activation allow-downloads allow-scripts allow-same-origin allow-popups allow-modals allow-popups-to-escape-sandbox\" allowfullscreen=\"allowfullscreen\"><\/iframe><\/div>\n","protected":false},"excerpt":{"rendered":"<p><span style=\"font-weight: 400;\">Cuando se hace referencia al parque Nacional, predomina la percepci\u00f3n de que su distribuci\u00f3n se dispone en sentido sur-norte sobre la carrera S\u00e9ptima de Bogot\u00e1. En esta ocasi\u00f3n, Sandra Reina nos invita a observar este lugar a partir de otra perspectiva espacial: la de oriente-occidente, en donde la cuenca del r\u00edo Arzobispo, que atraviesa el espacio desde los cerros, es la que define la forma, la configuraci\u00f3n y las riquezas vegetal e h\u00eddrica del parque.\u00a0<\/span><\/p>\n<p><span style=\"font-weight: 400;\">Entender la disposici\u00f3n del territorio en su dimensi\u00f3n oriente-occidente resulta clave para transfigurar y ampliar la relaci\u00f3n que se establece con este pulm\u00f3n verde de la ciudad, dado que fue la cuenca del Arzobispo la que orient\u00f3 el tejido de la traza de la ciudad colonial con la de las nuevas urbanizaciones que comenzaron a surgir en este tramo de la capital hacia la d\u00e9cada de los treinta; y la que, adem\u00e1s, ha permitido que la riqueza natural del entorno haya sobrevivido a los avatares de la expansi\u00f3n urbana.\u00a0<\/span><\/p>\n<p><span style=\"font-weight: 400;\">A diferencia de otros parques construidos por particulares y con la participaci\u00f3n de intereses privados, el parque Nacional fue el primero concebido y desarrollado con vocaci\u00f3n p\u00fablica en la ciudad. El gobierno de la Rep\u00fablica Liberal de Enrique Olaya Herrera promocion\u00f3, a trav\u00e9s de un proyecto pedag\u00f3gico y salubrista alrededor de lo que significaba <\/span><i><span style=\"font-weight: 400;\">ser ciudadano<\/span><\/i><span style=\"font-weight: 400;\">, el acceso de las clases populares a espacios al aire libre en donde pudieran practicar deportes y actividades recreativas.\u00a0<\/span><\/p>\n<p><span style=\"font-weight: 400;\">Ahora bien, uno de los aspectos m\u00e1s notables en la trayectoria hist\u00f3rica del parque es la profundidad con que su impronta simb\u00f3lica se instal\u00f3 en los modos de habitar la ciudad, que se ha mantenido viva en la memoria y en el devenir cotidiano de bogotanas y bogotanos. Desde sus inicios, tal como puede verse en la gran cantidad de im\u00e1genes provenientes de archivos fotogr\u00e1ficos y \u00e1lbumes familiares que se presentan en las p\u00e1ginas siguientes, el parque fue el lugar que acogi\u00f3 los paseos, itinerarios y toda clase de pr\u00e1cticas para el esparcimiento de la ciudadan\u00eda, especialmente durante la \u00e9poca en que cont\u00f3 con su memorable ciudad de hierro.\u00a0<\/span><\/p>\n<p><span style=\"font-weight: 400;\">Si bien las din\u00e1micas colectivas recreadas en el parque Nacional han sufrido momentos de decaimiento, desde la d\u00e9cada de los a\u00f1os noventa hasta hoy, este territorio ha sido escenario de m\u00faltiples reapropiaciones y asignaciones de sentido que han vigorizado su presencia en el contexto urbano. Adem\u00e1s de seguir siendo uno de los sitios de encuentro emblem\u00e1ticos de la ciudad, ha transitado a trav\u00e9s de expresiones, emociones y designaciones que van desde la aprensi\u00f3n por asuntos de inseguridad y delincuencia, hasta la animosidad con la que se viste tras haberse convertido en uno de los lugares m\u00e1s importantes de concentraci\u00f3n en el marco de las movilizaciones sociales de los \u00faltimos tiempos.\u00a0<\/span><\/p>\n<p><span style=\"font-weight: 400;\">En este sentido, quiz\u00e1s una de las demostraciones m\u00e1s relevantes de identificaci\u00f3n y afecto por parte del colectivo ciudadano hacia este lugar \u2014m\u00e1s all\u00e1 de su declaratoria oficial como Monumento Nacional\u2014 es la de haber sido defendido con tenacidad por usuarios y vecinos hace apenas un par de a\u00f1os, cuando la integridad del parque se vio amenazada por el proyecto urban\u00edstico que pretend\u00eda abrir paso al sistema de trasporte masivo Transmilenio sobre la carrera S\u00e9ptima.\u00a0<\/span><\/p>\n<p><span style=\"font-weight: 400;\">Son estas algunas de las razones que animaron la edici\u00f3n de esta publicaci\u00f3n desde el sello editorial del Instituto Distrital de Patrimonio Cultural: dar cuenta de c\u00f3mo un lugar, concebido como p\u00fablico hace m\u00e1s de ochenta a\u00f1os, ha permanecido en la memoria y en la cotidianidad de los habitantes de la ciudad bajo esa misma vocaci\u00f3n, la de estar abierto a m\u00faltiples usos, nuevas relaciones y diversas pr\u00e1cticas que permiten que hoy el parque sea percibido como propio por parte de la ciudadan\u00eda. Motivaci\u00f3n que se al\u00eda, adem\u00e1s, con la de propiciar un cambio de perspectiva que nos permita otorgarles al r\u00edo y a su cuenca el valor que les corresponde en tanto elementos que cosen, nutren y dan soporte a la existencia de este gran espacio en Bogot\u00e1.\u00a0<\/span><\/p>\n<p><strong>Autora<\/strong>: Sandra Reina Mendoza<br \/>\n<strong>A\u00f1o<\/strong>: 2021<\/p>\n<p><a href=\"https:\/\/libreriasiglo.com\/selloeditorial\/ipc-instituto-distrital-de-patrimonio-cultural.html\"><img decoding=\"async\" class=\"alignleft wp-image-11899 size-full\" src=\"https:\/\/idpc.gov.co\/publicaciones\/wp-content\/uploads\/2020\/12\/comprar.png\" alt=\"Comprar\" width=\"158\" height=\"49\" \/><\/a><\/p>\n","protected":false},"featured_media":42338,"comment_status":"open","ping_status":"closed","template":"","meta":{"_acf_changed":false},"product_brand":[],"product_cat":[101],"product_tag":[],"class_list":{"0":"post-42328","1":"product","2":"type-product","3":"status-publish","4":"has-post-thumbnail","6":"product_cat-lugares_y_tiempos","8":"first","9":"instock","10":"shipping-taxable","11":"purchasable","12":"product-type-simple"},"acf":[],"_links":{"self":[{"href":"https:\/\/idpc.gov.co\/publicaciones\/wp-json\/wp\/v2\/product\/42328","targetHints":{"allow":["GET"]}}],"collection":[{"href":"https:\/\/idpc.gov.co\/publicaciones\/wp-json\/wp\/v2\/product"}],"about":[{"href":"https:\/\/idpc.gov.co\/publicaciones\/wp-json\/wp\/v2\/types\/product"}],"replies":[{"embeddable":true,"href":"https:\/\/idpc.gov.co\/publicaciones\/wp-json\/wp\/v2\/comments?post=42328"}],"wp:featuredmedia":[{"embeddable":true,"href":"https:\/\/idpc.gov.co\/publicaciones\/wp-json\/wp\/v2\/media\/42338"}],"wp:attachment":[{"href":"https:\/\/idpc.gov.co\/publicaciones\/wp-json\/wp\/v2\/media?parent=42328"}],"wp:term":[{"taxonomy":"product_brand","embeddable":true,"href":"https:\/\/idpc.gov.co\/publicaciones\/wp-json\/wp\/v2\/product_brand?post=42328"},{"taxonomy":"product_cat","embeddable":true,"href":"https:\/\/idpc.gov.co\/publicaciones\/wp-json\/wp\/v2\/product_cat?post=42328"},{"taxonomy":"product_tag","embeddable":true,"href":"https:\/\/idpc.gov.co\/publicaciones\/wp-json\/wp\/v2\/product_tag?post=42328"}],"curies":[{"name":"wp","href":"https:\/\/api.w.org\/{rel}","templated":true}]}}