{"id":42326,"date":"2022-02-09T16:06:51","date_gmt":"2022-02-09T21:06:51","guid":{"rendered":"https:\/\/idpc.gov.co\/publicaciones\/?post_type=product&#038;p=42326"},"modified":"2024-04-30T22:15:38","modified_gmt":"2024-05-01T03:15:38","slug":"jose-domingo-rodriguez","status":"publish","type":"product","link":"https:\/\/idpc.gov.co\/publicaciones\/producto\/jose-domingo-rodriguez\/","title":{"rendered":"Jos\u00e9 Domingo Rodr\u00edguez. La tranquila expresi\u00f3n de una fe revolucionaria"},"content":{"rendered":"<div style=\"position: relative; padding-top: max(60%,326px); height: 0; width: 100%;\"><iframe style=\"position: absolute; border: none; width: 100%; height: 100%; left: 0; right: 0; top: 0; bottom: 0;\" src=\"https:\/\/e.issuu.com\/embed.html?d=jose_domingo_rodriguez_web&amp;u=patrimoniobogota\" sandbox=\"allow-top-navigation allow-top-navigation-by-user-activation allow-downloads allow-scripts allow-same-origin allow-popups allow-modals allow-popups-to-escape-sandbox\" allowfullscreen=\"allowfullscreen\"><\/iframe><\/div>\n","protected":false},"excerpt":{"rendered":"<p><span style=\"font-weight: 400;\">Jos\u00e9 Domingo Rodr\u00edguez hace parte de la prol\u00edfica generaci\u00f3n de artistas formados en la Escuela de Bellas Artes durante los inicios del siglo XX. Aun cuando parte de su obra escult\u00f3rica se encuentra en el espacio p\u00fablico de nuestra ciudad, y otra m\u00e1s es constitutiva de la colecci\u00f3n del Museo Nacional, su nombre no ocupa precisamente un lugar relevante en los libros de historia del arte local.\u00a0<\/span><\/p>\n<p><span style=\"font-weight: 400;\">Las razones de esto pueden ser diversas. Olvidado por quienes han escrito hasta hoy esas p\u00e1ginas, condicionado por las posibilidades reales de producir su obra con independencia de su labor como docente o quiz\u00e1s opacado por la atenci\u00f3n dada al advenimiento de las vanguardias art\u00edsticas, lo cierto es que la inexistencia de estudios sobre este escultor ha conllevado no solo el desconocimiento de su trabajo en el campo de las artes, sino la ausencia de una valoraci\u00f3n seria de su legado escult\u00f3rico en el \u00e1mbito del patrimonio cultural.\u00a0<\/span><\/p>\n<p><span style=\"font-weight: 400;\">Juan Ricardo Rey-M\u00e1rquez nos ofrece, a trav\u00e9s de la publicaci\u00f3n que hoy edita el sello editorial del IDPC, una nueva perspectiva. En las p\u00e1ginas siguientes se nos revela al joven Jos\u00e9 Domingo Rodr\u00edguez llegado de Santa Rosa de Viterbo a la Escuela de Bellas Artes en la capital, en la que participar\u00eda activamente en los debates y apuestas para su mejoramiento; as\u00ed como al artista e intelectual amigo de personalidades tan dis\u00edmiles como Germ\u00e1n Arciniegas, Jorge Eli\u00e9cer Gait\u00e1n o Laureano G\u00f3mez.<\/span><\/p>\n<p><span style=\"font-weight: 400;\">Mediada por discusiones aparentemente distantes de nuestro tiempo, pero definitivamente tan actuales como las de la pureza de la raza y los nacionalismos, en la obra de Jos\u00e9 Domingo descansa una fuerza revolucionaria. Su participaci\u00f3n en el sindicato de artistas, su actuar independiente con respecto a cualquier grupo o movimiento art\u00edstico, y la generaci\u00f3n de obras que retoman figuras campesinas, alegor\u00edas ind\u00edgenas o de corte agr\u00edcola nos sit\u00faan en un campo f\u00e9rtil para, como se\u00f1ala Juan Ricardo Rey-M\u00e1rquez, construir su memoria en el olvido.<\/span><\/p>\n<p><span style=\"font-weight: 400;\">Refrescar las formas en que se ha escrito la historia, en este caso la del arte, permite transformar los puntos de vista que parec\u00edan inamovibles y estables, y darle otra dimensi\u00f3n a su reconocimiento dentro del campo del patrimonio cultural. As\u00ed como Jos\u00e9 Domingo Rodr\u00edguez hace parte de esta reescritura, desde el Instituto Distrital de Patrimonio Cultural, esta publicaci\u00f3n invita a indagar por otros casos que a\u00fan se encuentren ocultos o simplemente en el olvido, a la espera de un ejercicio cr\u00edtico de valoraci\u00f3n.<\/span><\/p>\n<p><strong>Autor<\/strong>: Juan Ricardo Rey-M\u00e1rquez<br \/>\n<strong>A\u00f1o<\/strong>: 2021<\/p>\n<p><a href=\"https:\/\/libreriasiglo.com\/selloeditorial\/ipc-instituto-distrital-de-patrimonio-cultural.html\"><img decoding=\"async\" class=\"alignleft wp-image-11899 size-full\" src=\"https:\/\/idpc.gov.co\/publicaciones\/wp-content\/uploads\/2020\/12\/comprar.png\" alt=\"Comprar\" width=\"158\" height=\"49\" \/><\/a><\/p>\n","protected":false},"featured_media":42340,"comment_status":"open","ping_status":"closed","template":"","meta":{"_acf_changed":false},"product_brand":[],"product_cat":[91],"product_tag":[],"class_list":{"0":"post-42326","1":"product","2":"type-product","3":"status-publish","4":"has-post-thumbnail","6":"product_cat-nombres_propios","8":"first","9":"instock","10":"shipping-taxable","11":"purchasable","12":"product-type-simple"},"acf":[],"_links":{"self":[{"href":"https:\/\/idpc.gov.co\/publicaciones\/wp-json\/wp\/v2\/product\/42326","targetHints":{"allow":["GET"]}}],"collection":[{"href":"https:\/\/idpc.gov.co\/publicaciones\/wp-json\/wp\/v2\/product"}],"about":[{"href":"https:\/\/idpc.gov.co\/publicaciones\/wp-json\/wp\/v2\/types\/product"}],"replies":[{"embeddable":true,"href":"https:\/\/idpc.gov.co\/publicaciones\/wp-json\/wp\/v2\/comments?post=42326"}],"wp:featuredmedia":[{"embeddable":true,"href":"https:\/\/idpc.gov.co\/publicaciones\/wp-json\/wp\/v2\/media\/42340"}],"wp:attachment":[{"href":"https:\/\/idpc.gov.co\/publicaciones\/wp-json\/wp\/v2\/media?parent=42326"}],"wp:term":[{"taxonomy":"product_brand","embeddable":true,"href":"https:\/\/idpc.gov.co\/publicaciones\/wp-json\/wp\/v2\/product_brand?post=42326"},{"taxonomy":"product_cat","embeddable":true,"href":"https:\/\/idpc.gov.co\/publicaciones\/wp-json\/wp\/v2\/product_cat?post=42326"},{"taxonomy":"product_tag","embeddable":true,"href":"https:\/\/idpc.gov.co\/publicaciones\/wp-json\/wp\/v2\/product_tag?post=42326"}],"curies":[{"name":"wp","href":"https:\/\/api.w.org\/{rel}","templated":true}]}}