{"id":42322,"date":"2022-02-09T15:52:05","date_gmt":"2022-02-09T20:52:05","guid":{"rendered":"https:\/\/idpc.gov.co\/publicaciones\/?post_type=product&#038;p=42322"},"modified":"2024-04-30T22:31:57","modified_gmt":"2024-05-01T03:31:57","slug":"calcelo-sin-compromiso","status":"publish","type":"product","link":"https:\/\/idpc.gov.co\/publicaciones\/producto\/calcelo-sin-compromiso\/","title":{"rendered":"\u00a1C\u00e1lcelo sin compromiso! El arte de la zapater\u00eda en el Barrio Restrepo en Bogot\u00e1"},"content":{"rendered":"<div style=\"position: relative; padding-top: max(60%,326px); height: 0; width: 100%;\"><iframe style=\"position: absolute; border: none; width: 100%; height: 100%; left: 0; right: 0; top: 0; bottom: 0;\" src=\"https:\/\/e.issuu.com\/embed.html?d=barrio_restrepo_web&amp;u=patrimoniobogota\" sandbox=\"allow-top-navigation allow-top-navigation-by-user-activation allow-downloads allow-scripts allow-same-origin allow-popups allow-modals allow-popups-to-escape-sandbox\" allowfullscreen=\"allowfullscreen\"><\/iframe><\/div>\n","protected":false},"excerpt":{"rendered":"<p><em>\u00a1C\u00e1lcelo, sin compromiso!<\/em> es un libro sobre la producci\u00f3n de calzado en el Restrepo \u2014como se conoce popularmente al barrio Carlos E. Restrepo\u2014, en tanto pr\u00e1ctica que ha informado los c\u00f3digos culturales desde los cuales se habita el territorio local. Se trata de una publicaci\u00f3n que hace parte de los t\u00edtulos dedicados a barrios de la capital, senda que se inici\u00f3 a partir de<em> La Magdalena: consolidaci\u00f3n urbana de una antigua quinta (2017) y De la Divina Providencia al esplendor del Jorge Eli\u00e9cer de Gait\u00e1n (2020).\u00a0<\/em><\/p>\n<p>A diferencia de las publicaciones sobre los barrios La Magdalena y Jorge Eli\u00e9cer Gait\u00e1n, centradas en la configuraci\u00f3n urbana y la reconstrucci\u00f3n hist\u00f3rica de los lugares, la investigaci\u00f3n sobre El Restrepo est\u00e1 dirigida a explorar la industria del calzado y las pr\u00e1cticas comerciales gestadas alrededor de este oficio tradicional como elementos constitutivos de una vocaci\u00f3n barrial que se asienta profundamente en la memoria local.<\/p>\n<p><em>\u00a1C\u00e1lcelo, sin compromiso!<\/em> recorre un barrio que, de forma particular en la ciudad, ha convertido las maneras de hacer del arte de la zapater\u00eda, como lo denominan afectivamente quienes realizan este trabajo, el eje articulador alrededor del cual se dispone espacial y culturalmente el territorio local. Los autores dan cuenta del lenguaje particular del oficio; de los procedimientos y t\u00e9cnicas de producci\u00f3n del calzado; de la caracterizaci\u00f3n de los espacios de las f\u00e1bricas, viviendas, talleres y almacenes; y del propio barrio, en donde los usos mixtos y la zonificaci\u00f3n comercial, junto con otros patrimonios identificados, enriquecen la manera en que el patrimonio cultural es perceptible en un contexto urbano. Asimismo, la investigaci\u00f3n sugiere la pervivencia de una actividad realizada, principalmente de forma manual, que depende de su espacio productivo en la econom\u00eda local y en la memoria territorial y comercial de Bogot\u00e1, al ser el eje que estructura las relaciones de quienes habitan, trabajan y visitan el sector.<\/p>\n<p>Las relaciones, los intercambios y los v\u00ednculos que entablaron algunos sectores del sur de la ciudad durante las primeras d\u00e9cadas del siglo XX, particularmente los barrios el Restrepo y Las Cruces, en lo que respecta a la trasmisi\u00f3n del oficio de la zapater\u00eda, y la manera como la cultura familiar, que abarca ya m\u00e1s de tres generaciones, ha sido determinante para el aprendizaje del arte del calzado son algunos de los elementos que la investigaci\u00f3n pone en di\u00e1logo.<\/p>\n<p>Con la participaci\u00f3n de trabajadores y propietarios de los almacenes, talleres y f\u00e1bricas, adem\u00e1s de la recopilaci\u00f3n de testimonios de zapateras y zapateros, la publicaci\u00f3n se presenta como un aporte interpretativo para el reconocimiento de esta pr\u00e1ctica como patrimonio cultural de la ciudad.<\/p>\n<p><strong>Autores<\/strong>: Angie Milena Espinel, Claudia Montagut, Juan Sebasti\u00e1n Sep\u00falveda<br \/>\n<strong>A\u00f1o<\/strong>: 2021<\/p>\n<p><a href=\"https:\/\/libreriasiglo.com\/selloeditorial\/ipc-instituto-distrital-de-patrimonio-cultural.html\"><img decoding=\"async\" class=\"alignleft wp-image-11899 size-full\" src=\"https:\/\/idpc.gov.co\/publicaciones\/wp-content\/uploads\/2020\/12\/comprar.png\" alt=\"Comprar\" width=\"158\" height=\"49\" \/><\/a><\/p>\n","protected":false},"featured_media":42680,"comment_status":"open","ping_status":"closed","template":"","meta":{"_acf_changed":false},"product_brand":[],"product_cat":[104,101],"product_tag":[],"class_list":{"0":"post-42322","1":"product","2":"type-product","3":"status-publish","4":"has-post-thumbnail","6":"product_cat-expresiones_y_agencias","7":"product_cat-lugares_y_tiempos","9":"first","10":"instock","11":"shipping-taxable","12":"purchasable","13":"product-type-simple"},"acf":[],"_links":{"self":[{"href":"https:\/\/idpc.gov.co\/publicaciones\/wp-json\/wp\/v2\/product\/42322","targetHints":{"allow":["GET"]}}],"collection":[{"href":"https:\/\/idpc.gov.co\/publicaciones\/wp-json\/wp\/v2\/product"}],"about":[{"href":"https:\/\/idpc.gov.co\/publicaciones\/wp-json\/wp\/v2\/types\/product"}],"replies":[{"embeddable":true,"href":"https:\/\/idpc.gov.co\/publicaciones\/wp-json\/wp\/v2\/comments?post=42322"}],"wp:featuredmedia":[{"embeddable":true,"href":"https:\/\/idpc.gov.co\/publicaciones\/wp-json\/wp\/v2\/media\/42680"}],"wp:attachment":[{"href":"https:\/\/idpc.gov.co\/publicaciones\/wp-json\/wp\/v2\/media?parent=42322"}],"wp:term":[{"taxonomy":"product_brand","embeddable":true,"href":"https:\/\/idpc.gov.co\/publicaciones\/wp-json\/wp\/v2\/product_brand?post=42322"},{"taxonomy":"product_cat","embeddable":true,"href":"https:\/\/idpc.gov.co\/publicaciones\/wp-json\/wp\/v2\/product_cat?post=42322"},{"taxonomy":"product_tag","embeddable":true,"href":"https:\/\/idpc.gov.co\/publicaciones\/wp-json\/wp\/v2\/product_tag?post=42322"}],"curies":[{"name":"wp","href":"https:\/\/api.w.org\/{rel}","templated":true}]}}