{"id":421,"date":"2018-03-31T09:41:00","date_gmt":"2018-03-31T14:41:00","guid":{"rendered":"https:\/\/idpc.gov.co\/publicaciones\/?post_type=product&#038;p=421"},"modified":"2024-04-30T22:34:45","modified_gmt":"2024-05-01T03:34:45","slug":"agenda-monumentos-en-espacio-publico-en-bogota-rutas-e-imagenes-para-recorrer-la-ciudad","status":"publish","type":"product","link":"https:\/\/idpc.gov.co\/publicaciones\/producto\/agenda-monumentos-en-espacio-publico-en-bogota-rutas-e-imagenes-para-recorrer-la-ciudad\/","title":{"rendered":"Agenda: monumentos en espacio p\u00fablico en Bogot\u00e1. Rutas e im\u00e1genes para recorrer la ciudad"},"content":{"rendered":"<p><iframe style=\"border: none; width: 100%; height: 326px;\" src=\"\/\/e.issuu.com\/embed.html?d=agenda_monumentos_2015_ebook_comple&amp;u=patrimoniobogota\" allowfullscreen=\"allowfullscreen\"><span data-mce-type=\"bookmark\" style=\"display: inline-block; width: 0px; overflow: hidden; line-height: 0;\" class=\"mce_SELRES_start\">\ufeff<\/span><\/iframe><\/p>\n","protected":false},"excerpt":{"rendered":"<p>Esta agenda, dedicada a los monumentos de la ciudad y enriquecida con\u00a0 im\u00e1genes fotogr\u00e1ficas que permiten apreciar los detalles de las esculturas en espacio p\u00fablico en su contexto inmediato, ofrece tres rutas para reconocer estos objetos representativos de patrimonio mueble en Bogot\u00e1: el primer recorrido puede realizarse a pie por el Centro Tradicional; \u00a0el segundo, en Transmilenio por la Avenida Jim\u00e9nez y las Am\u00e9ricas, y el \u00faltimo, en bicicleta por la calle 26.<\/p>\n<p><strong>Autor<\/strong>: Instituto Distrital de Patrimonio Cultural.<br \/>\n<strong>A\u00f1o:<\/strong> 2015<\/p>\n<p>&nbsp;<\/p>\n<p><a href=\"https:\/\/idpc.gov.co\/publicaciones\/descargas\/agenda_monumentos.pdf\"><img decoding=\"async\" class=\"alignleft wp-image-11737 size-full\" src=\"https:\/\/idpc.gov.co\/publicaciones\/wp-content\/uploads\/2019\/03\/descargar115.png\" alt=\"\" width=\"158\" height=\"49\" \/><\/a><\/p>\n<p><strong>L<\/strong><strong>icencia de Creative Commons: Atribuci\u00f3n\u00a0\u2013 No comercial\u00a0\u2013\u00a0Sin Derivar.\u00a0Esta licencia solo permite la descarga de esta obra para compartirla con otras personas, siempre y cuando se reconozca su autor\u00eda. La obra no se puede modificar de ninguna manera, ni se puede utilizar comercialmente.<\/strong><\/p>\n","protected":false},"featured_media":697,"comment_status":"open","ping_status":"closed","template":"","meta":{"_acf_changed":false},"product_brand":[],"product_cat":[102],"product_tag":[],"class_list":{"0":"post-421","1":"product","2":"type-product","3":"status-publish","4":"has-post-thumbnail","6":"product_cat-exploraciones_y_recorridos","8":"first","9":"instock","10":"shipping-taxable","11":"purchasable","12":"product-type-simple"},"acf":[],"_links":{"self":[{"href":"https:\/\/idpc.gov.co\/publicaciones\/wp-json\/wp\/v2\/product\/421","targetHints":{"allow":["GET"]}}],"collection":[{"href":"https:\/\/idpc.gov.co\/publicaciones\/wp-json\/wp\/v2\/product"}],"about":[{"href":"https:\/\/idpc.gov.co\/publicaciones\/wp-json\/wp\/v2\/types\/product"}],"replies":[{"embeddable":true,"href":"https:\/\/idpc.gov.co\/publicaciones\/wp-json\/wp\/v2\/comments?post=421"}],"wp:featuredmedia":[{"embeddable":true,"href":"https:\/\/idpc.gov.co\/publicaciones\/wp-json\/wp\/v2\/media\/697"}],"wp:attachment":[{"href":"https:\/\/idpc.gov.co\/publicaciones\/wp-json\/wp\/v2\/media?parent=421"}],"wp:term":[{"taxonomy":"product_brand","embeddable":true,"href":"https:\/\/idpc.gov.co\/publicaciones\/wp-json\/wp\/v2\/product_brand?post=421"},{"taxonomy":"product_cat","embeddable":true,"href":"https:\/\/idpc.gov.co\/publicaciones\/wp-json\/wp\/v2\/product_cat?post=421"},{"taxonomy":"product_tag","embeddable":true,"href":"https:\/\/idpc.gov.co\/publicaciones\/wp-json\/wp\/v2\/product_tag?post=421"}],"curies":[{"name":"wp","href":"https:\/\/api.w.org\/{rel}","templated":true}]}}