{"id":419,"date":"2018-03-29T09:34:37","date_gmt":"2018-03-29T14:34:37","guid":{"rendered":"https:\/\/idpc.gov.co\/publicaciones\/?post_type=product&#038;p=419"},"modified":"2024-04-30T22:38:40","modified_gmt":"2024-05-01T03:38:40","slug":"200-anos-de-vida-cotidiana-en-bogota-ii-subasta","status":"publish","type":"product","link":"https:\/\/idpc.gov.co\/publicaciones\/producto\/200-anos-de-vida-cotidiana-en-bogota-ii-subasta\/","title":{"rendered":"200 a\u00f1os de vida cotidiana en Bogot\u00e1. II Subasta"},"content":{"rendered":"<p><iframe style=\"border: none; width: 100%; height: 326px;\" src=\"\/\/e.issuu.com\/embed.html?d=2da.__subasta__listo_baja&amp;u=patrimoniobogota\" allowfullscreen=\"allowfullscreen\"><\/iframe><\/p>\n","protected":false},"excerpt":{"rendered":"<p>La segunda Subasta que realiz\u00f3 el Instituto Distrital de Patrimonio Cultural-IDPC con la Asociaci\u00f3n Mercado de las Pulgas de San Alejo, se enmarc\u00f3 en las celebraciones del Bicentenario de la Independencia de Colombia y se centr\u00f3 en la\u00a0 presentaci\u00f3n de objetos de la vida cotidiana en Bogot\u00e1 a lo largo de los \u00faltimos 200 a\u00f1os desde que el pa\u00eds se conform\u00f3 como naci\u00f3n.<\/p>\n<p>Siguiendo la misi\u00f3n del IDPC de divulgar el patrimonio cultural de Bogot\u00e1, la Subasta se constituy\u00f3 en una puesta en valor de objetos que desde su sentido cultural, social e hist\u00f3rico, nos permiten evocar sucesos que nos conectan con otros tiempos y situaciones vividas dentro de nuestra ciudad.<\/p>\n<p>El potencial de estos objetos como patrimonio mueble comprende un reconocimiento y una recordaci\u00f3n de las historias particulares que guarda toda familia (el primer radio de la casa, el triciclo, el coche de beb\u00e9, los instrumentos que utilizaba el m\u00e9dico de la familia o la caja registradora de la tienda del barrio entre muchos otros ejemplos), pero tambi\u00e9n, el descubrir que al convivir en un mismo territorio -nuestra ciudad-, compartimos una memoria colectiva que nos permite hacer referencia a c\u00f3mo construimos constantemente las historias que nos identifican como habitantes de la capital.<\/p>\n<p>El ejercicio de esta subasta implic\u00f3 prestar atenci\u00f3n particular a los contextos, fechas, marcas y usos de los mismos, cuando hoy, luego de cierto tiempo, los encontramos en los puestos de venta del Mercado de pulgas de San Alejo, esperando a ser nuevamente narrados y recordados.<\/p>\n<p>De esta manera, el lector podr\u00e1 encontrar objetos representativos de la ni\u00f1ez, objetos que han hecho parte de la rutina diaria de cuidado personal, piezas decorativas y utilitarias del hogar, objetos relacionados con la m\u00fasica, electrodom\u00e9sticos que han hecho parte de las casas bogotanas desde su entrada en el mercado, piezas del \u00e1mbito del comercio y la documentaci\u00f3n, relojes, herramientas, equipos m\u00e9dicos y cient\u00edficos y una serie de objetos denominados \u201ccuriosos\u201d debido a sus particulares caracter\u00edsticas est\u00e9ticas, t\u00e9cnicas y\/o documentales.<\/p>\n<p><strong>A\u00f1o:<\/strong> 2010<br \/>\n<strong>Autor:\u00a0<\/strong>Instituto Distrital de Patrimonio Cultural<\/p>\n<p>&nbsp;<\/p>\n<p><a href=\"https:\/\/idpc.gov.co\/publicaciones\/descargas\/200subasta.pdf\"><img decoding=\"async\" class=\"alignleft wp-image-11737 size-full\" src=\"https:\/\/idpc.gov.co\/publicaciones\/wp-content\/uploads\/2019\/03\/descargar115.png\" alt=\"\" width=\"158\" height=\"49\" \/><\/a><\/p>\n<p><strong>L<\/strong><strong>icencia de Creative Commons: Atribuci\u00f3n\u00a0\u2013 No comercial\u00a0\u2013\u00a0Sin Derivar.\u00a0Esta licencia solo permite la descarga de esta obra para compartirla con otras personas, siempre y cuando se reconozca su autor\u00eda. La obra no se puede modificar de ninguna manera, ni se puede utilizar comercialmente.<\/strong><\/p>\n","protected":false},"featured_media":420,"comment_status":"open","ping_status":"closed","template":"","meta":{"_acf_changed":false},"product_brand":[],"product_cat":[102],"product_tag":[],"class_list":{"0":"post-419","1":"product","2":"type-product","3":"status-publish","4":"has-post-thumbnail","6":"product_cat-exploraciones_y_recorridos","8":"first","9":"instock","10":"shipping-taxable","11":"purchasable","12":"product-type-simple"},"acf":[],"_links":{"self":[{"href":"https:\/\/idpc.gov.co\/publicaciones\/wp-json\/wp\/v2\/product\/419","targetHints":{"allow":["GET"]}}],"collection":[{"href":"https:\/\/idpc.gov.co\/publicaciones\/wp-json\/wp\/v2\/product"}],"about":[{"href":"https:\/\/idpc.gov.co\/publicaciones\/wp-json\/wp\/v2\/types\/product"}],"replies":[{"embeddable":true,"href":"https:\/\/idpc.gov.co\/publicaciones\/wp-json\/wp\/v2\/comments?post=419"}],"wp:featuredmedia":[{"embeddable":true,"href":"https:\/\/idpc.gov.co\/publicaciones\/wp-json\/wp\/v2\/media\/420"}],"wp:attachment":[{"href":"https:\/\/idpc.gov.co\/publicaciones\/wp-json\/wp\/v2\/media?parent=419"}],"wp:term":[{"taxonomy":"product_brand","embeddable":true,"href":"https:\/\/idpc.gov.co\/publicaciones\/wp-json\/wp\/v2\/product_brand?post=419"},{"taxonomy":"product_cat","embeddable":true,"href":"https:\/\/idpc.gov.co\/publicaciones\/wp-json\/wp\/v2\/product_cat?post=419"},{"taxonomy":"product_tag","embeddable":true,"href":"https:\/\/idpc.gov.co\/publicaciones\/wp-json\/wp\/v2\/product_tag?post=419"}],"curies":[{"name":"wp","href":"https:\/\/api.w.org\/{rel}","templated":true}]}}