{"id":413,"date":"2016-04-10T03:52:14","date_gmt":"2016-04-10T08:52:14","guid":{"rendered":"https:\/\/idpc.gov.co\/publicaciones\/?post_type=product&#038;p=413"},"modified":"2024-04-30T22:37:58","modified_gmt":"2024-05-01T03:37:58","slug":"el-patrimonio-urbano-de-bogota-ciudad-y-arquitectura","status":"publish","type":"product","link":"https:\/\/idpc.gov.co\/publicaciones\/producto\/el-patrimonio-urbano-de-bogota-ciudad-y-arquitectura\/","title":{"rendered":"El Patrimonio Urbano de Bogot\u00e1. Ciudad y Arquitectura"},"content":{"rendered":"","protected":false},"excerpt":{"rendered":"<p><span class=\"subtitulo\">Este libro resulta de inter\u00e9s por identificar el patrimonio urbano y arquitect\u00f3nico de Bogot\u00e1, donde se re\u00fane el conjunto arquitect\u00f3nico m\u00e1s importante del pa\u00eds. Patrimonio entendido como aquello que representa un valor en la mentalidad ciudadana, sea por la memoria que alberga, por su representatividad hist\u00f3rica o por el papel que cumple en la vida cotidiana.<\/span><\/p>\n<p>Para lograr dicha identificaci\u00f3n, los autores se remontan a la herencia de los primeros a\u00f1os de dominaci\u00f3n espa\u00f1ola, enriquecida posteriormente con los aportes del siglo XIX y XX, lo cual conform\u00f3 un amplio panorama de cerca de seis mil edificaciones y zonas urbanas legalmente protegidas como patrimonio.<\/p>\n<p><strong>Autor:<\/strong> Corporaci\u00f3n La Candelaria (Hoy Instituto Distrital de Patrimonio Cultural) e Instituto Distrital de Cultura y Turismo<br \/>\n<strong>A\u00f1o:<\/strong> 2003<\/p>\n","protected":false},"featured_media":696,"comment_status":"open","ping_status":"closed","template":"","meta":{"_acf_changed":false},"product_brand":[],"product_cat":[102],"product_tag":[],"class_list":{"0":"post-413","1":"product","2":"type-product","3":"status-publish","4":"has-post-thumbnail","6":"product_cat-exploraciones_y_recorridos","8":"first","9":"instock","10":"shipping-taxable","11":"product-type-simple"},"acf":[],"_links":{"self":[{"href":"https:\/\/idpc.gov.co\/publicaciones\/wp-json\/wp\/v2\/product\/413","targetHints":{"allow":["GET"]}}],"collection":[{"href":"https:\/\/idpc.gov.co\/publicaciones\/wp-json\/wp\/v2\/product"}],"about":[{"href":"https:\/\/idpc.gov.co\/publicaciones\/wp-json\/wp\/v2\/types\/product"}],"replies":[{"embeddable":true,"href":"https:\/\/idpc.gov.co\/publicaciones\/wp-json\/wp\/v2\/comments?post=413"}],"wp:featuredmedia":[{"embeddable":true,"href":"https:\/\/idpc.gov.co\/publicaciones\/wp-json\/wp\/v2\/media\/696"}],"wp:attachment":[{"href":"https:\/\/idpc.gov.co\/publicaciones\/wp-json\/wp\/v2\/media?parent=413"}],"wp:term":[{"taxonomy":"product_brand","embeddable":true,"href":"https:\/\/idpc.gov.co\/publicaciones\/wp-json\/wp\/v2\/product_brand?post=413"},{"taxonomy":"product_cat","embeddable":true,"href":"https:\/\/idpc.gov.co\/publicaciones\/wp-json\/wp\/v2\/product_cat?post=413"},{"taxonomy":"product_tag","embeddable":true,"href":"https:\/\/idpc.gov.co\/publicaciones\/wp-json\/wp\/v2\/product_tag?post=413"}],"curies":[{"name":"wp","href":"https:\/\/api.w.org\/{rel}","templated":true}]}}