{"id":409,"date":"2018-04-13T22:50:18","date_gmt":"2018-04-14T03:50:18","guid":{"rendered":"https:\/\/idpc.gov.co\/publicaciones\/?post_type=product&#038;p=409"},"modified":"2024-04-30T22:17:54","modified_gmt":"2024-05-01T03:17:54","slug":"enrique-triana-obras-y-proyectos","status":"publish","type":"product","link":"https:\/\/idpc.gov.co\/publicaciones\/producto\/enrique-triana-obras-y-proyectos\/","title":{"rendered":"Enrique Triana. Obras y proyectos"},"content":{"rendered":"","protected":false},"excerpt":{"rendered":"<p><span class=\"subtitulo\">En este libro encontrar\u00e1 rese\u00f1adas 43 obras y proyectos del arquitecto Enrique Triana y seis entrevistas con arquitectos que hablan sobre su obra.<\/span><\/p>\n<p>\u201cLa aproximaci\u00f3n cr\u00edtica a nuestro patrimonio moderno exige an\u00e1lisis rigurosos, concienzudos y sobre todo un claro entendimiento de los principios que generan obras como la de Triana, en un contexto mundial donde las influencias son diversas y que los arquitectos, finalmente, terminan sintetizando desde su perspectiva cr\u00edtica de lo global y de lo local\u201d.<\/p>\n<p><strong>Autor: <\/strong>Corporaci\u00f3n La Candelaria (Hoy Instituto Distrital de Patrimonio Cultural)<br \/>\n<strong>A\u00f1o:<\/strong> 2006<\/p>\n<p><a href=\"https:\/\/libreriasiglo.com\/selloeditorial\/ipc-instituto-distrital-de-patrimonio-cultural.html\"><img decoding=\"async\" class=\"alignleft wp-image-11899 size-full\" src=\"https:\/\/idpc.gov.co\/publicaciones\/wp-content\/uploads\/2020\/12\/comprar.png\" alt=\"Comprar\" width=\"158\" height=\"49\" \/><\/a><\/p>\n","protected":false},"featured_media":410,"comment_status":"open","ping_status":"closed","template":"","meta":{"_acf_changed":false},"product_brand":[],"product_cat":[91],"product_tag":[80],"class_list":{"0":"post-409","1":"product","2":"type-product","3":"status-publish","4":"has-post-thumbnail","6":"product_cat-nombres_propios","7":"product_tag-80","9":"first","10":"instock","11":"shipping-taxable","12":"purchasable","13":"product-type-simple"},"acf":[],"_links":{"self":[{"href":"https:\/\/idpc.gov.co\/publicaciones\/wp-json\/wp\/v2\/product\/409","targetHints":{"allow":["GET"]}}],"collection":[{"href":"https:\/\/idpc.gov.co\/publicaciones\/wp-json\/wp\/v2\/product"}],"about":[{"href":"https:\/\/idpc.gov.co\/publicaciones\/wp-json\/wp\/v2\/types\/product"}],"replies":[{"embeddable":true,"href":"https:\/\/idpc.gov.co\/publicaciones\/wp-json\/wp\/v2\/comments?post=409"}],"wp:featuredmedia":[{"embeddable":true,"href":"https:\/\/idpc.gov.co\/publicaciones\/wp-json\/wp\/v2\/media\/410"}],"wp:attachment":[{"href":"https:\/\/idpc.gov.co\/publicaciones\/wp-json\/wp\/v2\/media?parent=409"}],"wp:term":[{"taxonomy":"product_brand","embeddable":true,"href":"https:\/\/idpc.gov.co\/publicaciones\/wp-json\/wp\/v2\/product_brand?post=409"},{"taxonomy":"product_cat","embeddable":true,"href":"https:\/\/idpc.gov.co\/publicaciones\/wp-json\/wp\/v2\/product_cat?post=409"},{"taxonomy":"product_tag","embeddable":true,"href":"https:\/\/idpc.gov.co\/publicaciones\/wp-json\/wp\/v2\/product_tag?post=409"}],"curies":[{"name":"wp","href":"https:\/\/api.w.org\/{rel}","templated":true}]}}