{"id":402,"date":"2018-04-17T22:12:14","date_gmt":"2018-04-18T03:12:14","guid":{"rendered":"https:\/\/idpc.gov.co\/publicaciones\/?post_type=product&#038;p=402"},"modified":"2024-04-30T22:14:30","modified_gmt":"2024-05-01T03:14:30","slug":"arturo-robledo-la-arquitectura-como-modo-de-vida","status":"publish","type":"product","link":"https:\/\/idpc.gov.co\/publicaciones\/producto\/arturo-robledo-la-arquitectura-como-modo-de-vida\/","title":{"rendered":"Arturo Robledo. La arquitectura como modo de vida"},"content":{"rendered":"<p><iframe style=\"border: none; width: 100%; height: 326px;\" src=\"\/\/e.issuu.com\/embed.html?d=arturo_robledo_baja&amp;u=patrimoniobogota\" allowfullscreen=\"allowfullscreen\"><\/iframe><\/p>\n","protected":false},"excerpt":{"rendered":"<p><span class=\"subtitulo\">\u201cPensar\u201d la ciudad. Imaginar, dibujar y construir una urbe, materializada mediante elementos que se caracterizan por el pragmatismo, lo c\u00fabico y rectangular, y la renuncia a decoraciones excesivas en espacios que resultan \u00fatiles, sobrios y \u2013no obstante la subjetividad de esta propiedad\u2013 est\u00e9ticos, bien aprovechados y donde lo ecu\u00e1nime e integral est\u00e1 tanto en lo propio como en su afuera; <\/span>la particularidad interior del objeto se extiende al conjunto que lo rodea. \u00bfNo es acaso esta una manera no s\u00f3lo de idear dise\u00f1os materiales, sino de moldear formas de existir? \u00bfPuede ser aplicado un criterio profesional a una filosof\u00eda de vida?<\/p>\n<p>Al repasar la vida y obra de Arturo Robledo Ocampo (Manizales, 1930-Bogot\u00e1, 2007), es atinado responder a las anteriores inquietudes con vehementes s\u00edes. \u00c9l, que lleg\u00f3 a la capital de Colombia entre las d\u00e9cadas de los treinta y cuarenta, a\u00fan ni\u00f1o, proveniente de su natal Caldas, a causa del nomadismo a que su padre se ve\u00eda obligado por las labores institucionales que desempe\u00f1aba, ten\u00eda un destino que hoy Bogot\u00e1 agradece: haber hecho parte sobresaliente del grupo de gestores que transformaron sus intenciones en realidad, dejando un legado hist\u00f3rico para la ciudad, la riqueza construida del desarrollo urbano del siglo XX.<\/p>\n<p>Por eso a Robledo, arquitecto de la Universidad Nacional \u2013de la que adem\u00e1s fue vicerrector y decano de Artes, entre otros cargos\u2013, profesional comprometido con la b\u00fasqueda constante, incluso desde lo gremial, de mejores condiciones \u2013de formaci\u00f3n, consolidaci\u00f3n y reconocimiento social\u2013 para el cuerpo arquitect\u00f3nico colombiano, y acertado dise\u00f1ador y ejecutor de obras para Bogot\u00e1, como los conjuntos multifamiliares Nueva Santa Fe y calle 26, del Banco Central Hipotecario, el Conjunto Residencial Calle del Sol, el Parque Residencial Calle 100 y los detalles de dise\u00f1o \u2013senderos, canales, terrazas, puentes, plazas, arborizaci\u00f3n\u2013 del Parque Metropolitano Sim\u00f3n Bol\u00edvar, por mencionar s\u00f3lo algunas, el Instituto Distrital de Patrimonio Cultural le rinde un homenaje, a trav\u00e9s del libro Arturo Robledo. La arquitectura como modo de vida.<\/p>\n<p>Con tan especial publicaci\u00f3n, esta entidad \u2013adscrita a la Secretar\u00eda de Cultura, Recreaci\u00f3n y Deporte\u2013 tiene el prop\u00f3sito no solamente de hacer un merecido reconocimiento a la labor de a quien los bogotanos y las bogotanas le deben buena parte de la belleza que tienen los tesoros arquitect\u00f3nicos en los que habitan y a diario conviven, sino adem\u00e1s de utilizar este capital para despertar en aquellos la conciencia alrededor de la valoraci\u00f3n de la herencia construida de Bogot\u00e1, y as\u00ed, apuntar a fomentar en la ciudadan\u00eda la protecci\u00f3n por tan identificativos elementos de la historia del patrimonio inmueble del que la ciudad goza.<\/p>\n<p><strong>Autora:<\/strong> Beatriz Garc\u00eda Moreno<br \/>\n<strong>A\u00f1o:<\/strong> 2010<\/p>\n","protected":false},"featured_media":1374,"comment_status":"open","ping_status":"closed","template":"","meta":{"_acf_changed":false},"product_brand":[],"product_cat":[91],"product_tag":[79],"class_list":{"0":"post-402","1":"product","2":"type-product","3":"status-publish","4":"has-post-thumbnail","6":"product_cat-nombres_propios","7":"product_tag-79","9":"first","10":"instock","11":"shipping-taxable","12":"purchasable","13":"product-type-simple"},"acf":[],"_links":{"self":[{"href":"https:\/\/idpc.gov.co\/publicaciones\/wp-json\/wp\/v2\/product\/402","targetHints":{"allow":["GET"]}}],"collection":[{"href":"https:\/\/idpc.gov.co\/publicaciones\/wp-json\/wp\/v2\/product"}],"about":[{"href":"https:\/\/idpc.gov.co\/publicaciones\/wp-json\/wp\/v2\/types\/product"}],"replies":[{"embeddable":true,"href":"https:\/\/idpc.gov.co\/publicaciones\/wp-json\/wp\/v2\/comments?post=402"}],"wp:featuredmedia":[{"embeddable":true,"href":"https:\/\/idpc.gov.co\/publicaciones\/wp-json\/wp\/v2\/media\/1374"}],"wp:attachment":[{"href":"https:\/\/idpc.gov.co\/publicaciones\/wp-json\/wp\/v2\/media?parent=402"}],"wp:term":[{"taxonomy":"product_brand","embeddable":true,"href":"https:\/\/idpc.gov.co\/publicaciones\/wp-json\/wp\/v2\/product_brand?post=402"},{"taxonomy":"product_cat","embeddable":true,"href":"https:\/\/idpc.gov.co\/publicaciones\/wp-json\/wp\/v2\/product_cat?post=402"},{"taxonomy":"product_tag","embeddable":true,"href":"https:\/\/idpc.gov.co\/publicaciones\/wp-json\/wp\/v2\/product_tag?post=402"}],"curies":[{"name":"wp","href":"https:\/\/api.w.org\/{rel}","templated":true}]}}