{"id":400,"date":"2018-04-19T21:02:06","date_gmt":"2018-04-20T02:02:06","guid":{"rendered":"https:\/\/idpc.gov.co\/publicaciones\/?post_type=product&#038;p=400"},"modified":"2024-04-30T22:14:36","modified_gmt":"2024-05-01T03:14:36","slug":"jose-maria-montoya-valenzuela-retrospectiva","status":"publish","type":"product","link":"https:\/\/idpc.gov.co\/publicaciones\/producto\/jose-maria-montoya-valenzuela-retrospectiva\/","title":{"rendered":"Jos\u00e9 Mar\u00eda Montoya Valenzuela. Retrospectiva"},"content":{"rendered":"<p><iframe style=\"border: none; width: 100%; height: 326px;\" src=\"\/\/e.issuu.com\/embed.html?d=jose_maria_montoya_valenzuela&amp;u=patrimoniobogota\" allowfullscreen=\"allowfullscreen\"><\/iframe><\/p>\n","protected":false},"excerpt":{"rendered":"<p><span class=\"subtitulo\">La publicaci\u00f3n, realizada por el Instituto Distrital de Patrimonio Cultural, hace un recorrido por la obra del importante arquitecto Jos\u00e9 Mar\u00eda Montoya Valenzuela y un reconocimiento a su pr\u00e1ctica profesional, con rese\u00f1as de sus principales proyectos, entre los que se encuentran el Seminario Mayor de Bogot\u00e1 y edificaciones del Colegio La Ense\u00f1anza.<\/span><\/p>\n<p>La retrospectiva comprende un reconocimiento a uno de los pioneros y m\u00e1s destacados arquitectos de la denominada \u201cprimera modernidad\u201d en la historia de la arquitectura de Bogot\u00e1. Su nombre resuena en la ciudad debido a los casi 50 a\u00f1os de trabajo continuo que remiten a un gran n\u00famero de edificaciones y proyectos en los que se percibe una clara preocupaci\u00f3n por la calidad est\u00e9tica y una constante experimentaci\u00f3n y actualizaci\u00f3n t\u00e9cnica, as\u00ed como por la construcci\u00f3n de una ciudad moderna.<\/p>\n<p>En sus propuestas se mezcla la tradici\u00f3n de la construcci\u00f3n en ladrillo con los avances y recursos de la industrializaci\u00f3n, y una decidida respuesta a los cambios en las estructuras sociales y familiares que vivi\u00f3 Bogot\u00e1 con la incorporaci\u00f3n de nuevos modelos de habitaci\u00f3n en edificios de renta, casas de apartamentos y viviendas que hoy hacen parte de sectores de gran inter\u00e9s arquitect\u00f3nico, como son el centro tradicional y los barrios Las Nieves, Santa Fe, Armenia, Quinta Camacho, Teusaquillo y La Merced.<\/p>\n<p>Jos\u00e9 Mar\u00eda Montoya Valenzuela fue, adem\u00e1s, responsable, desde la oficina de Obras P\u00fablicas Municipales de la Alcald\u00eda de Bogot\u00e1, de muchas de las mejoras materiales y obras desarrolladas en la ciudad entre 1934 y 1938, con la planeaci\u00f3n de barrios obreros, pavimentaci\u00f3n de v\u00edas y el mantenimiento y la consolidaci\u00f3n de lugares como el Cementerio Central y varias plazas, parques y monumentos.<\/p>\n<p>A su vez, estuvo bajo su liderazgo la construcci\u00f3n y dise\u00f1o del matadero municipal, logrando con todas estas obras constituir esa imagen de la ciudad de la primera mitad del siglo XX, que hoy es posible admirar en fotograf\u00edas y postales de la \u00e9poca.<\/p>\n<p><strong>Autor:<\/strong>Instituto Distrital de Patrimonio Cultural<br \/>\n<strong>A\u00f1o:<\/strong> 2011<\/p>\n<p>&nbsp;<\/p>\n<p><a href=\"https:\/\/idpc.gov.co\/publicaciones\/descargas\/valenzuela.pdf\"><img decoding=\"async\" class=\"alignleft wp-image-11737 size-full\" src=\"https:\/\/idpc.gov.co\/publicaciones\/wp-content\/uploads\/2019\/03\/descargar115.png\" alt=\"\" width=\"158\" height=\"49\" \/><\/a><\/p>\n<p><strong>L<\/strong><strong>icencia de Creative Commons: Atribuci\u00f3n\u00a0\u2013 No comercial\u00a0\u2013\u00a0Sin Derivar.\u00a0Esta licencia solo permite la descarga de esta obra para compartirla con otras personas, siempre y cuando se reconozca su autor\u00eda. La obra no se puede modificar de ninguna manera, ni se puede utilizar comercialmente.<\/strong><\/p>\n","protected":false},"featured_media":401,"comment_status":"open","ping_status":"closed","template":"","meta":{"_acf_changed":false},"product_brand":[],"product_cat":[91],"product_tag":[78],"class_list":{"0":"post-400","1":"product","2":"type-product","3":"status-publish","4":"has-post-thumbnail","6":"product_cat-nombres_propios","7":"product_tag-78","9":"first","10":"instock","11":"shipping-taxable","12":"purchasable","13":"product-type-simple"},"acf":[],"_links":{"self":[{"href":"https:\/\/idpc.gov.co\/publicaciones\/wp-json\/wp\/v2\/product\/400","targetHints":{"allow":["GET"]}}],"collection":[{"href":"https:\/\/idpc.gov.co\/publicaciones\/wp-json\/wp\/v2\/product"}],"about":[{"href":"https:\/\/idpc.gov.co\/publicaciones\/wp-json\/wp\/v2\/types\/product"}],"replies":[{"embeddable":true,"href":"https:\/\/idpc.gov.co\/publicaciones\/wp-json\/wp\/v2\/comments?post=400"}],"wp:featuredmedia":[{"embeddable":true,"href":"https:\/\/idpc.gov.co\/publicaciones\/wp-json\/wp\/v2\/media\/401"}],"wp:attachment":[{"href":"https:\/\/idpc.gov.co\/publicaciones\/wp-json\/wp\/v2\/media?parent=400"}],"wp:term":[{"taxonomy":"product_brand","embeddable":true,"href":"https:\/\/idpc.gov.co\/publicaciones\/wp-json\/wp\/v2\/product_brand?post=400"},{"taxonomy":"product_cat","embeddable":true,"href":"https:\/\/idpc.gov.co\/publicaciones\/wp-json\/wp\/v2\/product_cat?post=400"},{"taxonomy":"product_tag","embeddable":true,"href":"https:\/\/idpc.gov.co\/publicaciones\/wp-json\/wp\/v2\/product_tag?post=400"}],"curies":[{"name":"wp","href":"https:\/\/api.w.org\/{rel}","templated":true}]}}