{"id":398,"date":"2019-08-15T23:51:56","date_gmt":"2019-08-16T04:51:56","guid":{"rendered":"https:\/\/idpc.gov.co\/publicaciones\/?post_type=product&#038;p=398"},"modified":"2024-04-30T22:39:33","modified_gmt":"2024-05-01T03:39:33","slug":"la-carrera-de-la-modernidad-construccion-de-la-carrera-decima-bogota-1945-1960","status":"publish","type":"product","link":"https:\/\/idpc.gov.co\/publicaciones\/producto\/la-carrera-de-la-modernidad-construccion-de-la-carrera-decima-bogota-1945-1960\/","title":{"rendered":"La Carrera de la modernidad. Construcci\u00f3n de la Carrera D\u00e9cima. Bogot\u00e1 1945-1960"},"content":{"rendered":"<div style=\"position: relative; padding-top: max(60%,326px); height: 0; width: 100%;\"><iframe style=\"position: absolute; border: none; width: 100%; height: 100%; left: 0; right: 0; top: 0; bottom: 0;\" src=\"https:\/\/e.issuu.com\/embed.html?d=carrera_de_la_modernidad_2014_ebook&amp;u=patrimoniobogota\" sandbox=\"allow-top-navigation allow-top-navigation-by-user-activation allow-downloads allow-scripts allow-same-origin allow-popups allow-modals allow-popups-to-escape-sandbox\" allowfullscreen=\"allowfullscreen\"><\/iframe><\/div>\n","protected":false},"excerpt":{"rendered":"<p>La irrupci\u00f3n en Bogot\u00e1 de la carrera D\u00e9cima, a mediados del siglo XX, fue, adem\u00e1s de un paliativo para la movilidad del centro de la ciudad, un hecho simb\u00f3lico de la historia de la Capital: represent\u00f3 el ingreso de Bogot\u00e1 a la modernidad, con la adopci\u00f3n de patrones arquitect\u00f3nicos de vanguardia \u2013que romp\u00edan con la hegem\u00f3nica mezcla de los estilos colonial y republicano\u2013 y la existencia de una \u00e9lite comercial y profesional que, escapando del nebuloso panorama pol\u00edtico que viv\u00eda el pa\u00eds, promovi\u00f3 proyectos de desarrollo para la urbe como la avenida en cuesti\u00f3n.<\/p>\n<p><em>La carrera de la modernidad.\u00a0Construcci\u00f3n de la carrera D\u00e9cima. Bogot\u00e1 (1945-1960),<\/em> repasa la vida de la Avenida, en una radiograf\u00eda que entreteje la historia de \u00e9sta con el transcurso paralelo de la ciudad, en \u00e1mbitos como lo pol\u00edtico y lo econ\u00f3mico, y que se enfoca en algunos de los inmuebles que rodean la protag\u00f3nica v\u00eda.<\/p>\n<p>La publicaci\u00f3n, presenta informaci\u00f3n textual y gr\u00e1fica hallada en notar\u00edas y documentos catastrales de la ciudad, en el Concejo de Bogot\u00e1, en archivos de prensa, en planos de la Secretar\u00eda de Planeaci\u00f3n, al igual que en las propias firmas constructoras de la Avenida y en archivos de fotograf\u00eda de la historia de la capital. As\u00ed se engros\u00f3 una publicaci\u00f3n bien documentada que no se queda en el sobrevuelo hist\u00f3rico de la D\u00e9cima, sino que aporta minucias sobre los valores patrimoniales que poseen 21 edificios construidos sobre la Avenida.<\/p>\n<p>La reconfiguraci\u00f3n predial de las manzanas aleda\u00f1as a la Carrera tras su construcci\u00f3n y la alta valorizaci\u00f3n de los bienes ubicados all\u00ed \u2013r\u00e9ditos que quedaron en los bolsillos de actores privados, por la nula injerencia p\u00fablica\u2013, junto con an\u00e9cdotas y haza\u00f1as como la rapidez con que se cristaliz\u00f3 el primer tramo del proyecto, entre la avenida Jim\u00e9nez y el Centro Internacional, de 1948 a 1952, son ejemplos de los atractivos informativos que contiene, un compendio documental que hace honor a un elemento insignia del patrimonio construido de Bogot\u00e1: la carrera D\u00e9cima.<\/p>\n<p class=\"textodbpublic\"><strong>Autores:\u00a0<\/strong>Carlos Ni\u00f1o Murcia &#8211;\u00a0Sandra Reina Mendoza<\/p>\n<p class=\"textodbpublic\"><strong>A\u00f1o: <\/strong>2014. Segunda Edici\u00f3n<\/p>\n","protected":false},"featured_media":408,"comment_status":"open","ping_status":"closed","template":"","meta":{"_acf_changed":false},"product_brand":[],"product_cat":[101],"product_tag":[],"class_list":{"0":"post-398","1":"product","2":"type-product","3":"status-publish","4":"has-post-thumbnail","6":"product_cat-lugares_y_tiempos","8":"first","9":"instock","10":"shipping-taxable","11":"purchasable","12":"product-type-simple"},"acf":[],"_links":{"self":[{"href":"https:\/\/idpc.gov.co\/publicaciones\/wp-json\/wp\/v2\/product\/398","targetHints":{"allow":["GET"]}}],"collection":[{"href":"https:\/\/idpc.gov.co\/publicaciones\/wp-json\/wp\/v2\/product"}],"about":[{"href":"https:\/\/idpc.gov.co\/publicaciones\/wp-json\/wp\/v2\/types\/product"}],"replies":[{"embeddable":true,"href":"https:\/\/idpc.gov.co\/publicaciones\/wp-json\/wp\/v2\/comments?post=398"}],"wp:featuredmedia":[{"embeddable":true,"href":"https:\/\/idpc.gov.co\/publicaciones\/wp-json\/wp\/v2\/media\/408"}],"wp:attachment":[{"href":"https:\/\/idpc.gov.co\/publicaciones\/wp-json\/wp\/v2\/media?parent=398"}],"wp:term":[{"taxonomy":"product_brand","embeddable":true,"href":"https:\/\/idpc.gov.co\/publicaciones\/wp-json\/wp\/v2\/product_brand?post=398"},{"taxonomy":"product_cat","embeddable":true,"href":"https:\/\/idpc.gov.co\/publicaciones\/wp-json\/wp\/v2\/product_cat?post=398"},{"taxonomy":"product_tag","embeddable":true,"href":"https:\/\/idpc.gov.co\/publicaciones\/wp-json\/wp\/v2\/product_tag?post=398"}],"curies":[{"name":"wp","href":"https:\/\/api.w.org\/{rel}","templated":true}]}}