{"id":393,"date":"2018-03-01T20:23:04","date_gmt":"2018-03-02T01:23:04","guid":{"rendered":"https:\/\/idpc.gov.co\/publicaciones\/?post_type=product&#038;p=393"},"modified":"2024-04-30T22:25:50","modified_gmt":"2024-05-01T03:25:50","slug":"mexico-centralidades-historicas-y-proyectos-de-ciudad","status":"publish","type":"product","link":"https:\/\/idpc.gov.co\/publicaciones\/producto\/mexico-centralidades-historicas-y-proyectos-de-ciudad\/","title":{"rendered":"M\u00e9xico: Centralidades Hist\u00f3ricas y proyectos de ciudad"},"content":{"rendered":"<div style=\"position: relative; padding-top: max(60%,326px); height: 0; width: 100%;\"><iframe style=\"position: absolute; border: none; width: 100%; height: 100%; left: 0; right: 0; top: 0; bottom: 0;\" src=\"https:\/\/e.issuu.com\/embed.html?d=centralidades_mexico_e-book&amp;u=patrimoniobogota\" sandbox=\"allow-top-navigation allow-top-navigation-by-user-activation allow-downloads allow-scripts allow-same-origin allow-popups allow-modals allow-popups-to-escape-sandbox\" allowfullscreen=\"allowfullscreen\"><\/iframe><\/div>\n","protected":false},"excerpt":{"rendered":"<p>La colecci\u00f3n Centralidades de la Organizaci\u00f3n Latinoamericana y del Caribe de Centros Hist\u00f3ricos (OLACCHI), se pone a disposici\u00f3n de los lectores a trav\u00e9s del trabajo editorial adelantado por el Instituto Distrital de Patrimonio Cultural, \u00a0para aportar profundas descripciones a la literatura urbana, no solo del entorno urbano hist\u00f3rico y reciente sino de la hondura psicol\u00f3gica de quienes lo habitan. Esta colecci\u00f3n presenta para el debate, lecturas de reconocidos acad\u00e9micos y acad\u00e9micas provenientes de diversos pa\u00edses de Latinoam\u00e9rica, quienes reunidos en torno a un pa\u00eds, muestran de varias formas esos \u201ccentros\u201d de los que habla cada uno de los libros.<\/p>\n<p><strong>Autores:<\/strong> Varios<br \/>\n<strong>A\u00f1o:<\/strong> 2015<\/p>\n<p><a href=\"https:\/\/libreriasiglo.com\/selloeditorial\/ipc-instituto-distrital-de-patrimonio-cultural.html\"><img decoding=\"async\" class=\"alignleft wp-image-11899 size-full\" src=\"https:\/\/idpc.gov.co\/publicaciones\/wp-content\/uploads\/2020\/12\/comprar.png\" alt=\"Comprar\" width=\"158\" height=\"49\" \/><\/a><\/p>\n","protected":false},"featured_media":689,"comment_status":"open","ping_status":"closed","template":"","meta":{"_acf_changed":false},"product_brand":[],"product_cat":[101],"product_tag":[],"class_list":{"0":"post-393","1":"product","2":"type-product","3":"status-publish","4":"has-post-thumbnail","6":"product_cat-lugares_y_tiempos","8":"first","9":"instock","10":"virtual","11":"purchasable","12":"product-type-simple"},"acf":[],"_links":{"self":[{"href":"https:\/\/idpc.gov.co\/publicaciones\/wp-json\/wp\/v2\/product\/393","targetHints":{"allow":["GET"]}}],"collection":[{"href":"https:\/\/idpc.gov.co\/publicaciones\/wp-json\/wp\/v2\/product"}],"about":[{"href":"https:\/\/idpc.gov.co\/publicaciones\/wp-json\/wp\/v2\/types\/product"}],"replies":[{"embeddable":true,"href":"https:\/\/idpc.gov.co\/publicaciones\/wp-json\/wp\/v2\/comments?post=393"}],"wp:featuredmedia":[{"embeddable":true,"href":"https:\/\/idpc.gov.co\/publicaciones\/wp-json\/wp\/v2\/media\/689"}],"wp:attachment":[{"href":"https:\/\/idpc.gov.co\/publicaciones\/wp-json\/wp\/v2\/media?parent=393"}],"wp:term":[{"taxonomy":"product_brand","embeddable":true,"href":"https:\/\/idpc.gov.co\/publicaciones\/wp-json\/wp\/v2\/product_brand?post=393"},{"taxonomy":"product_cat","embeddable":true,"href":"https:\/\/idpc.gov.co\/publicaciones\/wp-json\/wp\/v2\/product_cat?post=393"},{"taxonomy":"product_tag","embeddable":true,"href":"https:\/\/idpc.gov.co\/publicaciones\/wp-json\/wp\/v2\/product_tag?post=393"}],"curies":[{"name":"wp","href":"https:\/\/api.w.org\/{rel}","templated":true}]}}