{"id":28,"date":"2018-04-30T02:46:17","date_gmt":"2018-04-30T07:46:17","guid":{"rendered":"http:\/\/themes.laborator.co\/aurum\/bookshop\/?product=the-casual-optimist"},"modified":"2024-04-30T22:10:04","modified_gmt":"2024-05-01T03:10:04","slug":"premio-rogelio-salmona","status":"publish","type":"product","link":"https:\/\/idpc.gov.co\/publicaciones\/producto\/premio-rogelio-salmona\/","title":{"rendered":"Premio Latinoamericano de Arquitectura Rogelio Salmona"},"content":{"rendered":"<div style=\"position: relative; padding-top: max(60%,326px); height: 0; width: 100%;\"><iframe style=\"position: absolute; border: none; width: 100%; height: 100%; left: 0; right: 0; top: 0; bottom: 0;\" src=\"https:\/\/e.issuu.com\/embed.html?d=premio_rogelio_salmona_ebook&amp;u=patrimoniobogota\" sandbox=\"allow-top-navigation allow-top-navigation-by-user-activation allow-downloads allow-scripts allow-same-origin allow-popups allow-modals allow-popups-to-escape-sandbox\" allowfullscreen=\"allowfullscreen\"><\/iframe><\/div>\n","protected":false},"excerpt":{"rendered":"<p>Convencida de la urgente necesidad de construir una ciudad y una sociedad latinoamericana cada vez m\u00e1s incluyente y equitativa, en 2011 la Fundaci\u00f3n Rogelio Salmona decidi\u00f3 asumir el compromiso de otorgar un reconocimiento a obras de arquitectura que generen espacios colectivos significativos con sentido de lugar y as\u00ed contribuyan a la consolidaci\u00f3n de la ciudad.<\/p>\n<p>Mientras otros premios internacionales buscan honrar la vida y obra de un arquitecto, reconocer la innovaci\u00f3n en la construcci\u00f3n, la sostenibilidad, la calificaci\u00f3n del h\u00e1bitat o el uso apropiado de un material, este premio imprime una perspectiva m\u00e1s amplia y \u00fanica. Acorde al objeto del Instituto Distrital de Patrimonio Cultural de investigar, promover y apropiar la ciudad como patrimonio de todos, el Premio Latinoamericano de Arquitectura Rogelio Salmona: espacios abiertos \/ espacios colectivos se encuadra en el objetivo de construir ciudad, amparado en la obra y los principios que alentaron a Salmona a enaltecer con peculiar singularidad el espacio com\u00fan, y as\u00ed elevar la calidad de vida de los ciudadanos.<\/p>\n<p>La Fundaci\u00f3n, sus aliados y patrocinadores, ofrecen a trav\u00e9s del Premio a gobernantes, entidades p\u00fablicas, comunidades y arquitectos, la posibilidad de reconocer y valorar las mejores pr\u00e1cticas donde se destaca la importancia del espacio com\u00fan o espacio colectivo en el \u00e1mbito de Am\u00e9rica Latina y el Caribe. \u00a0Este libro recoge por tanto los lineamientos conceptuales del Premio y ofrece una mirada a los proyectos participantes y destacados, as\u00ed como al ganador de esta primera versi\u00f3n latinoamericana.<\/p>\n<p><strong>A\u00f1o:<\/strong> 2015<br \/>\n<strong>Autor: <\/strong>Fundaci\u00f3n Rogelio Salmona- Instituto Distrital de Patrimonio Cultural<\/p>\n","protected":false},"featured_media":353,"comment_status":"open","ping_status":"closed","template":"","meta":{"_acf_changed":false},"product_brand":[],"product_cat":[103],"product_tag":[76],"class_list":{"0":"post-28","1":"product","2":"type-product","3":"status-publish","4":"has-post-thumbnail","6":"product_cat-proyecciones_y_apuestas","7":"product_tag-76","9":"first","10":"instock","11":"shipping-taxable","12":"purchasable","13":"product-type-simple"},"acf":[],"_links":{"self":[{"href":"https:\/\/idpc.gov.co\/publicaciones\/wp-json\/wp\/v2\/product\/28","targetHints":{"allow":["GET"]}}],"collection":[{"href":"https:\/\/idpc.gov.co\/publicaciones\/wp-json\/wp\/v2\/product"}],"about":[{"href":"https:\/\/idpc.gov.co\/publicaciones\/wp-json\/wp\/v2\/types\/product"}],"replies":[{"embeddable":true,"href":"https:\/\/idpc.gov.co\/publicaciones\/wp-json\/wp\/v2\/comments?post=28"}],"wp:featuredmedia":[{"embeddable":true,"href":"https:\/\/idpc.gov.co\/publicaciones\/wp-json\/wp\/v2\/media\/353"}],"wp:attachment":[{"href":"https:\/\/idpc.gov.co\/publicaciones\/wp-json\/wp\/v2\/media?parent=28"}],"wp:term":[{"taxonomy":"product_brand","embeddable":true,"href":"https:\/\/idpc.gov.co\/publicaciones\/wp-json\/wp\/v2\/product_brand?post=28"},{"taxonomy":"product_cat","embeddable":true,"href":"https:\/\/idpc.gov.co\/publicaciones\/wp-json\/wp\/v2\/product_cat?post=28"},{"taxonomy":"product_tag","embeddable":true,"href":"https:\/\/idpc.gov.co\/publicaciones\/wp-json\/wp\/v2\/product_tag?post=28"}],"curies":[{"name":"wp","href":"https:\/\/api.w.org\/{rel}","templated":true}]}}