{"id":25,"date":"2018-03-03T17:35:16","date_gmt":"2018-03-03T22:35:16","guid":{"rendered":"http:\/\/themes.laborator.co\/aurum\/bookshop\/?product=colorless-tsukuru-tazaki"},"modified":"2024-04-30T22:26:00","modified_gmt":"2024-05-01T03:26:00","slug":"colorless-tsukuru-tazaki","status":"publish","type":"product","link":"https:\/\/idpc.gov.co\/publicaciones\/producto\/colorless-tsukuru-tazaki\/","title":{"rendered":"Cuba: las centralidades urbanas son los lugares de la memoria"},"content":{"rendered":"<div style=\"position: relative; padding-top: max(60%,326px); height: 0; width: 100%;\"><iframe style=\"position: absolute; border: none; width: 100%; height: 100%; left: 0; right: 0; top: 0; bottom: 0;\" src=\"https:\/\/e.issuu.com\/embed.html?d=internas_cetralidades_cuba__colombi&amp;u=patrimoniobogota\" sandbox=\"allow-top-navigation allow-top-navigation-by-user-activation allow-downloads allow-scripts allow-same-origin allow-popups allow-modals allow-popups-to-escape-sandbox\" allowfullscreen=\"allowfullscreen\"><\/iframe><\/div>\n","protected":false},"excerpt":{"rendered":"<p>La colecci\u00f3n Centralidades de la Organizaci\u00f3n Latinoamericana y del Caribe de Centros Hist\u00f3ricos (OLACCHI), se pone a disposici\u00f3n de los lectores a trav\u00e9s del trabajo editorial adelantado por el Instituto Distrital de Patrimonio Cultural, \u00a0para aportar profundas descripciones\u00a0a la literatura urbana, no solo del entorno urbano hist\u00f3rico y reciente\u00a0sino de la hondura psicol\u00f3gica de quienes lo habitan. Esta colecci\u00f3n\u00a0presenta para el debate, lecturas de reconocidos acad\u00e9micos y\u00a0acad\u00e9micas provenientes de diversos pa\u00edses de Latinoam\u00e9rica, quienes\u00a0reunidos en torno a un pa\u00eds, muestran de varias formas esos \u201ccentros\u201d\u00a0de los que habla cada uno de los libros.<\/p>\n<p><strong>Autores:<\/strong> Varios<br \/>\n<strong>A\u00f1o:<\/strong> 2015<\/p>\n<p><a href=\"https:\/\/libreriasiglo.com\/selloeditorial\/ipc-instituto-distrital-de-patrimonio-cultural.html\"><img decoding=\"async\" class=\"alignleft wp-image-11899 size-full\" src=\"https:\/\/idpc.gov.co\/publicaciones\/wp-content\/uploads\/2020\/12\/comprar.png\" alt=\"Comprar\" width=\"158\" height=\"49\" \/><\/a><\/p>\n","protected":false},"featured_media":690,"comment_status":"open","ping_status":"closed","template":"","meta":{"_acf_changed":false},"product_brand":[],"product_cat":[101],"product_tag":[],"class_list":{"0":"post-25","1":"product","2":"type-product","3":"status-publish","4":"has-post-thumbnail","6":"product_cat-lugares_y_tiempos","8":"first","9":"instock","10":"virtual","11":"purchasable","12":"product-type-simple"},"acf":[],"_links":{"self":[{"href":"https:\/\/idpc.gov.co\/publicaciones\/wp-json\/wp\/v2\/product\/25","targetHints":{"allow":["GET"]}}],"collection":[{"href":"https:\/\/idpc.gov.co\/publicaciones\/wp-json\/wp\/v2\/product"}],"about":[{"href":"https:\/\/idpc.gov.co\/publicaciones\/wp-json\/wp\/v2\/types\/product"}],"replies":[{"embeddable":true,"href":"https:\/\/idpc.gov.co\/publicaciones\/wp-json\/wp\/v2\/comments?post=25"}],"wp:featuredmedia":[{"embeddable":true,"href":"https:\/\/idpc.gov.co\/publicaciones\/wp-json\/wp\/v2\/media\/690"}],"wp:attachment":[{"href":"https:\/\/idpc.gov.co\/publicaciones\/wp-json\/wp\/v2\/media?parent=25"}],"wp:term":[{"taxonomy":"product_brand","embeddable":true,"href":"https:\/\/idpc.gov.co\/publicaciones\/wp-json\/wp\/v2\/product_brand?post=25"},{"taxonomy":"product_cat","embeddable":true,"href":"https:\/\/idpc.gov.co\/publicaciones\/wp-json\/wp\/v2\/product_cat?post=25"},{"taxonomy":"product_tag","embeddable":true,"href":"https:\/\/idpc.gov.co\/publicaciones\/wp-json\/wp\/v2\/product_tag?post=25"}],"curies":[{"name":"wp","href":"https:\/\/api.w.org\/{rel}","templated":true}]}}