{"id":15980,"date":"2021-03-26T10:48:32","date_gmt":"2021-03-26T15:48:32","guid":{"rendered":"https:\/\/idpc.gov.co\/publicaciones\/?post_type=product&#038;p=15980"},"modified":"2024-04-30T22:31:54","modified_gmt":"2024-05-01T03:31:54","slug":"bogotalogo-3","status":"publish","type":"product","link":"https:\/\/idpc.gov.co\/publicaciones\/producto\/bogotalogo-3\/","title":{"rendered":"Bogot\u00e1logo 3.0. Usos, desusos y abusos del espa\u00f1ol hablado en Bogot\u00e1"},"content":{"rendered":"<p><iframe style=\"border: none; width: 100%; height: 326px;\" src=\"\/\/e.issuu.com\/embed.html?d=bogota_logo2020_web_2021_ora&amp;u=patrimoniobogota\" allowfullscreen=\"allowfullscreen\"><\/iframe><\/p>\n","protected":false},"excerpt":{"rendered":"<p>Bogot\u00e1logo. 3.0. Usos, desusos y abusos del espa\u00f1ol hablado en Bogot\u00e1 es una reedici\u00f3n al t\u00edtulo publicado por vez primera en 2012 y que recopila el lenguaje que de forma cotidiana y por parte de voces diversas, utilizamos quienes vivimos en la capital.<\/p>\n<p>La premisa que orienta este Bogot\u00e1logo 3.0 es que si bien el lenguaje nos vincula, conecta y nos hace sentir pertenecientes a un lugar, asimismo, las palabras y sus usos, en tanto herramientas de diferenciaci\u00f3n, pueden propiciar la naturalizaci\u00f3n del clasismo, el arribismo, el sexismo y la segregaci\u00f3n. De tal suerte, en vez de esquivar esta realidad, el libro la aborda y la representa a trav\u00e9s de la inclusi\u00f3n de palabras que hacen parte del hablar de poblaciones heterog\u00e9neas y de m\u00faltiples actores sociales cuyos lenguajes revelan que el espa\u00f1ol hablado en Bogot\u00e1 es una construcci\u00f3n permeada por los contextos sociales, pol\u00edticos y econ\u00f3micos, y marcada, a su vez, con tintes de desfachatez, sentido del humor e incluso matices po\u00e9ticos.<\/p>\n<p>Esta edici\u00f3n revisada, redise\u00f1ada y aumentada en vocabulario y en im\u00e1genes provenientes de la colecci\u00f3n de fotograf\u00edas del Museo de Bogot\u00e1 y del programa \u00c1lbum Familiar incluye, adem\u00e1s, instrucciones de juegos y un juego de 22 cartas al que llamamos \u201cBogor\u00e1culo\u201d para interactuar de forma l\u00fadica con las palabras. Con ello, esperamos que el Bogot\u00e1logo 3.0 sea una experiencia, pero especialmente una oportunidad para entablar nuevos di\u00e1logos que nos permitan reconocernos y comprender los mundos que de forma diversa construimos cotidianamente desde el lenguaje como patrimonio vivo en nuestra ciudad.<\/p>\n<p><strong>Autor<\/strong>: Andr\u00e9s Ospina<br \/>\n<strong>A\u00f1o<\/strong>: 2021<\/p>\n<p><a href=\"https:\/\/libreriasiglo.com\/selloeditorial\/ipc-instituto-distrital-de-patrimonio-cultural.html\"><img decoding=\"async\" class=\"alignleft wp-image-11899 size-full\" src=\"https:\/\/idpc.gov.co\/publicaciones\/wp-content\/uploads\/2020\/12\/comprar.png\" alt=\"Comprar\" width=\"158\" height=\"49\" \/><\/a><\/p>\n","protected":false},"featured_media":15985,"comment_status":"open","ping_status":"closed","template":"","meta":{"_acf_changed":false},"product_brand":[],"product_cat":[104],"product_tag":[],"class_list":{"0":"post-15980","1":"product","2":"type-product","3":"status-publish","4":"has-post-thumbnail","6":"product_cat-expresiones_y_agencias","8":"first","9":"instock","10":"shipping-taxable","11":"purchasable","12":"product-type-simple"},"acf":[],"_links":{"self":[{"href":"https:\/\/idpc.gov.co\/publicaciones\/wp-json\/wp\/v2\/product\/15980","targetHints":{"allow":["GET"]}}],"collection":[{"href":"https:\/\/idpc.gov.co\/publicaciones\/wp-json\/wp\/v2\/product"}],"about":[{"href":"https:\/\/idpc.gov.co\/publicaciones\/wp-json\/wp\/v2\/types\/product"}],"replies":[{"embeddable":true,"href":"https:\/\/idpc.gov.co\/publicaciones\/wp-json\/wp\/v2\/comments?post=15980"}],"wp:featuredmedia":[{"embeddable":true,"href":"https:\/\/idpc.gov.co\/publicaciones\/wp-json\/wp\/v2\/media\/15985"}],"wp:attachment":[{"href":"https:\/\/idpc.gov.co\/publicaciones\/wp-json\/wp\/v2\/media?parent=15980"}],"wp:term":[{"taxonomy":"product_brand","embeddable":true,"href":"https:\/\/idpc.gov.co\/publicaciones\/wp-json\/wp\/v2\/product_brand?post=15980"},{"taxonomy":"product_cat","embeddable":true,"href":"https:\/\/idpc.gov.co\/publicaciones\/wp-json\/wp\/v2\/product_cat?post=15980"},{"taxonomy":"product_tag","embeddable":true,"href":"https:\/\/idpc.gov.co\/publicaciones\/wp-json\/wp\/v2\/product_tag?post=15980"}],"curies":[{"name":"wp","href":"https:\/\/api.w.org\/{rel}","templated":true}]}}