{"id":1522,"date":"2018-04-14T10:10:46","date_gmt":"2018-04-14T15:10:46","guid":{"rendered":"https:\/\/idpc.gov.co\/publicaciones\/?post_type=product&#038;p=1522"},"modified":"2024-04-30T22:17:57","modified_gmt":"2024-05-01T03:17:57","slug":"gaston-lelarge-version-2","status":"publish","type":"product","link":"https:\/\/idpc.gov.co\/publicaciones\/producto\/gaston-lelarge-version-2\/","title":{"rendered":"Gaston Lelarge. Itinerario de su obra en Colombia"},"content":{"rendered":"","protected":false},"excerpt":{"rendered":"<p>En marzo de 2005, el Archivo de Bogot\u00e1 de la Secretar\u00eda General de la Alcald\u00eda Mayor de Bogot\u00e1, D.C., recibi\u00f3 en comodato de uso, algunos planos y documentos personales pertenecientes a Gaston Lelarge. Se trat\u00f3 de la primera iniciativa de personas naturales por ofrecer a la ciudad la consulta de archivos privados.\u00a0 Este comodato permiti\u00f3 crear la primera serie documental de Fondo de ingenieros y arquitectos y ampli\u00f3 la posibilidad de albergar nuevas fuentes de investigaci\u00f3n sobre la ciudad.<br \/>\nPor iniciativa de la familia Lelarge, en cabeza de Rafael, nieto del arquitecto franc\u00e9s, se recuper\u00f3 y se dio al servicio de consulta un acervo documental de gran importancia para la reconstrucci\u00f3n arquitect\u00f3nica e hist\u00f3rica de Bogot\u00e1. La publicaci\u00f3n de este libro, por tanto, no hubiera sido posible sin la colaboraci\u00f3n de la familia, pues con la informaci\u00f3n suministrada y la investigaci\u00f3n de fuentes primarias, se logr\u00f3 consolidar la semblanza de este artista, arquitecto, caricaturista pol\u00edtico, pintor y cient\u00edfico de gran relevancia para el pa\u00eds a inicios del siglo XX.<\/p>\n<p><strong>Autores:<\/strong> Alberto Escovar Wilson-White, Hugo Delgadillo, Marcela Cu\u00e9llar-Corporaci\u00f3n La Candelaria<br \/>\n<strong>A\u00f1o:<\/strong>\u00a02006<\/p>\n","protected":false},"featured_media":407,"comment_status":"open","ping_status":"closed","template":"","meta":{"_acf_changed":false},"product_brand":[],"product_cat":[91],"product_tag":[],"class_list":{"0":"post-1522","1":"product","2":"type-product","3":"status-publish","4":"has-post-thumbnail","6":"product_cat-nombres_propios","8":"first","9":"instock","10":"shipping-taxable","11":"purchasable","12":"product-type-simple"},"acf":[],"_links":{"self":[{"href":"https:\/\/idpc.gov.co\/publicaciones\/wp-json\/wp\/v2\/product\/1522","targetHints":{"allow":["GET"]}}],"collection":[{"href":"https:\/\/idpc.gov.co\/publicaciones\/wp-json\/wp\/v2\/product"}],"about":[{"href":"https:\/\/idpc.gov.co\/publicaciones\/wp-json\/wp\/v2\/types\/product"}],"replies":[{"embeddable":true,"href":"https:\/\/idpc.gov.co\/publicaciones\/wp-json\/wp\/v2\/comments?post=1522"}],"wp:featuredmedia":[{"embeddable":true,"href":"https:\/\/idpc.gov.co\/publicaciones\/wp-json\/wp\/v2\/media\/407"}],"wp:attachment":[{"href":"https:\/\/idpc.gov.co\/publicaciones\/wp-json\/wp\/v2\/media?parent=1522"}],"wp:term":[{"taxonomy":"product_brand","embeddable":true,"href":"https:\/\/idpc.gov.co\/publicaciones\/wp-json\/wp\/v2\/product_brand?post=1522"},{"taxonomy":"product_cat","embeddable":true,"href":"https:\/\/idpc.gov.co\/publicaciones\/wp-json\/wp\/v2\/product_cat?post=1522"},{"taxonomy":"product_tag","embeddable":true,"href":"https:\/\/idpc.gov.co\/publicaciones\/wp-json\/wp\/v2\/product_tag?post=1522"}],"curies":[{"name":"wp","href":"https:\/\/api.w.org\/{rel}","templated":true}]}}