{"id":1409,"date":"2018-04-11T18:24:28","date_gmt":"2018-04-11T23:24:28","guid":{"rendered":"https:\/\/idpc.gov.co\/publicaciones\/?post_type=product&#038;p=1409"},"modified":"2024-04-30T22:39:33","modified_gmt":"2024-05-01T03:39:33","slug":"karl-brunner-y-el-urbanismo-en-america-latina","status":"publish","type":"product","link":"https:\/\/idpc.gov.co\/publicaciones\/producto\/karl-brunner-y-el-urbanismo-en-america-latina\/","title":{"rendered":"Karl Brunner y el Urbanismo en Am\u00e9rica Latina"},"content":{"rendered":"","protected":false},"excerpt":{"rendered":"<p>Esta publicaci\u00f3n se basa en la tesis doctoral del arquitecto austriaco Andreas Hofer, quien document\u00f3 los trabajos de Brunner en nuestro pa\u00eds y le sigui\u00f3 el rastro en Chile, Colombia, Panam\u00e1 y Austria.\u00a0\u00a0 A trav\u00e9s de esta b\u00fasqueda, el autor relata adem\u00e1s, una historia del urbanismo, desde el siglo XVI en Suram\u00e9rica, a partir de las influencias europeas, para as\u00ed situar a Brunner desde una perspectiva hist\u00f3rica y continental.<\/p>\n<p><strong>Autor:<\/strong> Andreas Hofer<br \/>\n<strong>A\u00f1o:<\/strong>\u00a0 2003<\/p>\n","protected":false},"featured_media":13572,"comment_status":"open","ping_status":"closed","template":"","meta":{"_acf_changed":false},"product_brand":[],"product_cat":[91],"product_tag":[],"class_list":{"0":"post-1409","1":"product","2":"type-product","3":"status-publish","4":"has-post-thumbnail","6":"product_cat-nombres_propios","8":"first","9":"instock","10":"shipping-taxable","11":"product-type-simple"},"acf":[],"_links":{"self":[{"href":"https:\/\/idpc.gov.co\/publicaciones\/wp-json\/wp\/v2\/product\/1409","targetHints":{"allow":["GET"]}}],"collection":[{"href":"https:\/\/idpc.gov.co\/publicaciones\/wp-json\/wp\/v2\/product"}],"about":[{"href":"https:\/\/idpc.gov.co\/publicaciones\/wp-json\/wp\/v2\/types\/product"}],"replies":[{"embeddable":true,"href":"https:\/\/idpc.gov.co\/publicaciones\/wp-json\/wp\/v2\/comments?post=1409"}],"wp:featuredmedia":[{"embeddable":true,"href":"https:\/\/idpc.gov.co\/publicaciones\/wp-json\/wp\/v2\/media\/13572"}],"wp:attachment":[{"href":"https:\/\/idpc.gov.co\/publicaciones\/wp-json\/wp\/v2\/media?parent=1409"}],"wp:term":[{"taxonomy":"product_brand","embeddable":true,"href":"https:\/\/idpc.gov.co\/publicaciones\/wp-json\/wp\/v2\/product_brand?post=1409"},{"taxonomy":"product_cat","embeddable":true,"href":"https:\/\/idpc.gov.co\/publicaciones\/wp-json\/wp\/v2\/product_cat?post=1409"},{"taxonomy":"product_tag","embeddable":true,"href":"https:\/\/idpc.gov.co\/publicaciones\/wp-json\/wp\/v2\/product_tag?post=1409"}],"curies":[{"name":"wp","href":"https:\/\/api.w.org\/{rel}","templated":true}]}}